{"id":1057,"date":"2013-12-04T08:38:11","date_gmt":"2013-12-04T07:38:11","guid":{"rendered":"http:\/\/www.nachhaltiger-einkauf.de\/wordpress\/?page_id=1057"},"modified":"2021-02-24T23:48:21","modified_gmt":"2021-02-24T22:48:21","slug":"naturkosmetik","status":"publish","type":"page","link":"https:\/\/www.nachhaltiger-einkauf.de\/wordpress\/einkauf\/naturkosmetik","title":{"rendered":"Naturkosmetik"},"content":{"rendered":"<p style=\"text-align: justify;\"><span style=\"font-family: verdana, geneva; font-size: 14px;\">Nachhaltig hergestellte Kosmetik wird als Organic Beauty bezeichnet.<\/span><br \/>\n<span style=\"font-family: verdana, geneva; font-size: 14px;\">Es gibt aber noch keine einheitlichen und l\u00e4nder\u00fcbergreifenden Definitionen \u00fcber biologische beziehungsweise nat\u00fcrliche Kosmetik. Der Begriff &#8220;Organic Beauty&#8221; ist zwar auch nicht gesch\u00fctzt, bedeutet aber so viel wie &#8220;biologisch&#8221; und ist mehr als nur Naturkosmetik. Bei organischen Produkten stammen mindestens 95 Prozent aller Stoffe aus biologischem Anbau.<\/span><br \/>\n<span style=\"font-family: verdana, geneva; font-size: 14px;\">Nachhaltige Kosmetik ist ein ganzheitliches Konzept, das im Einklang mit der Natur gewonnene Bio-Inhaltsstoffe, den Verzicht auf Tierversuche sowie faire Arbeitsbedingungen beinhaltet.<\/span><\/p>\n<p style=\"text-align: justify;\"><span style=\"font-family: verdana, geneva; font-size: 14px;\">Oft ist es auch nicht so leicht, sich in dem vielf\u00e4ltigen Kosmetikangebot zurechtzufinden. Nicht immer steckt hinter den Bezeichnungen &#8220;auf nat\u00fcrlicher Basis&#8221; oder &#8220;aus \u00fcberwiegend pflanzlichen Wirkstoffen&#8221; usw. auch echte Naturkosmetik. Mittlerweile&nbsp;<\/span>gibt einige G\u00fctesiegel, an die man sich halten kann.<\/p>\n<hr>\n<p style=\"text-align: justify;\"><span style=\"font-size: 12pt; font-family: helvetica, arial, sans-serif;\"><strong>Pr\u00fcfsiegel f\u00fcr Naturkosmetik:<\/strong><\/span><\/p>\n<p><img loading=\"lazy\" class=\" wp-image-4521 alignnone\" src=\"http:\/\/www.nachhaltiger-einkauf.de\/wordpress\/wp-content\/uploads\/2013\/12\/BDIH1.png\" alt=\"BDIH\" data-id=\"4521\" width=\"101\" height=\"101\" srcset=\"https:\/\/www.nachhaltiger-einkauf.de\/wordpress\/wp-content\/uploads\/2013\/12\/BDIH1.png 122w, https:\/\/www.nachhaltiger-einkauf.de\/wordpress\/wp-content\/uploads\/2013\/12\/BDIH1-120x120.png 120w\" sizes=\"(max-width: 101px) 100vw, 101px\" \/><br \/>\n<strong>BDIH<\/strong><br \/>\nBestimmte pflanzliche Rohstoffe m\u00fcssen aus kontrolliertem \u00f6kologischen Anbau bzw. biologischer Wildsammlung kommen. Um als Biokosmetik zu gelten m\u00fcssen mind. 95 % der Rohstoffe &#8220;bio&#8221; sein.<\/p>\n<p>&nbsp;<\/p>\n<p><span style=\"color: #000000;\"><img loading=\"lazy\" class=\"alignnone wp-image-4522\" src=\"http:\/\/www.nachhaltiger-einkauf.de\/wordpress\/wp-content\/uploads\/2013\/12\/Cosmos.png\" alt=\"Cosmos\" data-id=\"4522\" width=\"177\" height=\"82\"><\/span><br \/>\n<strong>Cosmos Natural<\/strong><br \/>\nDas Cosmos-Logo stellt eine zus\u00e4tzliche Kennzeichnung anderer Pr\u00fcfsiegel (z.B. BDIH oder Ecocert) dar. Dabei m\u00fcssen 95% der Rohstoffe pflanzlichen oder tierischen Ursprungs aus biologischem Anbau stammen.<\/p>\n<p>&nbsp;<\/p>\n<p><a href=\"http:\/\/www.nachhaltiger-einkauf.de\/wordpress\/wp-content\/uploads\/2013\/12\/Demeter.png\"><img loading=\"lazy\" class=\"alignnone wp-image-4523\" src=\"http:\/\/www.nachhaltiger-einkauf.de\/wordpress\/wp-content\/uploads\/2013\/12\/Demeter-300x138.png\" alt=\"Demeter\" data-id=\"4523\" width=\"187\" height=\"85\" srcset=\"https:\/\/www.nachhaltiger-einkauf.de\/wordpress\/wp-content\/uploads\/2013\/12\/Demeter-300x138.png 300w, https:\/\/www.nachhaltiger-einkauf.de\/wordpress\/wp-content\/uploads\/2013\/12\/Demeter-500x230.png 500w, https:\/\/www.nachhaltiger-einkauf.de\/wordpress\/wp-content\/uploads\/2013\/12\/Demeter.png 827w\" sizes=\"(max-width: 187px) 100vw, 187px\" \/><\/a><br \/>\n<strong>Demeter<\/strong><br \/>\nDie Vorgaben gelten f\u00fcr Pflegeprodukte und Seifen und bestimmen u.a., dass in den Produkten keine Nanopartikel erlaubt sind.<\/p>\n<p>&nbsp;<\/p>\n<p><img loading=\"lazy\" class=\"alignnone wp-image-4524\" src=\"http:\/\/www.nachhaltiger-einkauf.de\/wordpress\/wp-content\/uploads\/2013\/12\/Ecocert.jpg\" alt=\"Ecocert\" data-id=\"4524\" width=\"149\" height=\"114\"><br \/>\n<strong>Ecocert<\/strong><br \/>\nEs wird zwischen Naturkosmetik und Biokosmetik (h\u00f6herer Anteil an Bio-Rohstoffen). Au\u00dferdem ist f\u00fcr die Produkte eine umweltfreundliche Verpackung vorgeschrieben.<\/p>\n<p>&nbsp;<\/p>\n<p><a href=\"http:\/\/www.nachhaltiger-einkauf.de\/wordpress\/wp-content\/uploads\/2013\/12\/Natrue.png\"><img loading=\"lazy\" class=\"alignnone wp-image-4525\" src=\"http:\/\/www.nachhaltiger-einkauf.de\/wordpress\/wp-content\/uploads\/2013\/12\/Natrue.png\" alt=\"Natrue\" data-id=\"4525\" width=\"117\" height=\"117\" srcset=\"https:\/\/www.nachhaltiger-einkauf.de\/wordpress\/wp-content\/uploads\/2013\/12\/Natrue.png 122w, https:\/\/www.nachhaltiger-einkauf.de\/wordpress\/wp-content\/uploads\/2013\/12\/Natrue-120x120.png 120w\" sizes=\"(max-width: 117px) 100vw, 117px\" \/><\/a><br \/>\n<strong>NaTrue<\/strong><br \/>\n&#8220;NaTrue&#8221; ist ein Label f\u00fcr Naturkosmetik, Naturkosmetik mit Bio-Anteil und Biokosmetik. Die unterschiedlichen Arten lassen sich anhand ein, zwei bzw. drei zus\u00e4tzlichen Sternen auf dem Logo unterscheiden.<\/p>\n<p>&nbsp;<\/p>\n<p style=\"text-align: justify;\">Weitere Siegel f\u00fcr BIO-Lebensmittel finden Sie hier: <a href=\"http:\/\/www.nachhaltiger-einkauf.de\/wordpress\/siegel\">Siegel<\/a><\/p>\n<p style=\"text-align: justify;\"><span style=\"font-size: 10pt;\">(Die aufgelisteten Pr\u00fcfsiegel stellen nur eine Auswahl dar.)<\/span><\/p>\n<hr>\n<p style=\"text-align: justify;\"><span style=\"font-size: 12pt; font-family: helvetica, arial, sans-serif;\"><strong>Zus\u00e4tzliche Kennzeichnungen:<\/strong><\/span><\/p>\n<p>&nbsp;<\/p>\n<p style=\"text-align: justify;\"><a href=\"http:\/\/www.nachhaltiger-einkauf.de\/wordpress\/wp-content\/uploads\/2013\/12\/CSE.png\"><img loading=\"lazy\" class=\" wp-image-4505 alignnone\" src=\"http:\/\/www.nachhaltiger-einkauf.de\/wordpress\/wp-content\/uploads\/2013\/12\/CSE.png\" alt=\"CSE\" data-id=\"4505\" width=\"125\" height=\"117\" srcset=\"https:\/\/www.nachhaltiger-einkauf.de\/wordpress\/wp-content\/uploads\/2013\/12\/CSE.png 121w, https:\/\/www.nachhaltiger-einkauf.de\/wordpress\/wp-content\/uploads\/2013\/12\/CSE-120x113.png 120w\" sizes=\"(max-width: 125px) 100vw, 125px\" \/><\/a><\/p>\n<p style=\"text-align: justify;\"><strong>CSE<\/strong><br \/>\nDas komplette Unternehmen wird auf Nachhaltigkeit gepr\u00fcft und die Produkte werden nachhaltig produziert.<\/p>\n<p style=\"text-align: justify;\"><img loading=\"lazy\" class=\" wp-image-4506 alignnone\" src=\"http:\/\/www.nachhaltiger-einkauf.de\/wordpress\/wp-content\/uploads\/2013\/12\/Fairtrade.png\" alt=\"Fairtrade\" data-id=\"4506\" width=\"107\" height=\"126\"><\/p>\n<p style=\"text-align: justify;\"><strong>Fairtrade<\/strong><br \/>\nDas Fairtrade-Logo garantiert faire und sozial gerechte Handelsbeziehungen ohne illegale Kinderarbeit.<\/p>\n<p style=\"text-align: justify;\"><img loading=\"lazy\" class=\" wp-image-4507 alignnone\" src=\"http:\/\/www.nachhaltiger-einkauf.de\/wordpress\/wp-content\/uploads\/2013\/12\/IHTK.jpg\" alt=\"IHTK\" data-id=\"4507\" width=\"129\" height=\"96\"><\/p>\n<p style=\"text-align: justify;\"><strong>IHTK<\/strong><br \/>\nProdukte, die mit dem IHTK-Logo versehen sind, werden vollkommen ohne Tierversuche entwickelt und produziert.<\/p>\n<p style=\"text-align: justify;\"><img loading=\"lazy\" class=\" wp-image-4508 alignnone\" src=\"http:\/\/www.nachhaltiger-einkauf.de\/wordpress\/wp-content\/uploads\/2013\/12\/Veganblume.png\" alt=\"Veganblume\" data-id=\"4508\" width=\"123\" height=\"123\"><\/p>\n<p style=\"text-align: justify;\"><strong>Veganblume<\/strong><br \/>\nDie Produkte enthalten keine tierischen Inhalte und es werden daf\u00fcr keine Tierversuche durchgef\u00fchrt.<\/p>\n<p style=\"text-align: justify;\"><span style=\"font-size: 10pt;\">(Die aufgelisteten Kennzeichnungen stellen nur eine Auswahl dar.)<\/span><\/p>\n<hr>\n<p><span style=\"font-size: 18px;\"><strong><span style=\"font-size: 12pt;\">Anbieter von Naturkosmetik:<\/span><br \/>\n<\/strong><\/span><\/p>\n<p>&nbsp;<\/p>\n<p style=\"text-align: justify;\"><a href=\"http:\/\/www.dm.de\/de_homepage\/alverde_home\/\" target=\"_blank\" rel=\"noopener noreferrer\"><img loading=\"lazy\" class=\" wp-image-3488 alignnone\" src=\"http:\/\/www.nachhaltiger-einkauf.de\/wordpress\/wp-content\/uploads\/2013\/12\/logo-alverde-300x186.jpg\" alt=\"naturkosmetik, logo alverde\" data-id=\"3488\" width=\"164\" height=\"106\"><\/a><\/p>\n<p style=\"text-align: justify;\"><strong><br \/>\nAlverde<\/strong> bietet Kosmetik-Produkte an, bei denen keine synthetischen Duft-, Farb- und Konservierungsstoffe vorhanden sind und die frei von Inhaltsstoffen auf Mineral\u00f6lbasis sind. Die Produkte geh\u00f6ren zu den meistverkauften Naturkosmetik-Artikeln Deutschlands. F\u00fcr die Kosmetik von Alverde werden keine Tierversuche durchgef\u00fchrt. Viele Produkte sind mit dem NaTrue-Siegel gekennzeichnet.<\/p>\n<p style=\"text-align: justify;\"><a href=\"http:\/\/www.bioturm.de\/\" target=\"_blank\" rel=\"noopener noreferrer\"><img loading=\"lazy\" class=\"alignnone wp-image-1660\" src=\"http:\/\/www.nachhaltiger-einkauf.de\/wordpress\/wp-content\/uploads\/2014\/05\/bioturm-logo.jpg\" alt=\"bioturm-logo\" data-id=\"1660\" width=\"171\" height=\"171\" srcset=\"https:\/\/www.nachhaltiger-einkauf.de\/wordpress\/wp-content\/uploads\/2014\/05\/bioturm-logo.jpg 200w, https:\/\/www.nachhaltiger-einkauf.de\/wordpress\/wp-content\/uploads\/2014\/05\/bioturm-logo-150x150.jpg 150w\" sizes=\"(max-width: 171px) 100vw, 171px\" \/><\/a><\/p>\n<p style=\"text-align: justify;\"><strong><br \/>\nBioturm<\/strong> bietet Produkte an, bei den der Hauptinhaltsstoff Bio-Molke, ein lacto-intensiver Wirkkomplex mit biologischen Bestandteilen, ist. Besondere Anwendung finden die Produkte bei Menschen mit Hautproblemen (z.B. Neurodermitis oder trockene Haut). Produkte von Bioturm sind frei von Konservierungsmitteln, Farbstoffen, Paraffin\u00f6l und werden in Deutschland hergestellt. Fast alle Produkte sind nach BDIH zertifiziert.<\/p>\n<p style=\"text-align: justify;\"><strong><a href=\"http:\/\/www.farfalla.ch\/deatde\/?___from_store=deatde\" target=\"_blank\" rel=\"noopener noreferrer\"><img loading=\"lazy\" class=\" alignnone\" src=\"http:\/\/www.nachhaltiger-einkauf.de\/wordpress\/wp-content\/uploads\/2014\/05\/farfalla-logo-300x181.jpg\" alt=\"naturkosmetik, farfalla-logo\" width=\"162\" height=\"110\"><\/a><\/strong><\/p>\n<p style=\"text-align: justify;\"><strong><br \/>\nFarfalla<\/strong> stellt echte und zertifizierte Naturkosmetik mit hohem Bio-Anteil und nat\u00fcrlichen D\u00fcften her. Dabei spielen \u00e4therische \u00d6le die Hauptrolle als Duft- und Wirkstoff. Die Bestandteile der Produkte sind komplett frei von Gentechnologie und es werden keine Tierversuche durchgef\u00fchrt. Das Unternehmen ist au\u00dferdem nach dem CSE-Standard zertifiziert.<\/p>\n<p style=\"text-align: justify;\"><a href=\"https:\/\/www.dr.hauschka.com\/de_DE\/\" target=\"_blank\" rel=\"noopener noreferrer\"><img loading=\"lazy\" class=\"alignnone wp-image-2415\" src=\"http:\/\/www.nachhaltiger-einkauf.de\/wordpress\/wp-content\/uploads\/2014\/05\/dr-hauschka.jpg\" alt=\"dr hauschka\" data-id=\"2415\" width=\"191\" height=\"125\"><\/a><\/p>\n<p style=\"text-align: justify;\">&#8220;<em>Ein Unternehmen wie ein reicher Garten&#8221;, <\/em>so preist <strong>Dr. Hauschka<\/strong> seine Produkte an. Die Rohstoffe f\u00fcr die Kosmetik werden aus kontrolliert-biologischem Anbau sowie aus fairem Handel bezogen.&nbsp;Dr. Hauschka denkt und arbeitet in Stoffkreisl\u00e4ufen, so wird zum Beispiel Regenwasser zur Bew\u00e4sserung genutzt. Neben dekorativer Kosmetik werden auch Produkte f\u00fcr die Gesichts- und K\u00f6rperpflege angeboten, welche alle mit dem BDIH- und\/oder NaTrue-Logo versehen sind.<\/p>\n<p style=\"text-align: justify;\"><a href=\"http:\/\/www.lavera.de\/\" target=\"_blank\" rel=\"noopener noreferrer\"><img loading=\"lazy\" class=\" alignnone\" src=\"http:\/\/www.nachhaltiger-einkauf.de\/wordpress\/wp-content\/uploads\/2014\/05\/lavera-Logo-300x136.jpg\" alt=\"naturkosmetik, lavera-Logo\" width=\"175\" height=\"98\"><\/a><\/p>\n<p style=\"text-align: justify;\"><strong><br \/>\nLavera<\/strong> entwickelte den weltweit ersten UV-Schutz, der zu 100 % aus mineralischen Stoffen besteht, au\u00dferdem werden spezielle Produkte f\u00fcr Allergiker angeboten. Die Artikel der dekorativen Kosmetik tragen das internationale Zertifikat NaTrue, viele Produkte sind zudem vegan. Die Produktion erfolgt ausschlie\u00dflich mit \u00d6kostom. Regelm\u00e4\u00dfig bekommen Lavera-Produkte Bestnoten von \u00d6ko-Test.<\/p>\n<p style=\"text-align: justify;\"><strong><a href=\"http:\/\/www.logona.de\/\" target=\"_blank\" rel=\"noopener noreferrer\"><img loading=\"lazy\" class=\" alignnone\" src=\"http:\/\/www.nachhaltiger-einkauf.de\/wordpress\/wp-content\/uploads\/2014\/05\/logona-logo-300x125.jpg\" alt=\"naturkosmetik, logona-logo\" width=\"181\" height=\"120\"><\/a><\/strong><\/p>\n<p style=\"text-align: justify;\"><strong><br \/>\nLogona<\/strong> Produkte gibt es im Naturkostfachhandel und geh\u00f6rt zu LOGOCOS. Gemeinsam mit dem Deutschen Allergie- und Asthmabund (DAAB) hat Logona eine Serie f\u00fcr allergische Haut entwickelt. Logona bietet beispielsweise zu 100% nat\u00fcrliche Pflanzenhaarfarbe in Pulverform oder auch zu 100% nat\u00fcrliche Pflanzenhaarfarben in Cremeform an. Logona&nbsp;bietet mehr als 200 Produkte f\u00fcr Sie und Ihn, f\u00fcr Gro\u00df und Klein, f\u00fcr die t\u00e4gliche Pflege von Kopf bis Fu\u00df. Jedes einzelne Produkt ist nach BDIH zertifiziert, viele tragen zus\u00e4tzlich das NaTrue-Kennzeichen.<\/p>\n<p style=\"text-align: justify;\"><strong><a href=\"http:\/\/www.sante.de\/de\/\" target=\"_blank\" rel=\"noopener noreferrer\"><img loading=\"lazy\" class=\" alignnone\" src=\"http:\/\/www.nachhaltiger-einkauf.de\/wordpress\/wp-content\/uploads\/2014\/05\/sante-logo-300x300.jpg\" alt=\"naturkosmetik, sante-logo\" width=\"171\" height=\"171\"><\/a><\/strong><\/p>\n<p style=\"text-align: justify;\"><strong><br \/>\nSante<\/strong> ist eine der erfolgreichsten nat\u00fcrlichen dekorativen Kosmetikmarken, welche ebenfalls zum Unternehmen LOGOCOS geh\u00f6rt.&nbsp; Als offizieller Partner von diversen Events auf der Fashion Week Berlin konnten sich die Produkte der Naturkosmetikmarke neben den konventionellen Produkten gut behaupten. Sante Naturkosmetik hat sich auf die Bed\u00fcrfnisse von empfindlicher, zu Allergien neigender Haut spezialisiert und bietet auch eine spezielle Pflegeserie f\u00fcr M\u00e4nner an. F\u00fcr die Produkte, die fast alle \u00fcber eine BDIH- bzw. NaTrue-Logo verf\u00fcgen, werden ausschlie\u00dflich umweltfreundliche Verpackungen verwendet.<\/p>\n<p style=\"text-align: justify;\"><a href=\"http:\/\/www.weleda.de\/\" target=\"_blank\" rel=\"noopener noreferrer\"><img loading=\"lazy\" class=\" alignnone\" src=\"http:\/\/www.nachhaltiger-einkauf.de\/wordpress\/wp-content\/uploads\/2014\/05\/weleda-logo-300x248.jpg\" alt=\"naturkosmetik, weleda-logo\" width=\"174\" height=\"145\"><\/a><\/p>\n<p style=\"text-align: justify;\"><strong><br \/>\nWeleda<\/strong> bietet \u00fcber 90 Naturkosmetik-Produkte an, davon auch einige speziell f\u00fcr Babys geeignete. Dar\u00fcber hinaus legt das Unternehmen Wert auf fair trade, verwendet keine synthetischen Farb- und Duftstoffe und bekam vom \u00d6kotest mehr als 30 Mal das Urteil \u201csehr gut\u201d. Die produkte werden tierversuchsfrei hergestellt und sind nach NaTrue zertifiziert.<\/p>\n<p>&nbsp;<\/p>\n<p style=\"text-align: left;\">Quellen: GfaW Gesellschaft f\u00fcr angewandte Wirtschaftsethik, UBB &#8211; Umweltb\u00fcro Berlin Brandenburg e.V, Firmenhomepages, <a href=\"http:\/\/germanblogs.de\/top-10-das-sind-die-besten-naturkosmetik-linien\/\" target=\"_blank\" rel=\"noopener noreferrer\">http:\/\/germanblogs.de\/top-10-das-sind-die-besten-naturkosmetik-linien\/<\/a><\/p>\n<p style=\"text-align: justify;\"><span style=\"font-size: 10pt;\">(Die aufgelisteten Unternehmen stellen nur eine Auswahl dar.)<\/span><\/p>\n","protected":false},"excerpt":{"rendered":"<p>Nachhaltig hergestellte Kosmetik wird als Organic Beauty bezeichnet. Es gibt aber noch keine einheitlichen und l\u00e4nder\u00fcbergreifenden Definitionen \u00fcber biologische beziehungsweise nat\u00fcrliche Kosmetik. Der Begriff &#8220;Organic Beauty&#8221; ist zwar auch nicht gesch\u00fctzt, bedeutet aber so viel wie &#8220;biologisch&#8221; und ist mehr&hellip; <\/p>\n","protected":false},"author":1,"featured_media":0,"parent":1483,"menu_order":0,"comment_status":"open","ping_status":"closed","template":"","meta":[],"_links":{"self":[{"href":"https:\/\/www.nachhaltiger-einkauf.de\/wordpress\/wp-json\/wp\/v2\/pages\/1057"}],"collection":[{"href":"https:\/\/www.nachhaltiger-einkauf.de\/wordpress\/wp-json\/wp\/v2\/pages"}],"about":[{"href":"https:\/\/www.nachhaltiger-einkauf.de\/wordpress\/wp-json\/wp\/v2\/types\/page"}],"author":[{"embeddable":true,"href":"https:\/\/www.nachhaltiger-einkauf.de\/wordpress\/wp-json\/wp\/v2\/users\/1"}],"replies":[{"embeddable":true,"href":"https:\/\/www.nachhaltiger-einkauf.de\/wordpress\/wp-json\/wp\/v2\/comments?post=1057"}],"version-history":[{"count":99,"href":"https:\/\/www.nachhaltiger-einkauf.de\/wordpress\/wp-json\/wp\/v2\/pages\/1057\/revisions"}],"predecessor-version":[{"id":6643,"href":"https:\/\/www.nachhaltiger-einkauf.de\/wordpress\/wp-json\/wp\/v2\/pages\/1057\/revisions\/6643"}],"up":[{"embeddable":true,"href":"https:\/\/www.nachhaltiger-einkauf.de\/wordpress\/wp-json\/wp\/v2\/pages\/1483"}],"wp:attachment":[{"href":"https:\/\/www.nachhaltiger-einkauf.de\/wordpress\/wp-json\/wp\/v2\/media?parent=1057"}],"curies":[{"name":"wp","href":"https:\/\/api.w.org\/{rel}","templated":true}]}}