{"id":1077,"date":"2013-12-04T08:52:33","date_gmt":"2013-12-04T07:52:33","guid":{"rendered":"http:\/\/www.nachhaltiger-einkauf.de\/wordpress\/?page_id=1077"},"modified":"2021-02-24T21:07:10","modified_gmt":"2021-02-24T20:07:10","slug":"geschenkideen","status":"publish","type":"page","link":"https:\/\/www.nachhaltiger-einkauf.de\/wordpress\/geschenkideen","title":{"rendered":"Geschenkideen"},"content":{"rendered":"<p style=\"text-align: justify;\"><span style=\"font-family: verdana, geneva; font-size: 14px;\">Warum nicht Nachhaltigkeit verschenken? So k\u00f6nnen Sie Verwandte, Bekannte und Freunde mit nachhaltigen Produkten \u00fcberraschen.<\/span><\/p>\n<p style=\"text-align: justify;\"><span style=\"font-style: inherit; font-weight: inherit; font-family: verdana, geneva, sans-serif;\">Im kostenlosen E-Book finden Sie alles Wichtige rund ums Thema nachhaltig schenken und tolle Ideen f\u00fcr nachhaltige, selbstgemachte Geschenke. Viel Spa\u00df beim St\u00f6bern!<\/span><\/p>\n<blockquote><p>&#8220;Ein L\u00e4cheln&#8230;<\/p>\n<p>erfreut mindestens Zwei:<\/p>\n<p>Den Schenkenden und den, der es erh\u00e4lt.&#8221;<\/p>\n<p style=\"text-align: right;\">William James<\/p>\n<\/blockquote>\n<p><span style=\"font-family: verdana, geneva; font-size: 14px;\">Hier gehts zum kostenlosen E-Book Ratgeber:<\/span><\/p>\n<p>http:\/\/www.erlebnisgeschenke.de\/nachhaltig-schenken<\/p>\n","protected":false},"excerpt":{"rendered":"<p>Warum nicht Nachhaltigkeit verschenken? So k\u00f6nnen Sie Verwandte, Bekannte und Freunde mit nachhaltigen Produkten \u00fcberraschen. Im kostenlosen E-Book finden Sie alles Wichtige rund ums Thema nachhaltig schenken und tolle Ideen f\u00fcr nachhaltige, selbstgemachte Geschenke. Viel Spa\u00df beim St\u00f6bern! &#8220;Ein L\u00e4cheln&#8230;&hellip; <\/p>\n","protected":false},"author":1,"featured_media":0,"parent":0,"menu_order":0,"comment_status":"open","ping_status":"closed","template":"","meta":[],"_links":{"self":[{"href":"https:\/\/www.nachhaltiger-einkauf.de\/wordpress\/wp-json\/wp\/v2\/pages\/1077"}],"collection":[{"href":"https:\/\/www.nachhaltiger-einkauf.de\/wordpress\/wp-json\/wp\/v2\/pages"}],"about":[{"href":"https:\/\/www.nachhaltiger-einkauf.de\/wordpress\/wp-json\/wp\/v2\/types\/page"}],"author":[{"embeddable":true,"href":"https:\/\/www.nachhaltiger-einkauf.de\/wordpress\/wp-json\/wp\/v2\/users\/1"}],"replies":[{"embeddable":true,"href":"https:\/\/www.nachhaltiger-einkauf.de\/wordpress\/wp-json\/wp\/v2\/comments?post=1077"}],"version-history":[{"count":34,"href":"https:\/\/www.nachhaltiger-einkauf.de\/wordpress\/wp-json\/wp\/v2\/pages\/1077\/revisions"}],"predecessor-version":[{"id":5597,"href":"https:\/\/www.nachhaltiger-einkauf.de\/wordpress\/wp-json\/wp\/v2\/pages\/1077\/revisions\/5597"}],"wp:attachment":[{"href":"https:\/\/www.nachhaltiger-einkauf.de\/wordpress\/wp-json\/wp\/v2\/media?parent=1077"}],"curies":[{"name":"wp","href":"https:\/\/api.w.org\/{rel}","templated":true}]}}