{"id":1448,"date":"2014-05-16T13:14:29","date_gmt":"2014-05-16T11:14:29","guid":{"rendered":"http:\/\/www.nachhaltiger-einkauf.de\/wordpress\/?page_id=1448"},"modified":"2021-02-25T00:19:56","modified_gmt":"2021-02-24T23:19:56","slug":"nachhaltiges-bauen","status":"publish","type":"page","link":"https:\/\/www.nachhaltiger-einkauf.de\/wordpress\/nachhaltiges-bauen","title":{"rendered":"Nachhaltiges Bauen"},"content":{"rendered":"<p style=\"text-align: justify;\"><span style=\"font-family: verdana,geneva,sans-serif; font-size: 20px;\"><span style=\"font-size: 14pt;\"><em><strong>Definition<\/strong><\/em><\/span><br \/>\n<\/span><\/p>\n<p style=\"text-align: justify;\"><span style=\"font-family: verdana,geneva,sans-serif; font-size: 14px;\">Bei der Definition von nachhaltigem Bauen muss der <strong>Lebenszyklus des Geb\u00e4udes&nbsp;<\/strong>im Gesamten ber\u00fccksichtigt werden. Dieser beginnt mit der Planung und endet mit dem Abbruch des Geb\u00e4udes.<\/span><\/p>\n<p style=\"text-align: justify;\"><span style=\"font-family: verdana,geneva,sans-serif;\"><a href=\"http:\/\/www.nachhaltiger-einkauf.de\/wordpress\/wp-content\/uploads\/2014\/05\/Lebenszyklus-Geb\u00e4ude.jpg\" target=\"_blank\" rel=\"noopener noreferrer\"><img loading=\"lazy\" class=\"aligncenter wp-image-1459 size-medium\" src=\"http:\/\/www.nachhaltiger-einkauf.de\/wordpress\/wp-content\/uploads\/2014\/05\/Lebenszyklus-Geb\u00e4ude-300x258.jpg\" alt=\"bauen, Lebenszyklus eines Geb\u00e4udes\" width=\"300\" height=\"258\" srcset=\"https:\/\/www.nachhaltiger-einkauf.de\/wordpress\/wp-content\/uploads\/2014\/05\/Lebenszyklus-Geb\u00e4ude-300x258.jpg 300w, https:\/\/www.nachhaltiger-einkauf.de\/wordpress\/wp-content\/uploads\/2014\/05\/Lebenszyklus-Geb\u00e4ude.jpg 419w\" sizes=\"(max-width: 300px) 100vw, 300px\" \/><\/a><\/span><\/p>\n<p style=\"text-align: justify;\"><span style=\"font-family: verdana,geneva,sans-serif; font-size: 14px;\">Ein nachhaltig erbautes Geb\u00e4ude muss verschiedene <strong>Kriterien<\/strong> erf\u00fcllen:<\/span><\/p>\n<ul style=\"list-style-type: disc; text-align: justify;\">\n<li><span style=\"font-family: verdana,geneva,sans-serif; font-size: 14px;\">\u00f6kologische Kriterien<\/span><\/li>\n<li><span style=\"font-family: verdana,geneva,sans-serif; font-size: 14px;\">\u00f6konomische Kriterien<\/span><\/li>\n<li><span style=\"font-family: verdana,geneva,sans-serif; font-size: 14px;\">soziokulturelle Kriterien<\/span><\/li>\n<\/ul>\n<p style=\"text-align: justify;\"><span style=\"font-family: verdana,geneva,sans-serif; font-size: 14px;\">Bei der \u00f6kologischen Betrachtung steht die Wiederverwendbarkeit der Materialien im Vordergrund. Das \u00f6konomische Kriterium fordert, dass die Kosten f\u00fcr den Bau des Geb\u00e4udes gering gehalten werden muss. Beim soziokulturellen Kriterium wird der Umgang mit dem Bauboden ber\u00fccksichtigt.<\/span><\/p>\n<p style=\"text-align: justify;\"><span style=\"font-family: verdana,geneva,sans-serif; font-size: 14px;\">In der <strong>Planungsphase<\/strong> des nachhaltig gebauten Geb\u00e4udes ist auf einen sparsamen Umgang mit den Ressourcen zu achten. In dieser Phase werden zudem die Grundlagen gelegt, welche die Auswirkung auf die Umwelt beim Bau beeinflussen. Bereits dort ist sowohl auf einen sparsamen Umgang mit den Ressourcen als auch auf minimale Kosten zu achten. Auch die Standortwahl spielt eine wichtige Rolle im Planungsprozess. Zum einen muss der Fl\u00e4chenverbrauch ber\u00fccksichtigt werden und zum anderen sollten auch die Interessen der sp\u00e4teren Anlieger in die Planung einbezogen werden. <\/span><\/p>\n<p style=\"text-align: justify;\"><span style=\"font-family: verdana,geneva,sans-serif; font-size: 14px;\">Bei der Auswahl der Bauprodukte und Konstruktionen muss daran gedacht werden, dass Geb\u00e4ude auf eine lange <strong>Nutzungsphase<\/strong> ausgerichtet werden. Deshalb muss dabei auf die Langlebigkeit sowie auf die Kosten f\u00fcr den Geb\u00e4udebetrieb und die n\u00f6tigen Sanierungsma\u00dfnahmen geachtet werden. Durch die Bauprodukte kann zudem die Nutzungsfreundlichkeit und das Geb\u00e4udeklima beeinflusst werden. <\/span><\/p>\n<p style=\"text-align: justify;\"><span style=\"font-family: verdana,geneva,sans-serif; font-size: 14px;\">Auch der <strong>R\u00fcckbau des Geb\u00e4udes<\/strong> wird bereits in die Planungsphase einbezogen. Dabei ist vor allem die Wiederverwertbarkeit der Baustoffe zu beachten. Auch auf eine gefahrlose, simple und umweltfreundliche Demontage des Geb\u00e4udes ist bei der Planung zu achten.<\/span><\/p>\n<p style=\"text-align: justify;\"><span style=\"font-family: verdana,geneva,sans-serif;\"><span style=\"font-size: 14px;\">Quelle<\/span><span style=\"font-size: 14px;\"> Definition nachhaltiges Bauen:<br \/>\n<\/span><span style=\"font-size: 14px;\"><a href=\"http:\/\/www.baumarkt.de\/nxs\/9877\/\/\/baumarkt\/schablone1\/Nachhaltiges-Bauen-was-ist-das-eigentlich\" target=\"_blank\" rel=\"noopener noreferrer\">http:\/\/www.baumarkt.de\/nxs\/9877\/\/\/baumarkt\/schablone1\/Nachhaltiges-Bauen-was-ist-das-eigentlich<\/a>&nbsp;12.02.2015<\/span><\/span><\/p>\n","protected":false},"excerpt":{"rendered":"<p>Definition Bei der Definition von nachhaltigem Bauen muss der Lebenszyklus des Geb\u00e4udes&nbsp;im Gesamten ber\u00fccksichtigt werden. Dieser beginnt mit der Planung und endet mit dem Abbruch des Geb\u00e4udes. Ein nachhaltig erbautes Geb\u00e4ude muss verschiedene Kriterien erf\u00fcllen: \u00f6kologische Kriterien \u00f6konomische Kriterien soziokulturelle&hellip; <\/p>\n","protected":false},"author":1,"featured_media":0,"parent":0,"menu_order":0,"comment_status":"open","ping_status":"closed","template":"","meta":[],"_links":{"self":[{"href":"https:\/\/www.nachhaltiger-einkauf.de\/wordpress\/wp-json\/wp\/v2\/pages\/1448"}],"collection":[{"href":"https:\/\/www.nachhaltiger-einkauf.de\/wordpress\/wp-json\/wp\/v2\/pages"}],"about":[{"href":"https:\/\/www.nachhaltiger-einkauf.de\/wordpress\/wp-json\/wp\/v2\/types\/page"}],"author":[{"embeddable":true,"href":"https:\/\/www.nachhaltiger-einkauf.de\/wordpress\/wp-json\/wp\/v2\/users\/1"}],"replies":[{"embeddable":true,"href":"https:\/\/www.nachhaltiger-einkauf.de\/wordpress\/wp-json\/wp\/v2\/comments?post=1448"}],"version-history":[{"count":28,"href":"https:\/\/www.nachhaltiger-einkauf.de\/wordpress\/wp-json\/wp\/v2\/pages\/1448\/revisions"}],"predecessor-version":[{"id":6664,"href":"https:\/\/www.nachhaltiger-einkauf.de\/wordpress\/wp-json\/wp\/v2\/pages\/1448\/revisions\/6664"}],"wp:attachment":[{"href":"https:\/\/www.nachhaltiger-einkauf.de\/wordpress\/wp-json\/wp\/v2\/media?parent=1448"}],"curies":[{"name":"wp","href":"https:\/\/api.w.org\/{rel}","templated":true}]}}