{"id":1513,"date":"2014-05-20T11:54:26","date_gmt":"2014-05-20T09:54:26","guid":{"rendered":"http:\/\/www.nachhaltiger-einkauf.de\/wordpress\/?page_id=1513"},"modified":"2021-02-24T22:04:51","modified_gmt":"2021-02-24T21:04:51","slug":"apps","status":"publish","type":"page","link":"https:\/\/www.nachhaltiger-einkauf.de\/wordpress\/apps","title":{"rendered":"Apps"},"content":{"rendered":"<p style=\"text-align: justify;\"><span style=\"font-family: verdana,geneva,sans-serif; font-size: 14px;\">Ob Reisebuchung, Fitness-App, Musikanwendungen oder Spiele &#8211; die Palette der Handy-Programme ist umfangreich. Inzwischen finden sich auch zunehmend Apps, die zum Energiesparen anregen, Verkehrsverbindungen suchen oder \u00fcber die \u00d6kobilanz der Produkte im Supermarktregal informieren. Wir haben einige zusammengetragen, die als gr\u00fcne Helfer&nbsp;Ihr&nbsp;Smartphone erweitern.<\/span><\/p>\n<ul>\n<li style=\"text-align: justify;\"><a href=\"http:\/\/www.nachhaltiger-einkauf.de\/wordpress\/flugrechner\">Flugrechner<\/a><\/li>\n<li style=\"text-align: justify;\"><a href=\"http:\/\/www.nachhaltiger-einkauf.de\/wordpress\/apps\/co2-rechner\">CO2 Rechner<\/a><\/li>\n<li style=\"text-align: justify;\"><a href=\"http:\/\/www.nachhaltiger-einkauf.de\/wordpress\/apps\/ecochallenge\">EcoChallenge<\/a><\/li>\n<li style=\"text-align: justify;\"><a href=\"http:\/\/www.nachhaltiger-einkauf.de\/wordpress\/apps\/infovideo\">InfoVideo<\/a><\/li>\n<li style=\"text-align: justify;\"><a href=\"http:\/\/www.nachhaltiger-einkauf.de\/wordpress\/apps\/fischratgeber\">Fischratgeber<\/a><\/li>\n<li style=\"text-align: justify;\"><a href=\"http:\/\/www.nachhaltiger-einkauf.de\/wordpress\/apps\/fair-fashion-2-0\">Fair Fashion 2.0<\/a><\/li>\n<li style=\"text-align: justify;\"><a href=\"http:\/\/www.nachhaltiger-einkauf.de\/wordpress\/apps\/label-online\">Label Online<\/a><\/li>\n<li style=\"text-align: justify;\"><a href=\"http:\/\/www.nachhaltiger-einkauf.de\/wordpress\/apps\/toxfox-der-kosmetik-check\">TOXFOX &#8211; Der Kosmetik Check<\/a><\/li>\n<li style=\"text-align: justify;\"><a href=\"http:\/\/www.nachhaltiger-einkauf.de\/wordpress\/apps\/oekorechner\">\u00d6korechner<\/a><\/li>\n<li style=\"text-align: justify;\"><a href=\"http:\/\/www.nachhaltiger-einkauf.de\/wordpress\/codecheck\">Codecheck<\/a><\/li>\n<\/ul>\n","protected":false},"excerpt":{"rendered":"<p>Ob Reisebuchung, Fitness-App, Musikanwendungen oder Spiele &#8211; die Palette der Handy-Programme ist umfangreich. Inzwischen finden sich auch zunehmend Apps, die zum Energiesparen anregen, Verkehrsverbindungen suchen oder \u00fcber die \u00d6kobilanz der Produkte im Supermarktregal informieren. Wir haben einige zusammengetragen, die als&hellip; <\/p>\n","protected":false},"author":1,"featured_media":0,"parent":0,"menu_order":0,"comment_status":"closed","ping_status":"closed","template":"","meta":[],"_links":{"self":[{"href":"https:\/\/www.nachhaltiger-einkauf.de\/wordpress\/wp-json\/wp\/v2\/pages\/1513"}],"collection":[{"href":"https:\/\/www.nachhaltiger-einkauf.de\/wordpress\/wp-json\/wp\/v2\/pages"}],"about":[{"href":"https:\/\/www.nachhaltiger-einkauf.de\/wordpress\/wp-json\/wp\/v2\/types\/page"}],"author":[{"embeddable":true,"href":"https:\/\/www.nachhaltiger-einkauf.de\/wordpress\/wp-json\/wp\/v2\/users\/1"}],"replies":[{"embeddable":true,"href":"https:\/\/www.nachhaltiger-einkauf.de\/wordpress\/wp-json\/wp\/v2\/comments?post=1513"}],"version-history":[{"count":20,"href":"https:\/\/www.nachhaltiger-einkauf.de\/wordpress\/wp-json\/wp\/v2\/pages\/1513\/revisions"}],"predecessor-version":[{"id":6591,"href":"https:\/\/www.nachhaltiger-einkauf.de\/wordpress\/wp-json\/wp\/v2\/pages\/1513\/revisions\/6591"}],"wp:attachment":[{"href":"https:\/\/www.nachhaltiger-einkauf.de\/wordpress\/wp-json\/wp\/v2\/media?parent=1513"}],"curies":[{"name":"wp","href":"https:\/\/api.w.org\/{rel}","templated":true}]}}