{"id":1855,"date":"2014-05-26T17:53:45","date_gmt":"2014-05-26T15:53:45","guid":{"rendered":"http:\/\/www.nachhaltiger-einkauf.de\/wordpress\/?page_id=1855"},"modified":"2021-04-16T19:57:17","modified_gmt":"2021-04-16T17:57:17","slug":"zertifizierte-gebaude-in-deutschland","status":"publish","type":"page","link":"https:\/\/www.nachhaltiger-einkauf.de\/wordpress\/nachhaltiges-bauen\/zertifizierte-gebaude-in-deutschland","title":{"rendered":"Zertifizierte Geb\u00e4ude in Deutschland"},"content":{"rendered":"<p style=\"text-align: justify;\"><span style=\"font-family: verdana,geneva,sans-serif; font-size: 14pt;\"><em><strong>NUOffice<\/strong><\/em><\/span><br \/>\n<span style=\"font-family: 'verdana', 'geneva'; font-size: 14px;\">NUOffice ist das gr\u00fcnstes B\u00fcrogeb\u00e4ude in Deutschland und steht im M\u00fcnchner Stadtteil Schwabing. Es tr\u00e4gt das LEED-Zertifikat in Platin. Weitere Informationen gibt es auf der Homepage:<\/span><\/p>\n<p style=\"text-align: justify;\"><span style=\"font-family: 'verdana', 'geneva'; font-size: 14px;\"><a href=\"http:\/\/green.wiwo.de\/nachhaltigkeit-munchner-burogebaude-erhalt-leed-bestnote\/\" target=\"_blank\" rel=\"noopener noreferrer\">http:\/\/green.wiwo.de\/nachhaltigkeit-munchner-burogebaude-erhalt-leed-bestnote\/<\/a><\/span><\/p>\n<p style=\"text-align: justify;\"><em><span style=\"font-size: 14pt; font-family: verdana,geneva,sans-serif;\"><strong>Solarsiedlung am Schlierberg<\/strong><\/span><\/em><br \/>\n<span style=\"font-family: 'verdana','geneva'; font-size: 14px;\">Die Solarsiedlung am Schlierberg ist ein nutzungsgemischtes Stadtquartier in Freiburg. Es umfasst 2.000 Wohnungen sowie Gemeinbedarfseinrichtungen. Weitere Informationen gibt es unter:<span style=\"color: #ffffff;\">Deutschland<\/span><\/span><\/p>\n<p style=\"text-align: justify;\"><span style=\"font-family: 'verdana', 'geneva'; font-size: 14px;\"><a href=\"http:\/\/www.werkstatt-stadt.de\/de\/projekte\/22\/\" target=\"_blank\" rel=\"noopener noreferrer\">http:\/\/www.werkstatt-stadt.de\/de\/projekte\/22\/<\/a><\/span><\/p>\n<p style=\"text-align: justify;\"><span style=\"font-family: verdana,geneva,sans-serif; font-size: 14pt;\"><em><strong>Trianon Hochhaus&nbsp;<\/strong><\/em><\/span><br \/>\n<span style=\"font-family: 'verdana','geneva'; font-size: 14px;\">Das Trianon Hochhaus in Frankfurt am Main ist ein nachhaltig erbautes B\u00fcrohochhaus. Es z\u00e4hlt zu den drei nachhaltigsten Geb\u00e4uden in Europa. Weitere Informationen gibt es unter: <span style=\"color: #ffffff;\">Deutschland<\/span><\/span><\/p>\n<p style=\"text-align: justify;\"><a href=\"https:\/\/www.konii.de\/news\/trianon-in-frankfurt-erhalt-leed-gold-zertifizierung-mit-spitzenwert-201205113834\" target=\"_blank\" rel=\"noopener noreferrer\">https:\/\/www.konii.de\/news\/trianon-in-frankfurt-erhalt-leed-gold-zertifizierung-mit-spitzenwert-201205113834<\/a><\/p>\n","protected":false},"excerpt":{"rendered":"<p>NUOffice NUOffice ist das gr\u00fcnstes B\u00fcrogeb\u00e4ude in Deutschland und steht im M\u00fcnchner Stadtteil Schwabing. Es tr\u00e4gt das LEED-Zertifikat in Platin. Weitere Informationen gibt es auf der Homepage: http:\/\/green.wiwo.de\/nachhaltigkeit-munchner-burogebaude-erhalt-leed-bestnote\/ Solarsiedlung am Schlierberg Die Solarsiedlung am Schlierberg ist ein nutzungsgemischtes Stadtquartier in&hellip; <\/p>\n","protected":false},"author":1,"featured_media":0,"parent":1448,"menu_order":0,"comment_status":"open","ping_status":"open","template":"","meta":[],"_links":{"self":[{"href":"https:\/\/www.nachhaltiger-einkauf.de\/wordpress\/wp-json\/wp\/v2\/pages\/1855"}],"collection":[{"href":"https:\/\/www.nachhaltiger-einkauf.de\/wordpress\/wp-json\/wp\/v2\/pages"}],"about":[{"href":"https:\/\/www.nachhaltiger-einkauf.de\/wordpress\/wp-json\/wp\/v2\/types\/page"}],"author":[{"embeddable":true,"href":"https:\/\/www.nachhaltiger-einkauf.de\/wordpress\/wp-json\/wp\/v2\/users\/1"}],"replies":[{"embeddable":true,"href":"https:\/\/www.nachhaltiger-einkauf.de\/wordpress\/wp-json\/wp\/v2\/comments?post=1855"}],"version-history":[{"count":24,"href":"https:\/\/www.nachhaltiger-einkauf.de\/wordpress\/wp-json\/wp\/v2\/pages\/1855\/revisions"}],"predecessor-version":[{"id":7110,"href":"https:\/\/www.nachhaltiger-einkauf.de\/wordpress\/wp-json\/wp\/v2\/pages\/1855\/revisions\/7110"}],"up":[{"embeddable":true,"href":"https:\/\/www.nachhaltiger-einkauf.de\/wordpress\/wp-json\/wp\/v2\/pages\/1448"}],"wp:attachment":[{"href":"https:\/\/www.nachhaltiger-einkauf.de\/wordpress\/wp-json\/wp\/v2\/media?parent=1855"}],"curies":[{"name":"wp","href":"https:\/\/api.w.org\/{rel}","templated":true}]}}