{"id":2037,"date":"2014-07-21T18:20:42","date_gmt":"2014-07-21T16:20:42","guid":{"rendered":"http:\/\/www.nachhaltiger-einkauf.de\/wordpress\/?page_id=2037"},"modified":"2021-02-24T21:07:57","modified_gmt":"2021-02-24T20:07:57","slug":"krauterbeet","status":"publish","type":"page","link":"https:\/\/www.nachhaltiger-einkauf.de\/wordpress\/do-it-yourself\/krauterbeet","title":{"rendered":"Kr\u00e4uterbeet"},"content":{"rendered":"<p style=\"text-align: justify;\"><span style=\"font-size: 14pt;\"><em><span style=\"font-family: verdana,geneva,sans-serif;\"><strong>Die Kr\u00e4uterpalette<\/strong><\/span><\/em><\/span><\/p>\n<p style=\"text-align: justify;\"><span style=\"font-family: verdana, geneva, sans-serif;\">Aus einer ausrangierten Palette und ein paar Brettern entsteht ein platzsparendes Kr\u00e4uterbeet, das keine Kr\u00e4uterw\u00fcnsche offen l\u00e4sst.<\/span><\/p>\n<p style=\"text-align: justify;\"><span style=\"font-family: verdana, geneva, sans-serif;\">Die Anleitung finden Sie&nbsp;unter diesem Link (einfach aufs Bild klicken):<\/span><\/p>\n<p><span style=\"font-family: verdana, geneva, sans-serif;\"><br \/>\n<img loading=\"lazy\" class=\"alignnone wp-image-2038 size-medium\" src=\"http:\/\/www.nachhaltiger-einkauf.de\/wordpress\/wp-content\/uploads\/2014\/07\/upcycling1-300x274.jpg\" alt=\"kr\u00e4uterbeet, Kr\u00e4uterpalette\" width=\"300\" height=\"274\" srcset=\"https:\/\/www.nachhaltiger-einkauf.de\/wordpress\/wp-content\/uploads\/2014\/07\/upcycling1-300x274.jpg 300w, https:\/\/www.nachhaltiger-einkauf.de\/wordpress\/wp-content\/uploads\/2014\/07\/upcycling1-327x300.jpg 327w, https:\/\/www.nachhaltiger-einkauf.de\/wordpress\/wp-content\/uploads\/2014\/07\/upcycling1.jpg 1000w\" sizes=\"(max-width: 300px) 100vw, 300px\" \/><\/span><\/p>\n<p style=\"text-align: justify;\"><span style=\"font-family: verdana, geneva, sans-serif;\"><strong>Erg\u00e4nzender Tipp:<\/strong> Anstatt der Tafelfolie kann hier auch Tafellack\/-farbe verwendet werden<\/span><\/p>\n","protected":false},"excerpt":{"rendered":"<p>Die Kr\u00e4uterpalette Aus einer ausrangierten Palette und ein paar Brettern entsteht ein platzsparendes Kr\u00e4uterbeet, das keine Kr\u00e4uterw\u00fcnsche offen l\u00e4sst. Die Anleitung finden Sie&nbsp;unter diesem Link (einfach aufs Bild klicken): Erg\u00e4nzender Tipp: Anstatt der Tafelfolie kann hier auch Tafellack\/-farbe verwendet werden<\/p>\n","protected":false},"author":1,"featured_media":0,"parent":995,"menu_order":0,"comment_status":"open","ping_status":"open","template":"","meta":[],"_links":{"self":[{"href":"https:\/\/www.nachhaltiger-einkauf.de\/wordpress\/wp-json\/wp\/v2\/pages\/2037"}],"collection":[{"href":"https:\/\/www.nachhaltiger-einkauf.de\/wordpress\/wp-json\/wp\/v2\/pages"}],"about":[{"href":"https:\/\/www.nachhaltiger-einkauf.de\/wordpress\/wp-json\/wp\/v2\/types\/page"}],"author":[{"embeddable":true,"href":"https:\/\/www.nachhaltiger-einkauf.de\/wordpress\/wp-json\/wp\/v2\/users\/1"}],"replies":[{"embeddable":true,"href":"https:\/\/www.nachhaltiger-einkauf.de\/wordpress\/wp-json\/wp\/v2\/comments?post=2037"}],"version-history":[{"count":15,"href":"https:\/\/www.nachhaltiger-einkauf.de\/wordpress\/wp-json\/wp\/v2\/pages\/2037\/revisions"}],"predecessor-version":[{"id":6518,"href":"https:\/\/www.nachhaltiger-einkauf.de\/wordpress\/wp-json\/wp\/v2\/pages\/2037\/revisions\/6518"}],"up":[{"embeddable":true,"href":"https:\/\/www.nachhaltiger-einkauf.de\/wordpress\/wp-json\/wp\/v2\/pages\/995"}],"wp:attachment":[{"href":"https:\/\/www.nachhaltiger-einkauf.de\/wordpress\/wp-json\/wp\/v2\/media?parent=2037"}],"curies":[{"name":"wp","href":"https:\/\/api.w.org\/{rel}","templated":true}]}}