{"id":2104,"date":"2014-11-26T19:29:00","date_gmt":"2014-11-26T18:29:00","guid":{"rendered":"http:\/\/www.nachhaltiger-einkauf.de\/wordpress\/?page_id=2104"},"modified":"2021-02-25T00:06:01","modified_gmt":"2021-02-24T23:06:01","slug":"kakao","status":"publish","type":"page","link":"https:\/\/www.nachhaltiger-einkauf.de\/wordpress\/einkauf\/lebensmittel\/kakao","title":{"rendered":"Kakao"},"content":{"rendered":"<p style=\"text-align: justify;\"><strong><span style=\"font-size: 14pt;\"><em>Das Kakaoforum <\/em><\/span><span style=\"color: #ffffff;\"><span style=\"font-size: 14pt;\"><em>N<\/em><\/span>achhaltiger Einkauf Lebensmittel Kakao<\/span><br \/>\n<\/strong><\/p>\n<p style=\"text-align: justify;\">Das Kakaoforum ist ein Zusammenschluss&nbsp;der Bundesregierung, der deutschen S\u00fc\u00dfwarenindustrie, des deutschen Lebensmittelhandels, Nichtregierungsorganisationen und standardsetzenden Organisationen (Fairtrade, Rainforest Alliance und UTZ Certified). Das Ziel des im Juni 2012 ins Leben gerufenen Forums ist es,&nbsp;die Situation der Kakaobauern in den Anbaul\u00e4ndern zu verbessern und den nachhaltigen Anbau der Kakaobohnen zu f\u00f6rdern.<\/p>\n<p style=\"text-align: justify;\"><img loading=\"lazy\" class=\"aligncenter wp-image-3737 size-medium\" src=\"http:\/\/www.nachhaltiger-einkauf.de\/wordpress\/wp-content\/uploads\/2014\/11\/kakao-300x208.jpg\" alt=\"kakao\" data-id=\"3737\" width=\"300\" height=\"208\" srcset=\"https:\/\/www.nachhaltiger-einkauf.de\/wordpress\/wp-content\/uploads\/2014\/11\/kakao-300x208.jpg 300w, https:\/\/www.nachhaltiger-einkauf.de\/wordpress\/wp-content\/uploads\/2014\/11\/kakao-432x300.jpg 432w, https:\/\/www.nachhaltiger-einkauf.de\/wordpress\/wp-content\/uploads\/2014\/11\/kakao.jpg 458w\" sizes=\"(max-width: 300px) 100vw, 300px\" \/><\/p>\n<p style=\"text-align: justify;\">Sie wollen ihre Aktivit\u00e4ten aufeinander abstimmen, um so ihre Wirksamkeit zu erh\u00f6hen. Vor allem geht es \u2013 neben wirtschaftlichen Aspekten und dem Umweltschutz \u2013 um bessere Lebensumst\u00e4nde f\u00fcr die Bauernfamilien. Au\u00dferdem soll mehr Kakao nachhaltig erzeugt werden \u2013 nicht zuletzt, um unseren steigenden Bedarf auch in Zukunft zu decken. Dabei arbeitet das Forum eng mit den Anbaul\u00e4ndern zusammen.<\/p>\n<p style=\"text-align: justify;\">Wenn&nbsp;Sie auf den nachfolgenden Button klicken, kommen Sie&nbsp;auf die Website des Kakaoforums, auf der&nbsp;Sie sich weiter informieren k\u00f6nnen!<\/p>\n<p style=\"text-align: justify;\"><span class=\"bk-button-wrapper\"><a href=\"http:\/\/www.kakaoforum.de\/\" target=\"_blank\" class=\"bk-button green left circle big\">Kakaoforum<\/a><\/span><\/p>\n<p style=\"text-align: justify;\"><strong>Make Chocolate Fair <span style=\"color: #ffffff;\">Nachhaltiger Einkauf Lebensmittel Kakao<\/span><br \/>\n<\/strong><\/p>\n<p style=\"text-align: justify;\">&#8220;Make Chocolate Fair&#8221; ist eine europ\u00e4ische Kampagne f\u00fcr faire Schokolade. Es geht darum, sich f\u00fcr bessere Arbeits- und Lebensbedingungen von Kakaobauern und -b\u00e4uerinnen einzusetzen und vor allem der Kinderarbeit ein Ende zu setzen. Desweiteren ist es wichtig, f\u00fcr eine nachhaltige und diversifizierte Landwirtschaft zu sorgen, welche die Umwelt sch\u00fctzt und gleichzeitig die Situation der Kakaobauern und -b\u00e4uerinnen zu verbessern. W\u00e4hrend die Nachfrage nach Kakao und Schokolade weiterhin steigt, leben Millionen von Kakaobauern und -b\u00e4uerinnen am Existenzminimum und nur eine Hand voll gro\u00dfer Unternehmen bereichern sich am Kakao- und Schokoladenmarkt.<\/p>\n<p style=\"text-align: justify;\">Deshalb hat die Online Kampagne mit ihrer Petition einige Forderungen:<\/p>\n<p style=\"text-align: justify;\">&#8211;&nbsp;Faire Bezahlung<\/p>\n<p style=\"text-align: justify;\">&#8211;&nbsp;Einhaltung der Menschen- und Arbeitsrechte<\/p>\n<p style=\"text-align: justify;\">&#8211; Ablehnung ausbeuterischer Kinderarbeit<\/p>\n<p style=\"text-align: justify;\">&#8211;&nbsp;Unterst\u00fctzung von Kakaobauern und -b\u00e4uerinnen im Bezug auf Nachhaltigkeit<\/p>\n<p style=\"text-align: justify;\">&#8211;&nbsp;Anwendung eines unabh\u00e4ngigen Zertifizierungs- und Kontrollsystems<\/p>\n<p style=\"text-align: justify;\">Wenn&nbsp;Sie auf den Button unten klicken, gelangen Sie&nbsp;auf die Internetseite der Kampagne, wo&nbsp;Sie neben weiteren Informationen \u00fcber die Online Kampagne auch f\u00fcr die Petition unterschreiben k\u00f6nnen!<\/p>\n<p style=\"text-align: justify;\"><span class=\"bk-button-wrapper\"><a href=\"http:\/\/de.makechocolatefair.org\" target=\"_blank\" class=\"bk-button green left circle big\">Make Chocolate Fair<\/a><\/span><\/p>\n","protected":false},"excerpt":{"rendered":"<p>Das Kakaoforum Nachhaltiger Einkauf Lebensmittel Kakao Das Kakaoforum ist ein Zusammenschluss&nbsp;der Bundesregierung, der deutschen S\u00fc\u00dfwarenindustrie, des deutschen Lebensmittelhandels, Nichtregierungsorganisationen und standardsetzenden Organisationen (Fairtrade, Rainforest Alliance und UTZ Certified). Das Ziel des im Juni 2012 ins Leben gerufenen Forums ist es,&nbsp;die&hellip; <\/p>\n","protected":false},"author":1,"featured_media":0,"parent":387,"menu_order":25,"comment_status":"open","ping_status":"open","template":"","meta":[],"_links":{"self":[{"href":"https:\/\/www.nachhaltiger-einkauf.de\/wordpress\/wp-json\/wp\/v2\/pages\/2104"}],"collection":[{"href":"https:\/\/www.nachhaltiger-einkauf.de\/wordpress\/wp-json\/wp\/v2\/pages"}],"about":[{"href":"https:\/\/www.nachhaltiger-einkauf.de\/wordpress\/wp-json\/wp\/v2\/types\/page"}],"author":[{"embeddable":true,"href":"https:\/\/www.nachhaltiger-einkauf.de\/wordpress\/wp-json\/wp\/v2\/users\/1"}],"replies":[{"embeddable":true,"href":"https:\/\/www.nachhaltiger-einkauf.de\/wordpress\/wp-json\/wp\/v2\/comments?post=2104"}],"version-history":[{"count":28,"href":"https:\/\/www.nachhaltiger-einkauf.de\/wordpress\/wp-json\/wp\/v2\/pages\/2104\/revisions"}],"predecessor-version":[{"id":6653,"href":"https:\/\/www.nachhaltiger-einkauf.de\/wordpress\/wp-json\/wp\/v2\/pages\/2104\/revisions\/6653"}],"up":[{"embeddable":true,"href":"https:\/\/www.nachhaltiger-einkauf.de\/wordpress\/wp-json\/wp\/v2\/pages\/387"}],"wp:attachment":[{"href":"https:\/\/www.nachhaltiger-einkauf.de\/wordpress\/wp-json\/wp\/v2\/media?parent=2104"}],"curies":[{"name":"wp","href":"https:\/\/api.w.org\/{rel}","templated":true}]}}