{"id":2307,"date":"2015-01-08T12:43:39","date_gmt":"2015-01-08T11:43:39","guid":{"rendered":"http:\/\/www.nachhaltiger-einkauf.de\/wordpress\/?page_id=2307"},"modified":"2017-12-11T17:37:02","modified_gmt":"2017-12-11T16:37:02","slug":"ein-jahr-ohne-mull","status":"publish","type":"page","link":"https:\/\/www.nachhaltiger-einkauf.de\/wordpress\/ein-jahr-ohne-mull","title":{"rendered":"Ein Jahr ohne M\u00fcll"},"content":{"rendered":"<p><span style=\"font-family: verdana, geneva; font-size: 14px;\"><strong><span style=\"color: #000000;\">Ein Leben ohne M\u00fcll &#8211; ist das \u00fcberhaupt m\u00f6glich?<\/span><\/strong><\/span><\/p>\n<p style=\"text-align: justify;\"><span style=\"color: #000000; font-family: verdana, geneva; font-size: 14px;\">Die 23-J\u00e4hrige New Yorkerin Lauren Singer produziert in einem Monat lediglich ein Einmachglas voll M\u00fcll. Im Artikel\u00a0in der WELT wird erkl\u00e4rt, wie die junge Frau das schafft. Ihre Umstellung begann damit, auf den Strohhalm bei Cocktails zu verzichten. Mit vielen Anregungen schafft dieser Artikel es, sein eigenes Konsumverhalten in Frage zu stellen. An diesem Beispiel ist zu sehen, dass durch ein Umdenken mit kleinen Beitr\u00e4gen jeder etwas f\u00fcr die Umwelt leisten kann.\u00a0<\/span><\/p>\n<p style=\"text-align: justify;\"><span style=\"font-family: verdana, geneva; font-size: 14px;\"><a title=\"Artikel in der WELT\" href=\"http:\/\/www.welt.de\/vermischtes\/article135465758\/Mein-Muell-Passt-jeden-Monat-in-ein-Einmachglas.html\" target=\"_blank\" rel=\"noopener noreferrer\">http:\/\/www.welt.de\/vermischtes\/article135465758\/Mein-Muell-Passt-jeden-Monat-in-ein-Einmachglas.html<\/a><\/span><\/p>\n<p style=\"text-align: justify;\"><span style=\"font-family: verdana, geneva; font-size: 14px;\">Aus der Not heraus entwickelte Lauren Singer ihr eigenes Waschmittel, bei dem sie auf unn\u00f6tige Zusatzstoffe und Chemikalien verzichtet. Ihr Leben wandelte sich von einer verr\u00fcckten Idee hin zu einem Startup-Unternehmen. Wer noch mehr \u00fcber die beeindruckende Pers\u00f6nlichkeit wissen m\u00f6chte, findet unter <a title=\"Trash is for Tossers\" href=\"http:\/\/trashisfortossers.com\/\" target=\"_blank\" rel=\"noopener noreferrer\">http:\/\/trashisfortossers.com\/<\/a>\u00a0den Blog der 23-J\u00e4hrigen.<\/span><\/p>\n","protected":false},"excerpt":{"rendered":"<p>Ein Leben ohne M\u00fcll &#8211; ist das \u00fcberhaupt m\u00f6glich? Die 23-J\u00e4hrige New Yorkerin Lauren Singer produziert in einem Monat lediglich ein Einmachglas voll M\u00fcll. Im Artikel\u00a0in der WELT wird erkl\u00e4rt, wie die junge Frau das schafft. Ihre Umstellung begann damit,&hellip; <\/p>\n","protected":false},"author":1,"featured_media":0,"parent":0,"menu_order":0,"comment_status":"open","ping_status":"open","template":"","meta":[],"_links":{"self":[{"href":"https:\/\/www.nachhaltiger-einkauf.de\/wordpress\/wp-json\/wp\/v2\/pages\/2307"}],"collection":[{"href":"https:\/\/www.nachhaltiger-einkauf.de\/wordpress\/wp-json\/wp\/v2\/pages"}],"about":[{"href":"https:\/\/www.nachhaltiger-einkauf.de\/wordpress\/wp-json\/wp\/v2\/types\/page"}],"author":[{"embeddable":true,"href":"https:\/\/www.nachhaltiger-einkauf.de\/wordpress\/wp-json\/wp\/v2\/users\/1"}],"replies":[{"embeddable":true,"href":"https:\/\/www.nachhaltiger-einkauf.de\/wordpress\/wp-json\/wp\/v2\/comments?post=2307"}],"version-history":[{"count":8,"href":"https:\/\/www.nachhaltiger-einkauf.de\/wordpress\/wp-json\/wp\/v2\/pages\/2307\/revisions"}],"predecessor-version":[{"id":5685,"href":"https:\/\/www.nachhaltiger-einkauf.de\/wordpress\/wp-json\/wp\/v2\/pages\/2307\/revisions\/5685"}],"wp:attachment":[{"href":"https:\/\/www.nachhaltiger-einkauf.de\/wordpress\/wp-json\/wp\/v2\/media?parent=2307"}],"curies":[{"name":"wp","href":"https:\/\/api.w.org\/{rel}","templated":true}]}}