{"id":2623,"date":"2015-01-28T21:23:49","date_gmt":"2015-01-28T20:23:49","guid":{"rendered":"http:\/\/www.nachhaltiger-einkauf.de\/wordpress\/?page_id=2623"},"modified":"2021-02-24T23:18:26","modified_gmt":"2021-02-24T22:18:26","slug":"photovoltaik","status":"publish","type":"page","link":"https:\/\/www.nachhaltiger-einkauf.de\/wordpress\/photovoltaik","title":{"rendered":"Photovoltaik"},"content":{"rendered":"<p style=\"text-align: left;\"><span style=\"font-family: verdana,geneva,sans-serif; font-size: 14px;\">Nachhaltig Strom aus regenerativen Quellen erzeugen \u2013 das ist einer der Gedanken, der die Menschen in der heutigen Zeit bewegt. In einer Zeit, in der Atomkatastrophen wie Fukushima zeigen, wie gef\u00e4hrlich Atomkraft ist, ist das Thema Energiewende sehr aktuell. Zudem w\u00e4chst die Weltbev\u00f6lkerung st\u00e4ndig, was dazu f\u00fchrt, dass Rohstoffe wie Erd\u00f6l und Erdgas knapp werden. Deshalb ist es schon heute wichtig, darauf zu achten, wie Licht und W\u00e4rme auch ohne diese Quellen erzeugt werden k\u00f6nnen. Die Photovoltaik-Anlage stellt eine optimale L\u00f6sung zur Umsetzung einer umweltfreundlichen Stromerzeugung dar.<\/span><\/p>\n<div id=\"attachment_3927\" style=\"width: 310px\" class=\"wp-caption aligncenter\"><img aria-describedby=\"caption-attachment-3927\" loading=\"lazy\" class=\"size-medium wp-image-3927\" src=\"http:\/\/www.nachhaltiger-einkauf.de\/wordpress\/wp-content\/uploads\/2015\/01\/photovoltaic-491702_1280-300x200.jpg\" alt=\"Quelle: www.pixybay.com (Lizenz)\" data-id=\"3927\" width=\"300\" height=\"200\" srcset=\"https:\/\/www.nachhaltiger-einkauf.de\/wordpress\/wp-content\/uploads\/2015\/01\/photovoltaic-491702_1280-300x200.jpg 300w, https:\/\/www.nachhaltiger-einkauf.de\/wordpress\/wp-content\/uploads\/2015\/01\/photovoltaic-491702_1280-1024x683.jpg 1024w, https:\/\/www.nachhaltiger-einkauf.de\/wordpress\/wp-content\/uploads\/2015\/01\/photovoltaic-491702_1280-450x300.jpg 450w, https:\/\/www.nachhaltiger-einkauf.de\/wordpress\/wp-content\/uploads\/2015\/01\/photovoltaic-491702_1280-1000x667.jpg 1000w, https:\/\/www.nachhaltiger-einkauf.de\/wordpress\/wp-content\/uploads\/2015\/01\/photovoltaic-491702_1280.jpg 1280w\" sizes=\"(max-width: 300px) 100vw, 300px\" \/><p id=\"caption-attachment-3927\" class=\"wp-caption-text\">Quelle: <a href=\"https:\/\/pixabay.com\/de\/solarzellen-strom-photovoltaik-491703\/\" target=\"_blank\" rel=\"noopener noreferrer\">www.pixybay.com<\/a> <span style=\"font-size: 8pt;\">(<a href=\"https:\/\/pixabay.com\/de\/service\/terms\/#download_terms\" target=\"_blank\" rel=\"noopener noreferrer\">Lizenz<\/a>)<\/span><\/p><\/div>\n<p style=\"text-align: left;\"><span style=\"font-family: verdana,geneva,sans-serif; font-size: 14px;\"><strong>Staatliche F\u00f6rderung<\/strong><\/span><\/p>\n<p style=\"text-align: left;\"><span style=\"font-family: verdana,geneva,sans-serif; font-size: 14px;\">Um dies zu realisieren, hat die Politik mit dem Stromeinspeisungsgesetz (StrEG) vom 7.Dezember 2009 ein erstes Zeichen gesetzt. Das Stromeinspeisungsgesetz bildete den Grundstein der F\u00f6rderung. Mit in Kraft treten des \u201eGesetzes f\u00fcr den Vorrang Erneuerbarer Energien\u201c am 29.M\u00e4rz 2000 wurde das Vorhaben erneuerbare Energien zu f\u00f6rdern konkretisiert und in diesem Zuge das Stromeinspeisungsgesetz ersetzt. Zweck dieses Gesetzes ist es, den Anteil an erneuerbaren Energien zu erh\u00f6hen, eine umweltschonende Energieversorgung zu sichern und die Umwelt auch in der Zukunft zu sch\u00fctzen.<\/span><\/p>\n<p style=\"text-align: left;\"><span style=\"font-size: 14px; font-family: verdana, geneva, sans-serif;\"><strong>Montage, Ausrichtung und Sonneneinstrahlung<\/strong><\/span><\/p>\n<p style=\"text-align: left;\"><span style=\"font-family: verdana, geneva; font-size: 14px;\">Die Photovoltaik-Anlage wandelt Sonnenenergie in elektrische Energie um und bietet daher eine saubere Stromerzeugung ohne die Umwelt zu belasten. F\u00fcr die Nutzung werden Solarmodule mit einer Unterkonstruktion auf dem Hausdach installiert und miteinander elektrisch verbunden. In S\u00fcddeutschland betr\u00e4gt die Sonneneinstrahlung zwischen 880 kWh und 1.100 kWh pro Quadratmeter im Jahr, w\u00e4hrend Baden-W\u00fcrttemberg mit 1.100 kWh\/Quadratmeter eine der sonnenreichsten Regionen Deutschlands ist.<\/span><\/p>\n<p style=\"text-align: left;\"><span style=\"font-family: verdana, geneva; font-size: 14px;\">Eine geeignete Neigung der Module auf dem Dach liegt bei 10\u00b0 bis 50\u00b0. Die optimale Modulausrichtung ist in S\u00fcdrichtung, bei 30\u00b0 Neigung. Hier kann man einen Ertrag von bis zu 100 % erhalten. Ist die Anlage in S\u00fcdost bzw.- S\u00fcdwestrichtung ausgerichtet, ist noch mit Ertr\u00e4gen zwischen 88 % und 95 % zu rechnen. In Ost- oder Westlage sind es nur 80% &#8211; 90 % Ertrag. Den gr\u00f6\u00dften Einfluss auf den Energieertrag haben schattige Positionen der Kollektoren, denn diese f\u00fchren zu einer starken Verminderung des Ertrags.<\/span><\/p>\n<p style=\"text-align: left;\"><span style=\"font-size: 16px;\"><strong>Finanzierung und Wirtschaftlichkeitsberechnung:<\/strong><\/span><\/p>\n<p style=\"text-align: left;\"><span style=\"font-family: verdana, geneva; font-size: 14px;\">Vor der Installation einer Photovoltaik-Anlage wird eine Wirtschaftlichkeitsberechnung erstellt, um die voraussichtliche Rentabilit\u00e4t einer Anlage zu berechnen. Diese enth\u00e4lt folgende Aspekte: die Anlagendaten, die <span style=\"font-family: tahoma,arial,helvetica,sans-serif;\">Nettoinvestitionskosten, Angaben zur Kapitalbeschaffung, die laufenden Betriebskosten, das verf\u00fcgbare Eigenkapital, die Verzinsung des Solarkontos, das voraussichtliche Ergebnis bei einer Laufzeit von 20 Jahren, die Kreditkonditionen und eine voraussichtliche Gewinn- und Verlustrechnung.<\/span><\/span><span style=\"font-family: tahoma,arial,helvetica,sans-serif; font-size: 14px;\"> Die Risiken einer Photovoltaikanlage sind durch Leistungsgarantie der Hersteller und Versicherungen die nahezu alle Gefahren abdecken weitestgehend gering.<\/span><\/p>\n<p style=\"text-align: left;\"><span style=\"font-family: tahoma,arial,helvetica,sans-serif; font-size: 14px;\">Eine Finanzierungsm\u00f6glichkeit f\u00fcr solch eine Anlage ist beispielsweise ein KfW Kredit aus dem Programm \u201eErneuerbare Energien\u201c der \u00fcber die jeweilige Hausbank zu bekommen ist. Dem Antrag legt man ein Angebot f\u00fcr die Anlage bei um eine individuell optimierte Finanzierung zu erhalten.<\/span><\/p>\n<p style=\"text-align: justify;\"><span style=\"font-family: tahoma,arial,helvetica,sans-serif; font-size: 16px;\"><strong>Vorteile einer Photovoltaik-Anlage<\/strong><\/span><\/p>\n<p style=\"text-align: justify;\"><span style=\"font-family: tahoma,arial,helvetica,sans-serif; font-size: 14px;\">Es gibt einige Argumente, die f\u00fcr den Bau einer Photovoltaik-Anlage sprechen, beispielsweise die umweltfreundliche Stromerzeugung. Zudem ist der steuerliche Vorteil von verschiedenen Abschreibungsm\u00f6glichkeiten und Vorsteuerabzugsberechtigungen attraktiv. Eine Photovoltaik-Anlage ist beispielsweise als abnutzbares Wirtschaftsgut mit 5% abzuschreiben. Die Nutzungsdauer liegt dabei bei 20 Jahren. Desweiteren kann die Anschaffung \u00fcber kosteng\u00fcnstige Finanzierung erm\u00f6glicht werden. Durch die Stromproduktion in der N\u00e4he der Verbraucher entf\u00e4llt der sehr teure Netzausbau, der beispielsweise bei Windkraftanlagen zu finden ist. Somit stellen Photovoltaikanlagen eine lukrative erneuerbare Energie dar.<\/span><\/p>\n","protected":false},"excerpt":{"rendered":"<p>Nachhaltig Strom aus regenerativen Quellen erzeugen \u2013 das ist einer der Gedanken, der die Menschen in der heutigen Zeit bewegt. In einer Zeit, in der Atomkatastrophen wie Fukushima zeigen, wie gef\u00e4hrlich Atomkraft ist, ist das Thema Energiewende sehr aktuell. Zudem&hellip; <\/p>\n","protected":false},"author":1,"featured_media":0,"parent":0,"menu_order":0,"comment_status":"open","ping_status":"open","template":"","meta":[],"_links":{"self":[{"href":"https:\/\/www.nachhaltiger-einkauf.de\/wordpress\/wp-json\/wp\/v2\/pages\/2623"}],"collection":[{"href":"https:\/\/www.nachhaltiger-einkauf.de\/wordpress\/wp-json\/wp\/v2\/pages"}],"about":[{"href":"https:\/\/www.nachhaltiger-einkauf.de\/wordpress\/wp-json\/wp\/v2\/types\/page"}],"author":[{"embeddable":true,"href":"https:\/\/www.nachhaltiger-einkauf.de\/wordpress\/wp-json\/wp\/v2\/users\/1"}],"replies":[{"embeddable":true,"href":"https:\/\/www.nachhaltiger-einkauf.de\/wordpress\/wp-json\/wp\/v2\/comments?post=2623"}],"version-history":[{"count":27,"href":"https:\/\/www.nachhaltiger-einkauf.de\/wordpress\/wp-json\/wp\/v2\/pages\/2623\/revisions"}],"predecessor-version":[{"id":6626,"href":"https:\/\/www.nachhaltiger-einkauf.de\/wordpress\/wp-json\/wp\/v2\/pages\/2623\/revisions\/6626"}],"wp:attachment":[{"href":"https:\/\/www.nachhaltiger-einkauf.de\/wordpress\/wp-json\/wp\/v2\/media?parent=2623"}],"curies":[{"name":"wp","href":"https:\/\/api.w.org\/{rel}","templated":true}]}}