{"id":2766,"date":"2015-05-16T10:55:03","date_gmt":"2015-05-16T08:55:03","guid":{"rendered":"http:\/\/www.nachhaltiger-einkauf.de\/wordpress\/?page_id=2766"},"modified":"2021-02-24T22:41:48","modified_gmt":"2021-02-24T21:41:48","slug":"elektrofahrrader_pedelecs_e-bikes","status":"publish","type":"page","link":"https:\/\/www.nachhaltiger-einkauf.de\/wordpress\/mobilitat\/elektrofahrrader_pedelecs_e-bikes","title":{"rendered":"Elektrofahrr\u00e4der &#8211; Pedelecs und E-Bikes"},"content":{"rendered":"<p style=\"text-align: justify;\"><span style=\"font-family: verdana, geneva, sans-serif; font-size: 14px;\">Es gibt zwei verschiedene Arten von Elektrofahrr\u00e4dern: Das Pedelec und das E-Bike. \u201eEin <b>Pedelec<\/b> ist ein Elektrofahrrad, das die Tretbewegung unterst\u00fctzt: Nur wenn der Fahrer tritt, unterst\u00fctzt der Elektromotor. Bei einem <b>E-Bike<\/b> erfolgt die Motorunterst\u00fctzung durch Gasgeben, also unabh\u00e4ngig vom Treten des Fahrers. F\u00fcr die rechtliche Einordung kommt es auf die erzielbare H\u00f6chstgeschwindigkeit sowie auf die Motorleistung an. Davon h\u00e4ngt ab, unter welchen Voraussetzungen und wo mit einem solchen Gef\u00e4hrt am Stra\u00dfenverkehr teilgenommen werden darf.\u201c (<a href=\"https:\/\/www.adac.de\/infotestrat\/ratgeber-verkehr\/verkehrsrecht\/pedelecs-e-bikes\/default.aspx?ComponentId=83991&amp;SourcePageId=82762#tabid=tab2\" target=\"_blank\" rel=\"noopener noreferrer\">ADAC<\/a>&nbsp;07.05.2015)<\/span><\/p>\n<p style=\"text-align: justify;\"><span style=\"font-family: verdana, geneva, sans-serif; font-size: 14px;\">Pedelecs lassen sich in drei Gruppen einteilen:<\/span><\/p>\n<ul style=\"text-align: justify;\">\n<li><span style=\"font-family: verdana, geneva, sans-serif; font-size: 14px;\">Pedelec <strong>ohne Anfahrhilfe<\/strong> bis 25 km\/h. F\u00fcr dieses Pedelec bestehen weder eine F\u00fchrerschein- noch eine Helmpflicht. Auch wenn dies dringend zu empfehlen ist. Somit z\u00e4hlt es zu den Fahrr\u00e4dern.<\/span><\/li>\n<li><span style=\"font-family: verdana, geneva, sans-serif; font-size: 14px;\">Pedelec <strong>mit Anfahrhilfe<\/strong>, das hei\u00dft, dieses Fahrrad f\u00e4hrt auch ohne Mittreten bis zu 6 km\/h. Beim Mittreten unterst\u00fctzt der Motor das Fahrrad bis 25 km\/h.<\/span><\/li>\n<li><span style=\"font-family: verdana, geneva, sans-serif; font-size: 14px;\">Schnelles Pedelec, welches ohne Treten bis zu 20 km\/h fahren. Der Motor unterst\u00fctzt das Mittreten bis zu 45 km\/h. Hierbei handelt es sich um ein Kraftfahrzeug, das ein eigenes Versicherungskennzeichen ben\u00f6tigt. Zudem besteht eine Helm- und eine F\u00fchrerscheinpflicht der Klasse M.<\/span><\/li>\n<\/ul>\n<div id=\"attachment_3932\" style=\"width: 594px\" class=\"wp-caption aligncenter\"><img aria-describedby=\"caption-attachment-3932\" loading=\"lazy\" class=\"wp-image-3932 size-large\" src=\"http:\/\/www.nachhaltiger-einkauf.de\/wordpress\/wp-content\/uploads\/2015\/05\/14549570215_6dae24e86e_k-1024x704.jpg\" alt=\"Quelle: Flickr, Dornenwolf (Lizenz)\" data-id=\"3932\" width=\"584\" height=\"402\" srcset=\"https:\/\/www.nachhaltiger-einkauf.de\/wordpress\/wp-content\/uploads\/2015\/05\/14549570215_6dae24e86e_k-1024x704.jpg 1024w, https:\/\/www.nachhaltiger-einkauf.de\/wordpress\/wp-content\/uploads\/2015\/05\/14549570215_6dae24e86e_k-300x206.jpg 300w, https:\/\/www.nachhaltiger-einkauf.de\/wordpress\/wp-content\/uploads\/2015\/05\/14549570215_6dae24e86e_k-437x300.jpg 437w, https:\/\/www.nachhaltiger-einkauf.de\/wordpress\/wp-content\/uploads\/2015\/05\/14549570215_6dae24e86e_k-1000x687.jpg 1000w, https:\/\/www.nachhaltiger-einkauf.de\/wordpress\/wp-content\/uploads\/2015\/05\/14549570215_6dae24e86e_k.jpg 2048w\" sizes=\"(max-width: 584px) 100vw, 584px\" \/><p id=\"caption-attachment-3932\" class=\"wp-caption-text\">Quelle: Flickr, Dornenwolf<span style=\"font-size: 8pt;\"> (<a href=\"https:\/\/creativecommons.org\/licenses\/by-nd\/2.0\/legalcode\" target=\"_blank\" rel=\"noopener noreferrer\">Lizenz<\/a>)<\/span><\/p><\/div>\n<p style=\"text-align: justify;\"><span style=\"font-family: verdana, geneva, sans-serif; font-size: 14px;\">Auch die Elektro-Bikes werden in drei Kategorien eingeteilt:<\/span><\/p>\n<ul style=\"text-align: justify;\">\n<li><span style=\"font-family: verdana, geneva, sans-serif; font-size: 14px;\"><strong>E-Bikes bis 20 km\/h<\/strong> sind Leichtmofas, welche ein Versicherungskennzeichen besitzen m\u00fcssen. Zudem ben\u00f6tigt der Fahrer mindestens eine Mofapr\u00fcfbescheinigung, wenn er nach dem 31.03.1965 geboren worden ist. Allerdings sind diese E-Bike Fahrer von der Helmpflicht befreit. Trotzdem d\u00fcrfen Radwege nur befahren werden, wenn es durch das Schild \u201eMofa frei\u201c gekennzeichnet ist.<\/span><\/li>\n<li><span style=\"font-family: verdana, geneva, sans-serif; font-size: 14px;\"><strong>E-Bikes bis 25 km\/h<\/strong> sind Mofas, es besteht wie f\u00fcr alle Kleinkraftr\u00e4der eine Helmpflicht.<\/span><\/li>\n<li><span style=\"font-family: verdana, geneva, sans-serif; font-size: 14px;\"><strong>E-Bikes bis 45 km\/h<\/strong> sind ebenfalls Kleinkraftr\u00e4der. Diese d\u00fcrfen allerdings nur mit der F\u00fchrerscheinklasse M gefahren werden. Selbstverst\u00e4ndlich besteht auch hier die Helmpflicht. Radwege d\u00fcrfen nicht befahren werden.<\/span><\/li>\n<\/ul>\n<p style=\"text-align: justify;\"><span style=\"font-family: verdana, geneva, sans-serif; font-size: 14px;\">Bei der juristischen Einordnung von Pedelecs und E-Bikes haben ADAC Juristen die verschiedenen Modelle sowie technische Daten als PDF zusammengestellt. Diese finden Sie&nbsp;<strong><a href=\"https:\/\/www.adac.de\/_mmm\/pdf\/Pedelecs%26EBikes_112814.pdf\" target=\"_blank\" rel=\"noopener noreferrer\">hier<\/a><\/strong>.<\/span><\/p>\n<p style=\"text-align: justify;\"><span style=\"font-family: verdana, geneva, sans-serif; font-size: 14px;\">Testberichte zu E-Bikes finden Sie&nbsp;<strong><a href=\"http:\/\/www.testberichte.de\/testsieger\/level3_fahrrad_elektrofahrraeder_133.html\" target=\"_blank\" rel=\"noopener noreferrer\">hier<\/a>.<\/strong><\/span><\/p>\n<p>Quelle: https:\/\/www.adac.de\/infotestrat\/ratgeber-verkehr\/verkehrsrecht\/pedelecs-e-bikes\/default.aspx (29.06.2015)<\/p>\n","protected":false},"excerpt":{"rendered":"<p>Es gibt zwei verschiedene Arten von Elektrofahrr\u00e4dern: Das Pedelec und das E-Bike. \u201eEin Pedelec ist ein Elektrofahrrad, das die Tretbewegung unterst\u00fctzt: Nur wenn der Fahrer tritt, unterst\u00fctzt der Elektromotor. Bei einem E-Bike erfolgt die Motorunterst\u00fctzung durch Gasgeben, also unabh\u00e4ngig vom&hellip; <\/p>\n","protected":false},"author":1,"featured_media":0,"parent":2705,"menu_order":2,"comment_status":"open","ping_status":"open","template":"","meta":[],"_links":{"self":[{"href":"https:\/\/www.nachhaltiger-einkauf.de\/wordpress\/wp-json\/wp\/v2\/pages\/2766"}],"collection":[{"href":"https:\/\/www.nachhaltiger-einkauf.de\/wordpress\/wp-json\/wp\/v2\/pages"}],"about":[{"href":"https:\/\/www.nachhaltiger-einkauf.de\/wordpress\/wp-json\/wp\/v2\/types\/page"}],"author":[{"embeddable":true,"href":"https:\/\/www.nachhaltiger-einkauf.de\/wordpress\/wp-json\/wp\/v2\/users\/1"}],"replies":[{"embeddable":true,"href":"https:\/\/www.nachhaltiger-einkauf.de\/wordpress\/wp-json\/wp\/v2\/comments?post=2766"}],"version-history":[{"count":11,"href":"https:\/\/www.nachhaltiger-einkauf.de\/wordpress\/wp-json\/wp\/v2\/pages\/2766\/revisions"}],"predecessor-version":[{"id":6612,"href":"https:\/\/www.nachhaltiger-einkauf.de\/wordpress\/wp-json\/wp\/v2\/pages\/2766\/revisions\/6612"}],"up":[{"embeddable":true,"href":"https:\/\/www.nachhaltiger-einkauf.de\/wordpress\/wp-json\/wp\/v2\/pages\/2705"}],"wp:attachment":[{"href":"https:\/\/www.nachhaltiger-einkauf.de\/wordpress\/wp-json\/wp\/v2\/media?parent=2766"}],"curies":[{"name":"wp","href":"https:\/\/api.w.org\/{rel}","templated":true}]}}