{"id":2775,"date":"2015-05-16T11:20:29","date_gmt":"2015-05-16T09:20:29","guid":{"rendered":"http:\/\/www.nachhaltiger-einkauf.de\/wordpress\/?page_id=2775"},"modified":"2021-02-24T23:38:59","modified_gmt":"2021-02-24T22:38:59","slug":"bio-supermarkte","status":"publish","type":"page","link":"https:\/\/www.nachhaltiger-einkauf.de\/wordpress\/einkauf\/bio-supermarkte","title":{"rendered":"(Bio-) Superm\u00e4rkte"},"content":{"rendered":"<p style=\"text-align: justify;\"><span style=\"font-family: verdana, geneva, sans-serif;\">Sie wollen die Umwelt schonen, aber weiterhin bequem einkaufen? Dann sind Sie auf dieser Seite&nbsp;genau richtig, denn hier bekommen Sie einen \u00dcberblick \u00fcber Bio-Superm\u00e4rkte in der Region Ostw\u00fcrttemberg, aber auch&nbsp;in ganz Deutschland. Und Bio&nbsp;bedeutet auch nicht, dass sie Ihre Auswahl einschr\u00e4nken m\u00fcssen, denn die folgenden Bio-Superm\u00e4rkte liefern ein breites Spektrum unterschiedlichster Produkte.<\/span><\/p>\n<p style=\"text-align: justify;\"><span style=\"font-family: verdana, geneva, sans-serif;\">Sie fragen sich wozu auf Bio-Superm\u00e4rkte ausweichen? Ganz einfach, Sie unterst\u00fctzen damit nicht nur Ihre Region, sondern leisten auch einen Beitrag zur artgerechten Tierhaltung. Des Weiteren enthalten Biolebensmittel weniger Zusatzstoffe und sind meist ges\u00fcnder als herk\u00f6mmliche Produkte. Sie tun also nicht nur sich etwas Gutes damit, sondern leisten auch einen Beitrag zum effektiven Umweltschutz.<\/span><\/p>\n<p style=\"text-align: justify;\"><span style=\"font-family: verdana, geneva, sans-serif;\">Also schnappen Sie sich Ihre Einkaufstaschen und los geht es.&nbsp;<\/span><\/p>\n","protected":false},"excerpt":{"rendered":"<p>Sie wollen die Umwelt schonen, aber weiterhin bequem einkaufen? Dann sind Sie auf dieser Seite&nbsp;genau richtig, denn hier bekommen Sie einen \u00dcberblick \u00fcber Bio-Superm\u00e4rkte in der Region Ostw\u00fcrttemberg, aber auch&nbsp;in ganz Deutschland. Und Bio&nbsp;bedeutet auch nicht, dass sie Ihre Auswahl&hellip; <\/p>\n","protected":false},"author":1,"featured_media":0,"parent":1483,"menu_order":0,"comment_status":"open","ping_status":"open","template":"","meta":[],"_links":{"self":[{"href":"https:\/\/www.nachhaltiger-einkauf.de\/wordpress\/wp-json\/wp\/v2\/pages\/2775"}],"collection":[{"href":"https:\/\/www.nachhaltiger-einkauf.de\/wordpress\/wp-json\/wp\/v2\/pages"}],"about":[{"href":"https:\/\/www.nachhaltiger-einkauf.de\/wordpress\/wp-json\/wp\/v2\/types\/page"}],"author":[{"embeddable":true,"href":"https:\/\/www.nachhaltiger-einkauf.de\/wordpress\/wp-json\/wp\/v2\/users\/1"}],"replies":[{"embeddable":true,"href":"https:\/\/www.nachhaltiger-einkauf.de\/wordpress\/wp-json\/wp\/v2\/comments?post=2775"}],"version-history":[{"count":4,"href":"https:\/\/www.nachhaltiger-einkauf.de\/wordpress\/wp-json\/wp\/v2\/pages\/2775\/revisions"}],"predecessor-version":[{"id":6632,"href":"https:\/\/www.nachhaltiger-einkauf.de\/wordpress\/wp-json\/wp\/v2\/pages\/2775\/revisions\/6632"}],"up":[{"embeddable":true,"href":"https:\/\/www.nachhaltiger-einkauf.de\/wordpress\/wp-json\/wp\/v2\/pages\/1483"}],"wp:attachment":[{"href":"https:\/\/www.nachhaltiger-einkauf.de\/wordpress\/wp-json\/wp\/v2\/media?parent=2775"}],"curies":[{"name":"wp","href":"https:\/\/api.w.org\/{rel}","templated":true}]}}