{"id":2778,"date":"2015-05-16T11:26:32","date_gmt":"2015-05-16T09:26:32","guid":{"rendered":"http:\/\/www.nachhaltiger-einkauf.de\/wordpress\/?page_id=2778"},"modified":"2021-02-25T00:18:04","modified_gmt":"2021-02-24T23:18:04","slug":"cradle-to-cradle","status":"publish","type":"page","link":"https:\/\/www.nachhaltiger-einkauf.de\/wordpress\/definitionen_nachhaltigkeit\/cradle-to-cradle","title":{"rendered":"Cradle to Cradle"},"content":{"rendered":"<p style=\"text-align: justify;\"><span style=\"font-family: verdana, geneva; font-size: 14px;\">J\u00e4hrlich verursacht jeder Einwohner in Deutschland im Schnitt 450 Kilogramm M\u00fcll, davon sind nur knapp 100 Kilogramm biologisch abbaubar. Der Chemiker Michael Braungart und der US-Architekt William McDonough entwickelten ein Konzept, bei dem es m\u00f6glich ist, keinen M\u00fcll mehr zu produzieren. Diese Vision nennt sich<strong> Cradle to Cradle<\/strong> (C2C) \u2013 auf Deutsch \u201evon der Wiege zur Wiege\u201c.<\/span><\/p>\n<p><iframe width=\"700\" height=\"394\" src=\"https:\/\/www.youtube.com\/embed\/g1tIGLy3PHw?feature=oembed\" frameborder=\"0\" gesture=\"media\" allow=\"encrypted-media\" allowfullscreen><\/iframe><\/p>\n<p style=\"text-align: justify;\"><span style=\"font-family: verdana, geneva; font-size: 14px;\">Cradle to Cradle steht dabei f\u00fcr kontinuierliche <b>Materialkreisl\u00e4ufe<\/b>, wichtig ist allerdings, dass alle Materialien gesund f\u00fcr Mensch und Umwelt sind. Es wird zwischen zwei Kreisl\u00e4ufen unterschieden: dem biologischen und dem technischen. Der biologische beinhaltet alle N\u00e4hrstoffe, die aus Verbrauchsg\u00fctern stammen. Die Materialien sind kompostierf\u00e4hig und nicht sch\u00e4dlich f\u00fcr die Gesundheit und Umwelt. Im technischen Kreislauf fallen alle N\u00e4hrstoffe an, die aus Gebrauchsg\u00fctern entspringen. Diese Stoffe, wie z.B. Metalle, stehen nur begrenzt zur Verf\u00fcgung. Aus diesem Grund ist es noch wichtiger alle eingesetzten Materialien in einem Kreislauf zu halten, um diese immer wieder verwenden zu k\u00f6nnen.<\/span><\/p>\n<p style=\"text-align: justify;\"><span style=\"font-family: verdana, geneva; font-size: 14px;\">Das Kreislaufkonzept basiert auf <b>drei Prinzipien<\/b>, die aus der Natur abgeleitet sind:<\/span><\/p>\n<ol style=\"text-align: justify;\">\n<li><span style=\"font-family: verdana, geneva; font-size: 14px;\"><strong>Abfall ist Nahrung oder Nahrung ist Nahrung:<br \/>\n<\/strong>Das erste Prinzip bedeutet, dass alles zu N\u00e4hrstoffen wird. Anhand eines Kirschbaums l\u00e4sst sich das C2C-Konzept veranschaulichen:&nbsp;Der Baum produziert in kurzer Zeit sehr viele Bl\u00fcten, die dem ersten Anschein nach eine Verschwendung darstellen. \u00d6kologisch gesehen gelangen aber alle Bestandteile des Kirschbaums durch Kompostierung in biologische Kreisl\u00e4ufe zur\u00fcck. Nicht nur die Umwandlung dessen in n\u00e4hrstoffreichen Humus ist positiv. Der Kirschbaum filtert zus\u00e4tzlich die Luft, wandelt Kohlenstoffdioxid in Sauerstoff um und bietet somit einen Lebensraum f\u00fcr Mensch und Tier.&nbsp;Genau so sollen C2C-Produkte funktionieren: Sie sollen wiederverwendbar sein, die Umwelt nicht sch\u00e4digen und dabei einen positiven Nebeneffekt erzielen.<\/span><\/li>\n<li><span style=\"font-family: verdana, geneva; font-size: 14px;\"><strong>Nutzung erneuerbarer Energien:<\/strong><b><br \/>\n<\/b>Dieses Prinzip fordert eine Umstrukturierung der heutigen Energiegewinnung. Nicht nur die Produkte sollen in Kreisl\u00e4ufen wandern, die Energie, mit der diese Produkte erzeugt werden, soll ebenfalls aus erneuerbaren Quellen stammen. Erneuerbare Energien, Sonne, Wind, Wasser und Erdw\u00e4rme sind daher grundlegend f\u00fcr einen vollst\u00e4ndigen Kreislauf.<\/span><\/li>\n<li><span style=\"font-family: verdana, geneva; font-size: 14px;\"><strong>Unterst\u00fctzung von Diversit\u00e4t:<br \/>\n<\/strong>In unserer heutigen Welt stecken \u00fcberall Einheitsgr\u00f6\u00dfen, Vereinfachungen und Zerst\u00f6rungen der Vielfalt. Aufgrund der vielen unterschiedlichen Menschen, Kulturen und W\u00fcnsche sollen auch die Produkte, soweit wie m\u00f6glich, in ihrer nat\u00fcrlichen Form konsumiert werden.<\/span><\/li>\n<\/ol>\n<p>&nbsp;<\/p>\n<p style=\"text-align: justify;\">F\u00fcr weitere Informationen rund um das Thema \u201eCradle-to-Cradle\u201c steht Ihnen die Website des Vereins zur Verf\u00fcgung: <a href=\"http:\/\/www.c2c-ev.de\/\">www.c2c-ev.de<\/a><\/p>\n","protected":false},"excerpt":{"rendered":"<p>J\u00e4hrlich verursacht jeder Einwohner in Deutschland im Schnitt 450 Kilogramm M\u00fcll, davon sind nur knapp 100 Kilogramm biologisch abbaubar. Der Chemiker Michael Braungart und der US-Architekt William McDonough entwickelten ein Konzept, bei dem es m\u00f6glich ist, keinen M\u00fcll mehr zu&hellip; <\/p>\n","protected":false},"author":1,"featured_media":0,"parent":7,"menu_order":0,"comment_status":"open","ping_status":"open","template":"","meta":[],"_links":{"self":[{"href":"https:\/\/www.nachhaltiger-einkauf.de\/wordpress\/wp-json\/wp\/v2\/pages\/2778"}],"collection":[{"href":"https:\/\/www.nachhaltiger-einkauf.de\/wordpress\/wp-json\/wp\/v2\/pages"}],"about":[{"href":"https:\/\/www.nachhaltiger-einkauf.de\/wordpress\/wp-json\/wp\/v2\/types\/page"}],"author":[{"embeddable":true,"href":"https:\/\/www.nachhaltiger-einkauf.de\/wordpress\/wp-json\/wp\/v2\/users\/1"}],"replies":[{"embeddable":true,"href":"https:\/\/www.nachhaltiger-einkauf.de\/wordpress\/wp-json\/wp\/v2\/comments?post=2778"}],"version-history":[{"count":17,"href":"https:\/\/www.nachhaltiger-einkauf.de\/wordpress\/wp-json\/wp\/v2\/pages\/2778\/revisions"}],"predecessor-version":[{"id":6661,"href":"https:\/\/www.nachhaltiger-einkauf.de\/wordpress\/wp-json\/wp\/v2\/pages\/2778\/revisions\/6661"}],"up":[{"embeddable":true,"href":"https:\/\/www.nachhaltiger-einkauf.de\/wordpress\/wp-json\/wp\/v2\/pages\/7"}],"wp:attachment":[{"href":"https:\/\/www.nachhaltiger-einkauf.de\/wordpress\/wp-json\/wp\/v2\/media?parent=2778"}],"curies":[{"name":"wp","href":"https:\/\/api.w.org\/{rel}","templated":true}]}}