{"id":2785,"date":"2015-05-16T11:30:26","date_gmt":"2015-05-16T09:30:26","guid":{"rendered":"http:\/\/www.nachhaltiger-einkauf.de\/wordpress\/?page_id=2785"},"modified":"2021-02-24T23:13:05","modified_gmt":"2021-02-24T22:13:05","slug":"10-tipps-zum-energiesparen","status":"publish","type":"page","link":"https:\/\/www.nachhaltiger-einkauf.de\/wordpress\/nachhaltiges-bauen\/energie\/10-tipps-zum-energiesparen","title":{"rendered":"10 Tipps zum Energiesparen"},"content":{"rendered":"<p style=\"text-align: justify;\"><span style=\"font-family: verdana, geneva; font-size: 14px;\">Jeder ist verantwortlich f\u00fcr die Umwelt und kann zum Klimaschutz beitragen. Wenn alle nachhaltig mitwirken kann Gro\u00dfes geschaffen werden!<\/span><\/p>\n<p style=\"text-align: justify;\"><span style=\"font-family: verdana, geneva; font-size: 14px;\">Energie sparen f\u00e4ngt im Haushalt an. Deswegen haben Wir f\u00fcr Sie 10 Tipps zusammengestellt, wie Sie ganz einfach Energie sparen k\u00f6nnen:<\/span><\/p>\n<p style=\"text-align: justify;\"><span style=\"font-family: verdana, geneva; font-size: 14px;\"><strong>1.&nbsp;Tageslicht nutzen<\/strong><\/span><\/p>\n<p><span style=\"font-family: verdana, geneva, sans-serif;\"> Nutzen Sie das Tageslicht, so lang und gut es geht. Dabei k\u00f6nnen Sie Energie f\u00fcr unn\u00f6tige Beleuchtung sparen. Bei wei\u00dfen W\u00e4nden l\u00e4sst sich das Tageslicht \u00fcbrigens am besten ausnutzen.<\/span><\/p>\n<p style=\"text-align: justify;\"><span style=\"font-family: verdana, geneva; font-size: 14px;\"><strong>2.&nbsp;Richtige Leuchtmittel w\u00e4hlen<\/strong><\/span><\/p>\n<p>Die beste L\u00f6sung stellen LED-Lampen dar. Diese sind zwar teuer in der Anschaffung, das gleicht sich aber durch den geringen Energieverbrauch schnell aus. Mit LED-Lampen lassen sich im Vergleich zu herk\u00f6mmlichen Gl\u00fchbirnen bis zu 85% Energie sparen.<\/p>\n<p style=\"text-align: justify;\"><span style=\"font-family: verdana, geneva; font-size: 14px;\"><strong>3.&nbsp;Keine Plastikt\u00fcten verwenden<\/strong><\/span><\/p>\n<p>Plastikt\u00fcten verbrauchen bei der Herstellung und der Entsorgung eine Menge Energie. Nehmen Sie deshalb am besten immer von zu Hause eine Tasche mit zum Einkaufen, die Sie mehrfach verwenden k\u00f6nnen.<\/p>\n<p style=\"text-align: justify;\"><span style=\"font-family: verdana, geneva; font-size: 14px;\"><strong>4.&nbsp;Wasserverbrauch senken<\/strong><\/span><\/p>\n<p>Mithilfe von speziellen Aufs\u00e4tzen f\u00fcr Duschkopf und Wasserhahn k\u00f6nnen Sie um die H\u00e4lfte weniger Wasser und Energie verbrauchen.<\/p>\n<p style=\"text-align: justify;\"><span style=\"font-family: verdana, geneva; font-size: 14px;\"><strong>5.&nbsp;Energieeffizienzklasse A<\/strong><\/span><\/p>\n<p>Beim Kauf von Waschmaschinen, K\u00fchlschr\u00e4nken oder anderen Elektroger\u00e4ten richten Sie sich nach den Energieklassen. Auf die Klassen G bis A sollte verzichtet werden, am besten sind hierbei die Klassen A+ bis A+++.<\/p>\n<p style=\"text-align: justify;\"><span style=\"font-family: verdana, geneva; font-size: 14px;\"><strong>6.&nbsp;Sp\u00fclmaschine voll machen<\/strong><\/span><\/p>\n<p>Laden sie Ihre Sp\u00fclmaschine m\u00f6glichst voll und schalten Sie das Sparprogramm ein. Das Geschirr sollten Sie nicht vorsp\u00fclen, da hierbei unn\u00f6tig Wasser verschwendet wird.<\/p>\n<p style=\"text-align: justify;\"><span style=\"font-family: verdana, geneva; font-size: 14px;\"><strong>7.&nbsp;F\u00fcr jeden Topf gibt es einen passenden Deckel<\/strong><\/span><\/p>\n<p>Kochen mit Deckel spart ein Drittel Energie, w\u00e4hlen Sie deshalb immer beim Kauf eines Topfes den richtigen Deckel mit aus.<\/p>\n<p style=\"text-align: justify;\"><span style=\"font-family: verdana, geneva; font-size: 14px;\"><strong>8. Ausschalten statt Stand-By<\/strong><b><\/b><\/span><\/p>\n<p>Schalten Sie ihre Bildschirme und Fernseher aus wenn diese nicht in Benutzung sind oder benutzen Sie eine Zeitschaltuhr. Wenn Sie nur eine Pause machen, versetzen Sie das Ger\u00e4t in den Ruhezustand.<\/p>\n<p style=\"text-align: justify;\"><span style=\"font-family: verdana, geneva; font-size: 14px;\"><strong>9. Abschaltbare Mehrfachsteckdosen&nbsp;<\/strong><\/span><\/p>\n<p><span style=\"font-family: verdana, geneva, sans-serif;\"> Benutzen Sie Mehrfachsteckdosen die Sie anhand eines Schalters ausschalten k\u00f6nnen. Diese bekommen Sie kosteng\u00fcnstig und k\u00f6nnen damit eine Menge Energie sparen, indem Sie Ihre Ger\u00e4te schnell und einfach abschalten.<br \/>\n<\/span><\/p>\n<p style=\"text-align: justify;\"><span style=\"font-family: verdana, geneva; font-size: 14px;\"><strong>10. Ladeger\u00e4te vom Netz trennen<\/strong><b><\/b><\/span><\/p>\n<p>Egal ob f\u00fcrs Handy, den Laptop oder den Rasierer: Ziehen Sie das Ladeger\u00e4t nach Gebrauch aus der Steckdose.<\/p>\n<p style=\"text-align: justify;\">Mit dem <a href=\"http:\/\/www.nachhaltiger-einkauf.de\/wordpress\/apps\/oekorechner\">\u00d6korechner<\/a> k\u00f6nnen Sie Ihren durchschnittlichen Energieverbrauch berechnen und im Vergleich dazu auch den Energieverbrauch bei Verwendung von energiesparsamen Produkten.<\/p>\n<p style=\"text-align: justify;\">_________________________________________________________________________<\/p>\n<p style=\"text-align: left;\"><span style=\"font-family: verdana, geneva, sans-serif; font-size: 8pt;\"><strong>Quelle<\/strong><strong>:<a href=\"http:\/\/www.wwf.de\/aktiv-werden\/tipps-fuer-den-alltag\/energie-spartipps\/strom-sparen\/\" target=\"_blank\" rel=\"noopener noreferrer\">&nbsp;<\/a><\/strong><a href=\"http:\/\/www.wwf.de\/aktiv-werden\/tipps-fuer-den-alltag\/energie-spartipps\/strom-sparen\/\" target=\"_blank\" rel=\"noopener noreferrer\">http:\/\/www.wwf.de\/aktiv-werden\/tipps-fuer-den-alltag\/energie-spartipps\/strom-sparen\/<\/a> (10.05.2015);&nbsp;<a href=\"http:\/\/reset.org\/act\/elf-tipps-zum-energiesparen-haushalt-buero-und-kueche\" target=\"_blank\" rel=\"noopener noreferrer\">http:\/\/reset.org\/act\/elf-tipps-zum-energiesparen-haushalt-buero-und-kueche<\/a> (10.05.2015)<\/span><\/p>\n","protected":false},"excerpt":{"rendered":"<p>Jeder ist verantwortlich f\u00fcr die Umwelt und kann zum Klimaschutz beitragen. Wenn alle nachhaltig mitwirken kann Gro\u00dfes geschaffen werden! Energie sparen f\u00e4ngt im Haushalt an. Deswegen haben Wir f\u00fcr Sie 10 Tipps zusammengestellt, wie Sie ganz einfach Energie sparen k\u00f6nnen:&hellip; <\/p>\n","protected":false},"author":1,"featured_media":0,"parent":2781,"menu_order":0,"comment_status":"open","ping_status":"open","template":"","meta":[],"_links":{"self":[{"href":"https:\/\/www.nachhaltiger-einkauf.de\/wordpress\/wp-json\/wp\/v2\/pages\/2785"}],"collection":[{"href":"https:\/\/www.nachhaltiger-einkauf.de\/wordpress\/wp-json\/wp\/v2\/pages"}],"about":[{"href":"https:\/\/www.nachhaltiger-einkauf.de\/wordpress\/wp-json\/wp\/v2\/types\/page"}],"author":[{"embeddable":true,"href":"https:\/\/www.nachhaltiger-einkauf.de\/wordpress\/wp-json\/wp\/v2\/users\/1"}],"replies":[{"embeddable":true,"href":"https:\/\/www.nachhaltiger-einkauf.de\/wordpress\/wp-json\/wp\/v2\/comments?post=2785"}],"version-history":[{"count":15,"href":"https:\/\/www.nachhaltiger-einkauf.de\/wordpress\/wp-json\/wp\/v2\/pages\/2785\/revisions"}],"predecessor-version":[{"id":6621,"href":"https:\/\/www.nachhaltiger-einkauf.de\/wordpress\/wp-json\/wp\/v2\/pages\/2785\/revisions\/6621"}],"up":[{"embeddable":true,"href":"https:\/\/www.nachhaltiger-einkauf.de\/wordpress\/wp-json\/wp\/v2\/pages\/2781"}],"wp:attachment":[{"href":"https:\/\/www.nachhaltiger-einkauf.de\/wordpress\/wp-json\/wp\/v2\/media?parent=2785"}],"curies":[{"name":"wp","href":"https:\/\/api.w.org\/{rel}","templated":true}]}}