{"id":3869,"date":"2015-06-23T21:34:24","date_gmt":"2015-06-23T19:34:24","guid":{"rendered":"http:\/\/www.nachhaltiger-einkauf.de\/wordpress\/?page_id=3869"},"modified":"2021-02-25T00:20:43","modified_gmt":"2021-02-24T23:20:43","slug":"beispielhafte-unternehmen","status":"publish","type":"page","link":"https:\/\/www.nachhaltiger-einkauf.de\/wordpress\/definitionen_nachhaltigkeit\/cradle-to-cradle\/beispielhafte-unternehmen","title":{"rendered":"Beispielhafte Unternehmen"},"content":{"rendered":"<p style=\"text-align: justify;\">Eine Firma, die ihre Produktion auf das C2C-Konzept umstellt, hat nicht nur Vorteile im Bereich der Reputation. Mit diesem Konzept kann viel Geld eingespart werden, da durch die Wiederverwendbarkeit von Materialien keine neuen Rohstoffe gekauft werden m\u00fcssen. Dabei gehen einige Firmen heute schon als Vorbild voran. Im Folgenden haben wir f\u00fcr Sie Beispiele von Firmen und deren Produkten, die anhand des C2C-Konzeptes arbeiten aufgez\u00e4hlt.<\/p>\n<table border=\"0\">\n<tbody>\n<tr>\n<td><\/td>\n<td><img loading=\"lazy\" class=\"aligncenter wp-image-2805 size-medium\" src=\"https:\/\/www.nachhaltiger-einkauf.de\/wordpress\/wp-content\/uploads\/2015\/05\/Stabilo-logo-300x58.gif\" alt=\"cradle, Stabilo logo\" data-id=\"2805\" width=\"300\" height=\"58\">Die<strong>&nbsp;<\/strong><strong>Schwan-STABILO Schwanh\u00e4u\u00dfer GmbH &amp; Co. KG<\/strong>&nbsp;produziert und verkauft einen C2C-Stift \u201eGREENpoint\u201c, der zu 96% aus recyceltem Kunststoff besteht.<\/td>\n<\/tr>\n<tr>\n<td><\/td>\n<td><img loading=\"lazy\" class=\"aligncenter wp-image-2808 size-thumbnail\" src=\"https:\/\/www.nachhaltiger-einkauf.de\/wordpress\/wp-content\/uploads\/2015\/05\/Trigema_logo-150x150.png\" alt=\"cradle, Trigema_logo\" data-id=\"2808\" width=\"150\" height=\"150\" srcset=\"https:\/\/www.nachhaltiger-einkauf.de\/wordpress\/wp-content\/uploads\/2015\/05\/Trigema_logo-150x150.png 150w, https:\/\/www.nachhaltiger-einkauf.de\/wordpress\/wp-content\/uploads\/2015\/05\/Trigema_logo-120x120.png 120w\" sizes=\"(max-width: 150px) 100vw, 150px\" \/>Die in der Textilproduktion t\u00e4tige&nbsp;<strong>Trigema GmbH &amp; Co. KG<\/strong>&nbsp;vertreibt ein komplett kompostierbares T-Shirt.<\/td>\n<\/tr>\n<tr>\n<td><\/td>\n<td><img loading=\"lazy\" class=\"aligncenter wp-image-2806 size-full\" src=\"https:\/\/www.nachhaltiger-einkauf.de\/wordpress\/wp-content\/uploads\/2015\/05\/Triumph-logo.png\" alt=\"cradle, Triumph logo\" data-id=\"2806\" width=\"200\" height=\"47\">Als Hersteller von Unterw\u00e4sche produziert die&nbsp;<strong>Triumph International Spiesshofer &amp; Braun KG<\/strong>&nbsp;ebenfalls kompostierbare BHs.<\/td>\n<\/tr>\n<tr>\n<td><\/td>\n<td><img loading=\"lazy\" class=\"aligncenter wp-image-2807\" src=\"https:\/\/www.nachhaltiger-einkauf.de\/wordpress\/wp-content\/uploads\/2015\/05\/Frosch-logo-300x209.png\" alt=\"cradle, Frosch logo\" data-id=\"2807\" width=\"176\" height=\"126\">Verpackung und Inhalt der Haushaltsreinigermarke <strong>Frosch<\/strong> sind umweltschonend und aus nachwachsenden Rohstoffen hergestellt.<\/td>\n<\/tr>\n<\/tbody>\n<\/table>\n","protected":false},"excerpt":{"rendered":"<p>Eine Firma, die ihre Produktion auf das C2C-Konzept umstellt, hat nicht nur Vorteile im Bereich der Reputation. Mit diesem Konzept kann viel Geld eingespart werden, da durch die Wiederverwendbarkeit von Materialien keine neuen Rohstoffe gekauft werden m\u00fcssen. Dabei gehen einige&hellip; <\/p>\n","protected":false},"author":1,"featured_media":0,"parent":2778,"menu_order":0,"comment_status":"open","ping_status":"open","template":"","meta":[],"_links":{"self":[{"href":"https:\/\/www.nachhaltiger-einkauf.de\/wordpress\/wp-json\/wp\/v2\/pages\/3869"}],"collection":[{"href":"https:\/\/www.nachhaltiger-einkauf.de\/wordpress\/wp-json\/wp\/v2\/pages"}],"about":[{"href":"https:\/\/www.nachhaltiger-einkauf.de\/wordpress\/wp-json\/wp\/v2\/types\/page"}],"author":[{"embeddable":true,"href":"https:\/\/www.nachhaltiger-einkauf.de\/wordpress\/wp-json\/wp\/v2\/users\/1"}],"replies":[{"embeddable":true,"href":"https:\/\/www.nachhaltiger-einkauf.de\/wordpress\/wp-json\/wp\/v2\/comments?post=3869"}],"version-history":[{"count":3,"href":"https:\/\/www.nachhaltiger-einkauf.de\/wordpress\/wp-json\/wp\/v2\/pages\/3869\/revisions"}],"predecessor-version":[{"id":6665,"href":"https:\/\/www.nachhaltiger-einkauf.de\/wordpress\/wp-json\/wp\/v2\/pages\/3869\/revisions\/6665"}],"up":[{"embeddable":true,"href":"https:\/\/www.nachhaltiger-einkauf.de\/wordpress\/wp-json\/wp\/v2\/pages\/2778"}],"wp:attachment":[{"href":"https:\/\/www.nachhaltiger-einkauf.de\/wordpress\/wp-json\/wp\/v2\/media?parent=3869"}],"curies":[{"name":"wp","href":"https:\/\/api.w.org\/{rel}","templated":true}]}}