{"id":387,"date":"2013-05-04T13:59:12","date_gmt":"2013-05-04T11:59:12","guid":{"rendered":"http:\/\/www.nachhaltiger-einkauf.de\/wordpress\/?page_id=387"},"modified":"2021-02-24T23:46:30","modified_gmt":"2021-02-24T22:46:30","slug":"lebensmittel","status":"publish","type":"page","link":"https:\/\/www.nachhaltiger-einkauf.de\/wordpress\/einkauf\/lebensmittel","title":{"rendered":"Lebensmittel"},"content":{"rendered":"<p style=\"text-align: justify;\"><span style=\"font-family: verdana, geneva; font-size: 14px;\">Die Ern\u00e4hrung kann und sollte ein wichtiger Faktor f\u00fcr einen nachhaltigen Lebensstil sein.<\/span><\/p>\n<p style=\"text-align: justify;\"><span style=\"font-family: verdana, geneva; font-size: 14px;\">Dazu k\u00f6nnen folgende Ma\u00dfnahmen getroffen werden:<\/span><\/p>\n<ul style=\"text-align: justify;\">\n<li><span style=\"font-size: 14px; font-family: verdana, geneva;\">Kaufen Sie&nbsp;regionaler Produkte, um Transportwege zu vermeiden<\/span><\/li>\n<li><span style=\"font-size: 14px; font-family: verdana, geneva;\">Kaufen Sie&nbsp;von saisonalem Gem\u00fcse nur in der entsprechenden Zeit<\/span><\/li>\n<li><span style=\"font-size: 14px; font-family: verdana, geneva;\">Kaufen Sie biologisch erzeugte Lebensmittel<\/span><\/li>\n<li><span style=\"font-size: 14px; font-family: verdana, geneva;\">Energie- und ressourcenaufwendige Produkte wie Fleisch nur in geringer Menge essen<\/span><\/li>\n<li><span style=\"font-size: 14px;\"><span style=\"font-family: verdana, geneva;\">Beim Kau<\/span>f von Nahrungsmitteln wie Fisch oder Wild besonders auf nachhaltige Erzeugung achten<\/span><\/li>\n<\/ul>\n<p style=\"text-align: justify;\"><span style=\"font-family: verdana, geneva; font-size: 14px;\">Um&nbsp;Ihnen die Suche nach Bio-Lebensmitteln zu erleichtern,&nbsp;finden Sie&nbsp;in dieser Rubrik Vorschl\u00e4ge zu regionalen und deutschlandweiten Bio-Superm\u00e4rkten sowie nachhaltigen Unternehmen in der Lebensmittel-Branche.<\/span><\/p>\n<p style=\"text-align: justify;\"><span style=\"font-family: verdana, geneva; font-size: 14px;\"><span class=\"bk-button-wrapper\"><a href=\"http:\/\/www.spiegel.de\/quiztool\/quiztool-61653.html?a=&amp;aa=1\" target=\"_blank\" class=\"bk-button green left circle big\">Entlarven Sie die gr\u00f6\u00dften Bio-Mythen<\/a><\/span><\/span><\/p>\n<p style=\"text-align: justify;\"><span style=\"font-family: verdana, geneva; font-size: 14px;\">&nbsp;<\/span><\/p>\n","protected":false},"excerpt":{"rendered":"<p>Die Ern\u00e4hrung kann und sollte ein wichtiger Faktor f\u00fcr einen nachhaltigen Lebensstil sein. Dazu k\u00f6nnen folgende Ma\u00dfnahmen getroffen werden: Kaufen Sie&nbsp;regionaler Produkte, um Transportwege zu vermeiden Kaufen Sie&nbsp;von saisonalem Gem\u00fcse nur in der entsprechenden Zeit Kaufen Sie biologisch erzeugte Lebensmittel&hellip; <\/p>\n","protected":false},"author":1,"featured_media":0,"parent":1483,"menu_order":24,"comment_status":"open","ping_status":"closed","template":"","meta":[],"_links":{"self":[{"href":"https:\/\/www.nachhaltiger-einkauf.de\/wordpress\/wp-json\/wp\/v2\/pages\/387"}],"collection":[{"href":"https:\/\/www.nachhaltiger-einkauf.de\/wordpress\/wp-json\/wp\/v2\/pages"}],"about":[{"href":"https:\/\/www.nachhaltiger-einkauf.de\/wordpress\/wp-json\/wp\/v2\/types\/page"}],"author":[{"embeddable":true,"href":"https:\/\/www.nachhaltiger-einkauf.de\/wordpress\/wp-json\/wp\/v2\/users\/1"}],"replies":[{"embeddable":true,"href":"https:\/\/www.nachhaltiger-einkauf.de\/wordpress\/wp-json\/wp\/v2\/comments?post=387"}],"version-history":[{"count":36,"href":"https:\/\/www.nachhaltiger-einkauf.de\/wordpress\/wp-json\/wp\/v2\/pages\/387\/revisions"}],"predecessor-version":[{"id":6642,"href":"https:\/\/www.nachhaltiger-einkauf.de\/wordpress\/wp-json\/wp\/v2\/pages\/387\/revisions\/6642"}],"up":[{"embeddable":true,"href":"https:\/\/www.nachhaltiger-einkauf.de\/wordpress\/wp-json\/wp\/v2\/pages\/1483"}],"wp:attachment":[{"href":"https:\/\/www.nachhaltiger-einkauf.de\/wordpress\/wp-json\/wp\/v2\/media?parent=387"}],"curies":[{"name":"wp","href":"https:\/\/api.w.org\/{rel}","templated":true}]}}