{"id":393,"date":"2013-05-05T13:07:16","date_gmt":"2013-05-05T11:07:16","guid":{"rendered":"http:\/\/www.nachhaltiger-einkauf.de\/wordpress\/?page_id=393"},"modified":"2021-02-25T00:27:40","modified_gmt":"2021-02-24T23:27:40","slug":"region-bio-supermarkte-2","status":"publish","type":"page","link":"https:\/\/www.nachhaltiger-einkauf.de\/wordpress\/einkauf\/lebensmittel\/region-bio-supermarkte-2","title":{"rendered":"Region Ostw\u00fcrttemberg"},"content":{"rendered":"<p><span style=\"font-family: verdana, geneva; font-size: 14px;\">&nbsp;<img loading=\"lazy\" class=\"alignnone wp-image-5331\" src=\"http:\/\/www.nachhaltiger-einkauf.de\/wordpress\/wp-content\/uploads\/2013\/05\/Logo-300x117.jpg\" alt=\"\" data-id=\"5331\" width=\"351\" height=\"137\" srcset=\"https:\/\/www.nachhaltiger-einkauf.de\/wordpress\/wp-content\/uploads\/2013\/05\/Logo-300x117.jpg 300w, https:\/\/www.nachhaltiger-einkauf.de\/wordpress\/wp-content\/uploads\/2013\/05\/Logo-768x301.jpg 768w, https:\/\/www.nachhaltiger-einkauf.de\/wordpress\/wp-content\/uploads\/2013\/05\/Logo.jpg 920w\" sizes=\"(max-width: 351px) 100vw, 351px\" \/><\/span><\/p>\n<p><strong><u>unverpackt GD<\/u><\/strong><\/p>\n<p>Kalten Markt 12<\/p>\n<p>73525 Schw\u00e4bisch Gm\u00fcnd<\/p>\n<p>&nbsp;<\/p>\n<p><u>\u00d6ffnungszeiten:<\/u><\/p>\n<p>Montag&nbsp;&nbsp;&nbsp;&nbsp;&nbsp;&nbsp;&nbsp;&nbsp; 09:00 &#8211; 14:00 Uhr<\/p>\n<p>Dienstag&nbsp;&nbsp;&nbsp;&nbsp;&nbsp;&nbsp; 09:00 &#8211; 18:00 Uhr<\/p>\n<p>Mittwoch&nbsp;&nbsp;&nbsp;&nbsp;&nbsp; 09:00 &#8211; 18:00 Uhr<\/p>\n<p>Donnerstag&nbsp; 09:00 &#8211; 18:00 Uhr<\/p>\n<p>Freitag&nbsp;&nbsp;&nbsp;&nbsp;&nbsp;&nbsp;&nbsp;&nbsp; 09:00 &#8211; 18:00 Uhr<\/p>\n<p>Samstag&nbsp;&nbsp;&nbsp;&nbsp;&nbsp;&nbsp; 09:00 &#8211; 14:00 Uhr<\/p>\n<p>&nbsp;<\/p>\n<p>Homepage: http:\/\/www.unverpackt-gd.de\/<\/p>\n<p><span style=\"font-family: verdana, geneva; font-size: 14px; color: #999999;\">________________________________________________________________<\/span><\/p>\n<p><span style=\"font-family: verdana, geneva; font-size: 14px;\"><img loading=\"lazy\" class=\"alignnone wp-image-1702 size-full\" src=\"http:\/\/www.nachhaltiger-einkauf.de\/wordpress\/wp-content\/uploads\/2013\/05\/image.jpg\" alt=\"region, image\" width=\"209\" height=\"157\"><\/span><\/p>\n<p><span style=\"text-decoration: underline; font-size: 14px; font-family: verdana, geneva;\"><strong>Reformhaus Kaliss<\/strong><\/span><\/p>\n<p><span style=\"font-family: verdana, geneva; font-size: 14px;\">N\u00f6rdlicher Stadtgraben 6<\/span><br \/>\n<span style=\"font-family: verdana, geneva; font-size: 14px;\"> 73430 Aalen<\/span><\/p>\n<p><span style=\"text-decoration: underline; font-family: verdana, geneva; font-size: 14px;\">\u00d6ffnungszeiten:<\/span><br \/>\n<span style=\"font-family: verdana, geneva; font-size: 14px;\"> Mo &#8211; Di: 9.00 &#8211; 20.00 Uhr<\/span><br \/>\n<span style=\"font-family: verdana, geneva; font-size: 14px;\"> Mi: 8.00 &#8211; 20.00 Uhr<\/span><br \/>\n<span style=\"font-family: verdana, geneva; font-size: 14px;\"> Do &#8211; Fr: 9.00 &#8211; 20.00 Uhr<\/span><br \/>\n<span style=\"font-family: verdana, geneva; font-size: 14px;\"> Sa: 8.00 &#8211; 20.00 Uhr<\/span><\/p>\n<p><span style=\"font-family: verdana, geneva; font-size: 14px; text-decoration: underline;\"><strong>Reformhaus Kaliss<\/strong><\/span><\/p>\n<p><span style=\"font-family: tahoma,arial,helvetica,sans-serif;\">Ledergasse 44 \/ Remsgalerie<\/span><\/p>\n<p><span style=\"font-family: tahoma,arial,helvetica,sans-serif;\">73525 Schw\u00e4bisch Gm\u00fcnd<\/span><\/p>\n<p><span style=\"font-family: tahoma,arial,helvetica,sans-serif; font-size: 14px; text-decoration: underline;\">\u00d6ffnungszeiten:<\/span><\/p>\n<p><span style=\"font-family: tahoma,arial,helvetica,sans-serif;\">Mo- Sa: 9:00 &#8211; 20:00 Uhr<\/span><\/p>\n<p>&nbsp;<\/p>\n<p>Homepage: http:\/\/www.reformhaus-kaliss.de\/reformhaus-kaliss\/reformhaus-kaliss-aalen<\/p>\n<p><span style=\"font-family: verdana, geneva; font-size: 14px; color: #999999;\">________________________________________________________________<\/span><\/p>\n<p><span style=\"font-family: verdana, geneva; font-size: 14px;\"><img loading=\"lazy\" class=\"alignnone wp-image-1708 size-medium\" src=\"http:\/\/www.nachhaltiger-einkauf.de\/wordpress\/wp-content\/uploads\/2013\/05\/fauser-bioland.de_-300x70.jpg\" alt=\"region, fauser- bioland.de\" width=\"300\" height=\"70\" srcset=\"https:\/\/www.nachhaltiger-einkauf.de\/wordpress\/wp-content\/uploads\/2013\/05\/fauser-bioland.de_-300x70.jpg 300w, https:\/\/www.nachhaltiger-einkauf.de\/wordpress\/wp-content\/uploads\/2013\/05\/fauser-bioland.de_-500x117.jpg 500w, https:\/\/www.nachhaltiger-einkauf.de\/wordpress\/wp-content\/uploads\/2013\/05\/fauser-bioland.de_.jpg 980w\" sizes=\"(max-width: 300px) 100vw, 300px\" \/><\/span><\/p>\n<p><span style=\"font-family: verdana, geneva; font-size: 14px;\"><strong style=\"text-decoration: underline;\">Biolandhof Fauser<\/strong><\/span><\/p>\n<p><span style=\"font-family: verdana, geneva; font-size: 14px;\">Sand\u00e4cker 1<\/span><br \/>\n<span style=\"font-family: verdana, geneva; font-size: 14px;\"> 73557 Mutlangen<\/span><\/p>\n<p><span style=\"text-decoration: underline; font-family: verdana, geneva; font-size: 14px;\">\u00d6ffnungszeiten:<\/span><br \/>\n<span style=\"font-family: verdana, geneva; font-size: 14px;\"> Di: 9.00 &#8211; 13.00 Uhr<\/span><br \/>\n<span style=\"font-family: verdana, geneva; font-size: 14px;\"> Fr: 9.00 &#8211; 18.30 Uhr<\/span><br \/>\n<span style=\"font-family: verdana, geneva; font-size: 14px;\"> Sa: 8.00 &#8211; 12.00 Uhr<\/span><\/p>\n<p>&nbsp;<\/p>\n<p>Homepage: http:\/\/www.fauser-bioland.de\/<\/p>\n<p><span style=\"font-family: verdana, geneva; font-size: 14px; color: #999999;\">________________________________________________________________<\/span><\/p>\n<p><span style=\"font-family: verdana, geneva; font-size: 14px;\"><img loading=\"lazy\" class=\"alignnone wp-image-1709 size-medium\" src=\"http:\/\/www.nachhaltiger-einkauf.de\/wordpress\/wp-content\/uploads\/2013\/05\/aura-biomarkt-logo-300x58.png\" alt=\"region, aura-biomarkt-logo\" width=\"300\" height=\"58\" srcset=\"https:\/\/www.nachhaltiger-einkauf.de\/wordpress\/wp-content\/uploads\/2013\/05\/aura-biomarkt-logo-300x58.png 300w, https:\/\/www.nachhaltiger-einkauf.de\/wordpress\/wp-content\/uploads\/2013\/05\/aura-biomarkt-logo-1024x198.png 1024w, https:\/\/www.nachhaltiger-einkauf.de\/wordpress\/wp-content\/uploads\/2013\/05\/aura-biomarkt-logo-500x96.png 500w, https:\/\/www.nachhaltiger-einkauf.de\/wordpress\/wp-content\/uploads\/2013\/05\/aura-biomarkt-logo-1000x193.png 1000w, https:\/\/www.nachhaltiger-einkauf.de\/wordpress\/wp-content\/uploads\/2013\/05\/aura-biomarkt-logo.png 1044w\" sizes=\"(max-width: 300px) 100vw, 300px\" \/><\/span><\/p>\n<p><span style=\"text-decoration: underline; font-family: verdana, geneva; font-size: 14px;\"><strong>aura Biomarkt<\/strong><\/span><\/p>\n<p><span style=\"font-family: verdana, geneva; font-size: 14px;\">Wei\u00dfensteiner Str. 44<\/span><br \/>\n<span style=\"font-family: verdana, geneva; font-size: 14px;\"> 73525 Schw\u00e4bisch Gm\u00fcnd<\/span><\/p>\n<p><span style=\"text-decoration: underline; font-family: verdana, geneva; font-size: 14px;\">\u00d6ffnungszeiten:<\/span><br \/>\n<span style=\"font-family: verdana, geneva; font-size: 14px;\"> Mo &#8211; Sa: 8.00 &#8211; 20.00 Uhr<\/span><\/p>\n<p>&nbsp;<\/p>\n<p>Homepage: http:\/\/www.aura-biomarkt.de<\/p>\n<p><span style=\"color: #999999; font-family: verdana, geneva; font-size: 14px;\">&nbsp;________________________________________________________________<\/span><\/p>\n<p><span style=\"text-decoration: underline; font-size: 14px; font-family: verdana, geneva;\"><strong><img loading=\"lazy\" class=\"alignnone wp-image-1713 size-medium\" src=\"http:\/\/www.nachhaltiger-einkauf.de\/wordpress\/wp-content\/uploads\/2013\/05\/Alnatura-Super-Natur-Markt-Logo-CMYK-klein-300x300.png\" alt=\"region, Alnatura Super Natur Markt Logo CMYK klein\" width=\"300\" height=\"300\" srcset=\"https:\/\/www.nachhaltiger-einkauf.de\/wordpress\/wp-content\/uploads\/2013\/05\/Alnatura-Super-Natur-Markt-Logo-CMYK-klein-300x300.png 300w, https:\/\/www.nachhaltiger-einkauf.de\/wordpress\/wp-content\/uploads\/2013\/05\/Alnatura-Super-Natur-Markt-Logo-CMYK-klein-150x150.png 150w, https:\/\/www.nachhaltiger-einkauf.de\/wordpress\/wp-content\/uploads\/2013\/05\/Alnatura-Super-Natur-Markt-Logo-CMYK-klein.png 700w\" sizes=\"(max-width: 300px) 100vw, 300px\" \/><\/strong><\/span><\/p>\n<p><span style=\"text-decoration: underline; font-size: 14px; font-family: verdana, geneva;\"><strong>Alnatura Super Natur Markt<\/strong><\/span><\/p>\n<p><span style=\"font-family: verdana, geneva; font-size: 14px;\">Berliner Stra\u00dfe 2 <\/span><br \/>\n<span style=\"font-family: verdana, geneva; font-size: 14px;\"> 73728 Esslingen am Neckar<\/span><\/p>\n<p><span style=\"text-decoration: underline; font-family: verdana, geneva; font-size: 14px;\">\u00d6ffnungszeiten:<\/span><br \/>\n<span style=\"font-family: verdana, geneva; font-size: 14px;\"> Mo \u2013 Sa: 9.00 &#8211; 20.00 Uhr<\/span><\/p>\n<p>&nbsp;<\/p>\n<p>Homepage: http:\/\/www.alnatura.de\/alnatura%20maerkte\/Alnatura-Filialen-Detailseiten\/E\/Esslingen%20Alnatura%20Super%20Natur%20Markt%20ES013<\/p>\n<p><span style=\"color: #999999; font-family: verdana, geneva; font-size: 14px;\">________________________________________________________________&nbsp;<\/span><\/p>\n<p><span style=\"text-decoration: underline; font-size: 14px; font-family: verdana, geneva;\"><strong><img loading=\"lazy\" class=\"alignnone wp-image-1714 size-full\" src=\"http:\/\/www.nachhaltiger-einkauf.de\/wordpress\/wp-content\/uploads\/2013\/05\/basicbio-bio-genuss-logo.png\" alt=\"region, basicbio-bio-genuss-logo\" width=\"250\" height=\"94\"><br \/>\n<\/strong><\/span><\/p>\n<p><span style=\"text-decoration: underline; font-size: 14px; font-family: verdana, geneva;\"><strong>Basic- Bio Genuss f\u00fcr alle<\/strong><\/span><\/p>\n<p><span style=\"font-family: verdana, geneva; font-size: 14px;\">Breitscheidstra\u00dfe 6<\/span><br \/>\n<span style=\"font-family: verdana, geneva; font-size: 14px;\"> 70174 Stuttgart<\/span><\/p>\n<p><span style=\"text-decoration: underline; font-family: verdana, geneva; font-size: 14px;\">\u00d6ffnungszeiten:<\/span><br \/>\n<span style=\"font-family: verdana, geneva; font-size: 14px;\"> Mo &#8211; Sa: 8.00 &#8211; 22.00 Uhr<\/span><\/p>\n<p>&nbsp;<\/p>\n<p>Homepage: http:\/\/www.basic-bio-genuss-fuer-alle.de<\/p>\n<p><span style=\"font-family: verdana, geneva; font-size: 14px; color: #999999;\">________________________________________________________________<\/span><\/p>\n<p><span style=\"font-family: verdana, geneva; font-size: 14px;\"><img loading=\"lazy\" class=\"alignnone wp-image-1715 size-medium\" src=\"http:\/\/www.nachhaltiger-einkauf.de\/wordpress\/wp-content\/uploads\/2013\/05\/Vitalia_logo-300x81.jpg\" alt=\"region, Vitalia_logo\" width=\"300\" height=\"81\" srcset=\"https:\/\/www.nachhaltiger-einkauf.de\/wordpress\/wp-content\/uploads\/2013\/05\/Vitalia_logo-300x81.jpg 300w, https:\/\/www.nachhaltiger-einkauf.de\/wordpress\/wp-content\/uploads\/2013\/05\/Vitalia_logo-500x135.jpg 500w, https:\/\/www.nachhaltiger-einkauf.de\/wordpress\/wp-content\/uploads\/2013\/05\/Vitalia_logo.jpg 800w\" sizes=\"(max-width: 300px) 100vw, 300px\" \/><\/span><\/p>\n<p><span style=\"font-size: 14px; font-family: verdana, geneva;\"><strong><span style=\"text-decoration: underline;\"> VITALIA Reformhaus<\/span><\/strong><\/span><\/p>\n<p><span style=\"font-family: verdana, geneva; font-size: 14px;\">Klettpassage 14+15 <\/span><br \/>\n<span style=\"font-family: verdana, geneva; font-size: 14px;\"> 70173 Stuttgart<\/span><\/p>\n<p><span style=\"text-decoration: underline; font-family: verdana, geneva; font-size: 14px;\">\u00d6ffnungszeiten:<\/span><br \/>\n<span style=\"font-family: verdana, geneva; font-size: 14px;\"> Mo &#8211; Fr: 8.00 &#8211; 20.30 Uhr<\/span><br \/>\n<span style=\"font-family: verdana, geneva; font-size: 14px;\"> Sa: 8.00 &#8211; 20.00 Uhr<\/span><\/p>\n<p>&nbsp;<\/p>\n<p>Homepage: http:\/\/www.vitalia-reformhaus.de\/de\/vitalia-marktfinder\/detail\/stuttgart_klettpassage-37.html<\/p>\n<p><span style=\"color: #999999; font-family: verdana, geneva; font-size: 14px;\">&nbsp;________________________________________________________________<\/span><\/p>\n<p><span style=\"font-family: verdana, geneva; font-size: 14px;\"><img loading=\"lazy\" class=\"alignnone wp-image-432 size-full\" src=\"http:\/\/www.nachhaltiger-einkauf.de\/wordpress\/wp-content\/uploads\/2013\/05\/denns-logo.jpg\" alt=\"region, denns logo\" width=\"160\" height=\"160\" srcset=\"https:\/\/www.nachhaltiger-einkauf.de\/wordpress\/wp-content\/uploads\/2013\/05\/denns-logo.jpg 160w, https:\/\/www.nachhaltiger-einkauf.de\/wordpress\/wp-content\/uploads\/2013\/05\/denns-logo-150x150.jpg 150w\" sizes=\"(max-width: 160px) 100vw, 160px\" \/><\/span><\/p>\n<p><span style=\"text-decoration: underline; font-size: 14px; font-family: verdana, geneva;\"><strong>denn\u2019s Biomarkt<\/strong><\/span><\/p>\n<p><span style=\"font-family: verdana, geneva; font-size: 14px;\">Poststra\u00dfe 10<\/span><br \/>\n<span style=\"font-family: verdana, geneva; font-size: 14px;\"> 73033 G\u00f6ppingen<\/span><\/p>\n<p><span style=\"text-decoration: underline; font-family: verdana, geneva; font-size: 14px;\">\u00d6ffnungszeiten:<\/span><br \/>\n<span style=\"font-family: verdana, geneva; font-size: 14px;\"> Mo &#8211; Sa: 8.00 &#8211; 20.00 Uhr<\/span><\/p>\n<p>&nbsp;<\/p>\n<p>Homepage: https:\/\/www.denns-biomarkt.de\/<\/p>\n<p><span style=\"font-family: verdana, geneva; font-size: 14px; color: #999999;\">________________________________________________________________<\/span><\/p>\n<p><span style=\"text-decoration: underline; font-family: verdana, geneva; font-size: 14px;\"><strong>Bio- und Regional-Markt Ute Nuding<\/strong><\/span><\/p>\n<p><span style=\"font-family: verdana, geneva; font-size: 14px;\">Wetzgauer Stra\u00dfe 59<\/span><br \/>\n<span style=\"font-family: verdana, geneva; font-size: 14px;\"> 73527 Schw\u00e4bisch Gm\u00fcnd-Gro\u00dfdeinbach<\/span><\/p>\n<p><span style=\"text-decoration: underline; font-family: verdana, geneva; font-size: 14px;\">\u00d6ffnungszeiten:<\/span><br \/>\n<span style=\"font-family: verdana, geneva; font-size: 14px;\"> Mo&nbsp; -Sa: 9.00 &#8211; 12.30 Uhr<\/span><br \/>\n<span style=\"font-family: verdana, geneva; font-size: 14px;\"> Mo, Di, Do, Fr 15.00 &#8211; 18.00 Uhr<\/span><br \/>\n<span style=\"font-family: verdana, geneva; font-size: 14px;\"> Mi: nachmittags geschlossen<\/span><\/p>\n<p>________________________________________________________________<\/p>\n<p><img loading=\"lazy\" class=\"alignleft wp-image-2402 size-medium\" src=\"http:\/\/www.nachhaltiger-einkauf.de\/wordpress\/wp-content\/uploads\/2013\/05\/bionaturhandel-300x37.jpg\" alt=\"region, bionaturhandel\" data-id=\"2402\" width=\"300\" height=\"37\" srcset=\"https:\/\/www.nachhaltiger-einkauf.de\/wordpress\/wp-content\/uploads\/2013\/05\/bionaturhandel-300x37.jpg 300w, https:\/\/www.nachhaltiger-einkauf.de\/wordpress\/wp-content\/uploads\/2013\/05\/bionaturhandel.jpg 480w\" sizes=\"(max-width: 300px) 100vw, 300px\" \/><\/p>\n<p>&nbsp;<\/p>\n<p>&nbsp;<\/p>\n<p><strong><span style=\"text-decoration: underline;\">Bionaturhandel Ellwangen<\/span><br \/>\n<\/strong><\/p>\n<p>Adelmannsgasse 1<br \/>\n73479 Ellwangen (Jagst)<\/p>\n<p>\u00d6ffnungszeiten:<br \/>\nMo \u2013 Fr: 9.30 &#8211; 13.00 Uhr; 14.00 &#8211; 18.00 Uhr<br \/>\nSa: 9.30 &#8211; 13.00 Uhr<\/p>\n<p>&nbsp;<\/p>\n<p>Homepage: http:\/\/biodukte.de\/markt\/Bionaturhandel-13490<\/p>\n<p>________________________________________________________________<\/p>\n","protected":false},"excerpt":{"rendered":"<p>&nbsp; unverpackt GD Kalten Markt 12 73525 Schw\u00e4bisch Gm\u00fcnd &nbsp; \u00d6ffnungszeiten: Montag&nbsp;&nbsp;&nbsp;&nbsp;&nbsp;&nbsp;&nbsp;&nbsp; 09:00 &#8211; 14:00 Uhr Dienstag&nbsp;&nbsp;&nbsp;&nbsp;&nbsp;&nbsp; 09:00 &#8211; 18:00 Uhr Mittwoch&nbsp;&nbsp;&nbsp;&nbsp;&nbsp; 09:00 &#8211; 18:00 Uhr Donnerstag&nbsp; 09:00 &#8211; 18:00 Uhr Freitag&nbsp;&nbsp;&nbsp;&nbsp;&nbsp;&nbsp;&nbsp;&nbsp; 09:00 &#8211; 18:00 Uhr Samstag&nbsp;&nbsp;&nbsp;&nbsp;&nbsp;&nbsp; 09:00 &#8211; 14:00&hellip; <\/p>\n","protected":false},"author":1,"featured_media":0,"parent":387,"menu_order":2,"comment_status":"open","ping_status":"closed","template":"","meta":[],"_links":{"self":[{"href":"https:\/\/www.nachhaltiger-einkauf.de\/wordpress\/wp-json\/wp\/v2\/pages\/393"}],"collection":[{"href":"https:\/\/www.nachhaltiger-einkauf.de\/wordpress\/wp-json\/wp\/v2\/pages"}],"about":[{"href":"https:\/\/www.nachhaltiger-einkauf.de\/wordpress\/wp-json\/wp\/v2\/types\/page"}],"author":[{"embeddable":true,"href":"https:\/\/www.nachhaltiger-einkauf.de\/wordpress\/wp-json\/wp\/v2\/users\/1"}],"replies":[{"embeddable":true,"href":"https:\/\/www.nachhaltiger-einkauf.de\/wordpress\/wp-json\/wp\/v2\/comments?post=393"}],"version-history":[{"count":58,"href":"https:\/\/www.nachhaltiger-einkauf.de\/wordpress\/wp-json\/wp\/v2\/pages\/393\/revisions"}],"predecessor-version":[{"id":6668,"href":"https:\/\/www.nachhaltiger-einkauf.de\/wordpress\/wp-json\/wp\/v2\/pages\/393\/revisions\/6668"}],"up":[{"embeddable":true,"href":"https:\/\/www.nachhaltiger-einkauf.de\/wordpress\/wp-json\/wp\/v2\/pages\/387"}],"wp:attachment":[{"href":"https:\/\/www.nachhaltiger-einkauf.de\/wordpress\/wp-json\/wp\/v2\/media?parent=393"}],"curies":[{"name":"wp","href":"https:\/\/api.w.org\/{rel}","templated":true}]}}