{"id":4,"date":"2012-11-14T00:54:09","date_gmt":"2012-11-13T23:54:09","guid":{"rendered":"http:\/\/www.nachhaltiger-einkauf.de\/wordpress\/?page_id=4"},"modified":"2021-02-24T17:06:57","modified_gmt":"2021-02-24T16:06:57","slug":"startseite","status":"publish","type":"page","link":"https:\/\/www.nachhaltiger-einkauf.de\/wordpress\/","title":{"rendered":"Startseite"},"content":{"rendered":"<p><code><\/code><\/p>\n<p style=\"text-align: center;\"><span style=\"font-family: verdana,geneva,sans-serif;\"><span style=\"font-size: 14pt;\"><strong>Herzlich Willkommen!<\/strong><\/span><\/span><\/p>\n<p style=\"text-align: center;\"><span style=\"font-size: 14px;\">Dieses Webportal ist ein studentisches Projekt des Studiengangs Betriebswirtschaftslehre f\u00fcr KMU an der <\/span><span style=\"font-size: 14px;\"><a href=\"https:\/\/www.hs-aalen.de\/de\" target=\"_blank\" rel=\"noopener noreferrer\">Hochschule f\u00fcr Technik und Wirtschaft Aalen<\/a>.<\/span><span style=\"font-size: 14px;\">&nbsp;Hier finden Sie s\u00e4mtliche Informationen rund um das Thema Nachhaltigkeit und erfahren wie Sie Ihren Einkauf umweltfreundlicher gestalten k\u00f6nnen.<br \/>\n<\/span><\/p>\n<p style=\"text-align: center;\"><span style=\"font-size: 14pt;\"><strong>Haben Sie schon einmal einen Blick hinter das Regal geworfen?<\/strong><\/span><\/p>\n<p style=\"text-align: center;\"><span style=\"font-size: 14px;\"><a href=\"https:\/\/www.nachhaltiger-einkauf.de\/wordpress\/wp-content\/uploads\/2017\/06\/Headerbild_01.jpg\"><img loading=\"lazy\" class=\"alignnone wp-image-5477\" src=\"https:\/\/www.nachhaltiger-einkauf.de\/wordpress\/wp-content\/uploads\/2017\/06\/Headerbild_01-300x107.jpg\" alt=\"Nachhaltiger Einkauf Blick hinter das Regal\" data-id=\"5477\" width=\"1015\" height=\"362\" srcset=\"https:\/\/www.nachhaltiger-einkauf.de\/wordpress\/wp-content\/uploads\/2017\/06\/Headerbild_01-300x107.jpg 300w, https:\/\/www.nachhaltiger-einkauf.de\/wordpress\/wp-content\/uploads\/2017\/06\/Headerbild_01-768x274.jpg 768w, https:\/\/www.nachhaltiger-einkauf.de\/wordpress\/wp-content\/uploads\/2017\/06\/Headerbild_01-1024x365.jpg 1024w, https:\/\/www.nachhaltiger-einkauf.de\/wordpress\/wp-content\/uploads\/2017\/06\/Headerbild_01.jpg 1118w\" sizes=\"(max-width: 1015px) 100vw, 1015px\" \/><\/a><br \/>\n<\/span><\/p>\n<p style=\"text-align: center;\"><div id=\"accordions-5504\" class=\"accordions-5504 accordions\">\r\n                <style type='text\/css'>\r\n        @media only screen and (min-width: 1024px ){\r\n            #accordions-5504 {\r\n                            width: 100%;\r\n                        }\r\n        }\r\n        @media only screen and ( min-width: 768px ) and ( max-width: 1023px ) {\r\n            #accordions-5504 {\r\n                            width: 100%;\r\n                        }\r\n        }\r\n        @media only screen and ( min-width: 0px ) and ( max-width: 767px ){\r\n            #accordions-5504 {\r\n                            width: 100%;\r\n                        }\r\n        }\r\n        #accordions-5504 {\r\n                        text-align: center;\r\n                                    background:#ffffff url() repeat scroll 0 0;\r\n                                    position: relative;\r\n        }\r\n        #accordions-5504 .accordions-head{\r\n                        background:#fcfcfc none repeat scroll 0 0;\r\n                                                outline: none;\r\n        }\r\n        #accordions-5504 .accordions-head-title{\r\n                        color:#050505;\r\n                                    font-size:18px;\r\n                    }\r\n        #accordions-5504 .accordions-head-title-toggle{\r\n                        color:#050505;\r\n                                    font-size:18px;\r\n                    }\r\n        #accordions-5504 .accordions-head:hover .accordions-head-title{\r\n                        color:#ffffff;\r\n                    }\r\n        #accordions-5504 .ui-state-active{\r\n                        background: #fcfcfc;\r\n                        border: none;\r\n        }\r\n        #accordions-5504 .accordion-content{\r\n                                    color:#333333;\r\n                                    font-size:16px;\r\n                                                border: none;\r\n        }\r\n        #accordions-5504 .accordion-icons{\r\n                        color:#76934e;\r\n                                                                        margin:0px;\r\n                    }\r\n        #accordions-5504 .accordions-head:hover .accordion-icons span{\r\n                    }\r\n        #accordions-5504{}\r\n#accordions-5504 .accordions-head{}\r\n#accordions-5504 .accordion-content{}\r\n    <\/style>\r\n    <div class=\"items\">\r\n                        <div post_id=\"5504\" header_id=\"header-0\" id=\"header-0\" style=\"\" class=\"accordions-head head0 border-none\" toggle-text=\"\" main-text=\"Was versteht man unter nachhaltigem Einkauf?\">\r\n                                            <span id=\"accordion-icons-0\" class=\"accordion-icons\">\r\n                            <span class=\"accordion-icon-active accordion-plus\"><i class=\"fa fa-chevron-up\"><\/i><\/span>\r\n                            <span class=\"accordion-icon-inactive accordion-minus\"><i class=\"fa fa-chevron-down\"><\/i><\/span>\r\n                        <\/span>\r\n                        <span id=\"header-text-0\" class=\"accordions-head-title\">Was versteht man unter nachhaltigem Einkauf?<\/span>\r\n                                        <\/div>\r\n                <div class=\"accordion-content content0 \">\r\n                    <p>Um zu verstehen was nachhaltiger Einkauf bedeutet, m\u00fcssen wir uns erst einmal fragen was sich hinter dem Begriff Nachhaltigkeit verbirgt. Nachhaltigkeit hei\u00dft an sich nur, dass eine Wirkung \u00fcber l\u00e4ngere Zeit anh\u00e4lt. Diese Definition wurde zum Schutz der Erde und des Lebens weiter ausgeschm\u00fcckt.<\/p>\n<p>Die Nachhaltigkeit steht demnach auf drei S\u00e4ulen. Der \u00d6kologie, der \u00d6konomie und der Soziologie. Nachhaltig Handeln bedeutet, seine Aktivit\u00e4ten die in Verbindung mit diesen drei S\u00e4ulen stehen so zu gestalten, dass die momentanen Bed\u00fcrfnisse befriedigt werden k\u00f6nnen, ohne zu riskieren dass zuk\u00fcnftige Generationen dazu nicht im Stande sein k\u00f6nnten.<\/p>\n<p>Kombiniert man das nachhaltige Handeln mit dem pers\u00f6nlichen Einkaufsverhalten, kommt man zu dem Schluss, dass nachhaltiger Einkauf bedeuten muss, das Einkaufsverhalten an \u00f6kologischen, \u00f6konomischen und sozialen Aspekten zu orientieren. Diese Seite soll Hilfestellungen und Inspirationen liefern dies umzusetzen.<\/p>\n                <\/div>\r\n                                <div post_id=\"5504\" header_id=\"header-1497364197031\" id=\"header-1497364197031\" style=\"\" class=\"accordions-head head1497364197031 border-none\" toggle-text=\"\" main-text=\"Welche Auswirkungen haben nachhaltiges und nicht nachhaltiges Verhalten?\">\r\n                                            <span id=\"accordion-icons-1497364197031\" class=\"accordion-icons\">\r\n                            <span class=\"accordion-icon-active accordion-plus\"><i class=\"fa fa-chevron-up\"><\/i><\/span>\r\n                            <span class=\"accordion-icon-inactive accordion-minus\"><i class=\"fa fa-chevron-down\"><\/i><\/span>\r\n                        <\/span>\r\n                        <span id=\"header-text-1497364197031\" class=\"accordions-head-title\">Welche Auswirkungen haben nachhaltiges und nicht nachhaltiges Verhalten?<\/span>\r\n                                        <\/div>\r\n                <div class=\"accordion-content content1497364197031 \">\r\n                    <p>Klimawandel, Hungersn\u00f6te und weltweite Verknappung von Rohstoffen sind nur einige der bekanntesten Folgen von nicht nachhaltigem Handeln. Dar\u00fcber hinaus gibt es zahlreiche Probleme, die nicht unbedingt unmittelbar, aber sicherlich zumindest indirekt von einem mangelndem Nachhaltigkeitsbewusstsein verursacht und verst\u00e4rkt werden. Selbst psychische Erkrankungen wie beispielsweise Depressionen k\u00f6nnen einem nicht nachhaltigen Handeln zu Grunde liegen.<\/p>\n<p>Unter Ber\u00fccksichtigung von \u00f6kologischen, \u00f6konomischen und sozialen Aspekten bei der Entscheidungsfindung, kann den oben genannten Problemen entgegen gewirkt werden. Durch Umweltschutzma\u00dfnahmen, wie beispielsweise Recycling, kann die Artenvielfalt und Natur erhalten werden. Mittels Arbeitsschutzma\u00dfnahmen und Mindestl\u00f6hnen k\u00f6nnen die Lebensumst\u00e4nde der Arbeiter verbessert werden. Durch die Entwicklung von Ersatzstoffen und Anpassung des Kaufverhaltens, kann der Raubbau von bestimmten Rohstoffen gestoppt werden<\/p>\n                <\/div>\r\n                                <div post_id=\"5504\" header_id=\"header-1497364197512\" id=\"header-1497364197512\" style=\"\" class=\"accordions-head head1497364197512 border-none\" toggle-text=\"\" main-text=\"Was hat Nachhaltigkeit mit Konsum zutun?\">\r\n                                            <span id=\"accordion-icons-1497364197512\" class=\"accordion-icons\">\r\n                            <span class=\"accordion-icon-active accordion-plus\"><i class=\"fa fa-chevron-up\"><\/i><\/span>\r\n                            <span class=\"accordion-icon-inactive accordion-minus\"><i class=\"fa fa-chevron-down\"><\/i><\/span>\r\n                        <\/span>\r\n                        <span id=\"header-text-1497364197512\" class=\"accordions-head-title\">Was hat Nachhaltigkeit mit Konsum zutun?<\/span>\r\n                                        <\/div>\r\n                <div class=\"accordion-content content1497364197512 \">\r\n                    <p>Im Volksmund gibt es ein Sprichwort welches lautet: \u201eDu bist was du isst!\u201c. Diese Regel gilt es w\u00f6rtlich zu nehmen. Alles was wir aufnehmen, egal ob materiell oder immateriell, wird ein Teil von uns. Als Folge dessen muss es im Interesse des Konsumenten liegen dass dessen Konsumg\u00fcter neben funktionalen Aspekten auch umweltrelevanten Anspr\u00fcchen gen\u00fcgen.<\/p>\n<p>Da in Deutschland der gr\u00f6\u00dfte Teil an Lebensmitteln und Konsumg\u00fctern nicht im Land hergestellt sondern importiert wird, ist es notwendig, auch au\u00dferhalb der Landesgrenze auf eine nachhaltige Produktion zu achten.<\/p>\n<p>Das Konsumverhalten jedes Einzelnen bestimmt im Endeffekt die Produktpalette der Hersteller. Steigt somit die Nachfrage nach nachhaltig produzierten G\u00fctern an, werden als Konsequenz vom Unternehmen mehr dieser G\u00fcter geordert und in letzter Instanz auch mehr dieser Produkte hergestellt. Dem zur Folge beeinflusst der Kunde durch sein Konsumverhalten wesentlich den Stellenwert von Nachhaltigkeit innerhalb der Unternehmen.<\/p>\n                <\/div>\r\n                                <div post_id=\"5504\" header_id=\"header-1497364198026\" id=\"header-1497364198026\" style=\"\" class=\"accordions-head head1497364198026 border-none\" toggle-text=\"\" main-text=\"Wie betrifft es mich als Einzelperson?\">\r\n                                            <span id=\"accordion-icons-1497364198026\" class=\"accordion-icons\">\r\n                            <span class=\"accordion-icon-active accordion-plus\"><i class=\"fa fa-chevron-up\"><\/i><\/span>\r\n                            <span class=\"accordion-icon-inactive accordion-minus\"><i class=\"fa fa-chevron-down\"><\/i><\/span>\r\n                        <\/span>\r\n                        <span id=\"header-text-1497364198026\" class=\"accordions-head-title\">Wie betrifft es mich als Einzelperson?<\/span>\r\n                                        <\/div>\r\n                <div class=\"accordion-content content1497364198026 \">\r\n                    <p>Auf Grund der zunehmenden globalen Vernetzung und immer h\u00f6her werdenden Mobilit\u00e4t, sind die Auswirkungen von nachhaltigem, bzw. nicht nachhaltigem Handeln immer pr\u00e4senter. Dank der Medien und Netzwerke nimmt die Transparenz von globalen Aktivit\u00e4ten stetig zu. Die Menschen entwickeln zunehmend Interesse f\u00fcr \u00f6kologische, \u00f6konomische und soziale Auswirkungen ihrer Produkte und lassen diese Aspekte in ihre Kaufentscheidung einflie\u00dfen.<\/p>\n<p>Der erste Schritt zu einem nachhaltigeren Lebensstil, ben\u00f6tigt oftmals weder Verzicht noch Investitionen. H\u00e4ufig l\u00e4sst sich bereits durch Planung und Organisation eine deutliche Verbesserung der eigenen Umweltbilanz erreichen. Beispielsweise mit der Verwendung von Mehrwegtaschen zum Einkaufen oder mit dem Bilden von Fahrgemeinschaften lassen sich mit wenig Aufwand bereits gro\u00dfe Umweltschonungen erreichen.<\/p>\n<p>Da wir nur eine Erde und eine Menschheit haben, ist es unerl\u00e4sslich dass jeder seinen Teil zu deren Schutz beitr\u00e4gt und sowohl sich selbst als auch seine Mitmenschen f\u00fcr dieses Thema sensibilisiert. Durch Vorleben und Kommunikation wird dieses Bewusstsein in den K\u00f6pfen der Menschen verankert und beeinflusst nachhaltig deren Entscheidungen.<\/p>\n                <\/div>\r\n                                <div post_id=\"5504\" header_id=\"header-1497364315120\" id=\"header-1497364315120\" style=\"\" class=\"accordions-head head1497364315120 border-none\" toggle-text=\"\" main-text=\"Was wird bisher getan und welche Optionen des nachhaltigen Einkaufens gibt es?\">\r\n                                            <span id=\"accordion-icons-1497364315120\" class=\"accordion-icons\">\r\n                            <span class=\"accordion-icon-active accordion-plus\"><i class=\"fa fa-chevron-up\"><\/i><\/span>\r\n                            <span class=\"accordion-icon-inactive accordion-minus\"><i class=\"fa fa-chevron-down\"><\/i><\/span>\r\n                        <\/span>\r\n                        <span id=\"header-text-1497364315120\" class=\"accordions-head-title\">Was wird bisher getan und welche Optionen des nachhaltigen Einkaufens gibt es?<\/span>\r\n                                        <\/div>\r\n                <div class=\"accordion-content content1497364315120 \">\r\n                    <p>Das Thema Nachhaltigkeit gewinnt zunehmend an Bedeutung. Zahlreiche Unternehmen sind bereits dabei Prozesse, Produkte, Strukturen und Methoden anhand von Kriterien der Nachhaltigkeit neu auszurichten. Staatliche Ma\u00dfnahmen unterst\u00fctzen ebenfalls Ma\u00dfnahmen zur Steigerung der Nachhaltigkeit.<\/p>\n<p>Im Baugewerbe gibt es F\u00f6rdermittel zur Geb\u00e4udemodernisierung,\u00a0 Subventionen zur Installation von Solarpanels und Pr\u00e4mien beim Kauf von Elektroautos.<\/p>\n<p>Verarbeitende Unternehmen beziehen deren Rohstoffe aus nachhaltigem Anbau und bieten ihren Mitarbeitern faire L\u00f6hne, auch wenn dies gesetzlich nicht immer zwingend vorgeben wird. Au\u00dferdem werden neue Rohstoffe entwickelt um zuk\u00fcnftig auf nicht erneuerbare Ressourcen verzichten zu k\u00f6nnen.<\/p>\n<p>Den Konsumenten bieten G\u00fctesiegel Anhaltspunkte um die Umweltauswirkungen\u00a0 von Produkten bestimmen und bewerten zu k\u00f6nnen. Diese Siegel best\u00e4tigen die Einhaltung von bestimmten Produkteigenschaften oder Herstellungsstandards.<\/p>\n<p>Weitere Informationen und M\u00f6glichkeiten finden Sie in den anderen Rubriken dieser Seite.<\/p>\n                <\/div>\r\n                    <\/div>\r\n    <script>\r\n        jQuery(document).ready(function($){accordions_active_index_5504 = [0];        })\r\n    <\/script><script type=\"application\/ld+json\">\r\n{\r\n    \"@context\": \"https:\/\/schema.org\",\r\n    \"@type\": \"FAQPage\",\r\n    \"mainEntity\": [{\r\n        \"@type\": \"Question\",\r\n        \"name\": \"1 - Was versteht man unter nachhaltigem Einkauf?\",\r\n        \"acceptedAnswer\":{\r\n            \"@type\": \"Answer\",\r\n            \"text\": \"Um zu verstehen was nachhaltiger Einkauf bedeutet, m\u00fcssen wir uns erst einmal fragen was sich hinter dem Begriff Nachhaltigkeit verbirgt. Nachhaltigkeit hei\u00dft an sich nur, dass eine Wirkung \u00fcber l\u00e4ngere Zeit anh\u00e4lt. Diese Definition wurde zum Schutz der Erde und des Lebens weiter ausgeschm\u00fcckt.\r\n\r\nDie Nachhaltigkeit steht demnach auf drei S\u00e4ulen. Der \u00d6kologie, der \u00d6konomie und der Soziologie. Nachhaltig Handeln bedeutet, seine Aktivit\u00e4ten die in Verbindung mit diesen drei S\u00e4ulen stehen so zu gestalten, dass die momentanen Bed\u00fcrfnisse befriedigt werden k\u00f6nnen, ohne zu riskieren dass zuk\u00fcnftige Generationen dazu nicht im Stande sein k\u00f6nnten.\r\n\r\nKombiniert man das nachhaltige Handeln mit dem pers\u00f6nlichen Einkaufsverhalten, kommt man zu dem Schluss, dass nachhaltiger Einkauf bedeuten muss, das Einkaufsverhalten an \u00f6kologischen, \u00f6konomischen und sozialen Aspekten zu orientieren. Diese Seite soll Hilfestellungen und Inspirationen liefern dies umzusetzen.\"\r\n            }\r\n        },{\r\n        \"@type\": \"Question\",\r\n        \"name\": \"2 - Welche Auswirkungen haben nachhaltiges und nicht nachhaltiges Verhalten?\",\r\n        \"acceptedAnswer\":{\r\n            \"@type\": \"Answer\",\r\n            \"text\": \"Klimawandel, Hungersn\u00f6te und weltweite Verknappung von Rohstoffen sind nur einige der bekanntesten Folgen von nicht nachhaltigem Handeln. Dar\u00fcber hinaus gibt es zahlreiche Probleme, die nicht unbedingt unmittelbar, aber sicherlich zumindest indirekt von einem mangelndem Nachhaltigkeitsbewusstsein verursacht und verst\u00e4rkt werden. Selbst psychische Erkrankungen wie beispielsweise Depressionen k\u00f6nnen einem nicht nachhaltigen Handeln zu Grunde liegen.\r\n\r\nUnter Ber\u00fccksichtigung von \u00f6kologischen, \u00f6konomischen und sozialen Aspekten bei der Entscheidungsfindung, kann den oben genannten Problemen entgegen gewirkt werden. Durch Umweltschutzma\u00dfnahmen, wie beispielsweise Recycling, kann die Artenvielfalt und Natur erhalten werden. Mittels Arbeitsschutzma\u00dfnahmen und Mindestl\u00f6hnen k\u00f6nnen die Lebensumst\u00e4nde der Arbeiter verbessert werden. Durch die Entwicklung von Ersatzstoffen und Anpassung des Kaufverhaltens, kann der Raubbau von bestimmten Rohstoffen gestoppt werden\"\r\n            }\r\n        },{\r\n        \"@type\": \"Question\",\r\n        \"name\": \"3 - Was hat Nachhaltigkeit mit Konsum zutun?\",\r\n        \"acceptedAnswer\":{\r\n            \"@type\": \"Answer\",\r\n            \"text\": \"Im Volksmund gibt es ein Sprichwort welches lautet: \u201eDu bist was du isst!\u201c. Diese Regel gilt es w\u00f6rtlich zu nehmen. Alles was wir aufnehmen, egal ob materiell oder immateriell, wird ein Teil von uns. Als Folge dessen muss es im Interesse des Konsumenten liegen dass dessen Konsumg\u00fcter neben funktionalen Aspekten auch umweltrelevanten Anspr\u00fcchen gen\u00fcgen.\r\n\r\nDa in Deutschland der gr\u00f6\u00dfte Teil an Lebensmitteln und Konsumg\u00fctern nicht im Land hergestellt sondern importiert wird, ist es notwendig, auch au\u00dferhalb der Landesgrenze auf eine nachhaltige Produktion zu achten.\r\n\r\nDas Konsumverhalten jedes Einzelnen bestimmt im Endeffekt die Produktpalette der Hersteller. Steigt somit die Nachfrage nach nachhaltig produzierten G\u00fctern an, werden als Konsequenz vom Unternehmen mehr dieser G\u00fcter geordert und in letzter Instanz auch mehr dieser Produkte hergestellt. Dem zur Folge beeinflusst der Kunde durch sein Konsumverhalten wesentlich den Stellenwert von Nachhaltigkeit innerhalb der Unternehmen.\"\r\n            }\r\n        },{\r\n        \"@type\": \"Question\",\r\n        \"name\": \"4 - Wie betrifft es mich als Einzelperson?\",\r\n        \"acceptedAnswer\":{\r\n            \"@type\": \"Answer\",\r\n            \"text\": \"Auf Grund der zunehmenden globalen Vernetzung und immer h\u00f6her werdenden Mobilit\u00e4t, sind die Auswirkungen von nachhaltigem, bzw. nicht nachhaltigem Handeln immer pr\u00e4senter. Dank der Medien und Netzwerke nimmt die Transparenz von globalen Aktivit\u00e4ten stetig zu. Die Menschen entwickeln zunehmend Interesse f\u00fcr \u00f6kologische, \u00f6konomische und soziale Auswirkungen ihrer Produkte und lassen diese Aspekte in ihre Kaufentscheidung einflie\u00dfen.\r\n\r\nDer erste Schritt zu einem nachhaltigeren Lebensstil, ben\u00f6tigt oftmals weder Verzicht noch Investitionen. H\u00e4ufig l\u00e4sst sich bereits durch Planung und Organisation eine deutliche Verbesserung der eigenen Umweltbilanz erreichen. Beispielsweise mit der Verwendung von Mehrwegtaschen zum Einkaufen oder mit dem Bilden von Fahrgemeinschaften lassen sich mit wenig Aufwand bereits gro\u00dfe Umweltschonungen erreichen.\r\n\r\nDa wir nur eine Erde und eine Menschheit haben, ist es unerl\u00e4sslich dass jeder seinen Teil zu deren Schutz beitr\u00e4gt und sowohl sich selbst als auch seine Mitmenschen f\u00fcr dieses Thema sensibilisiert. Durch Vorleben und Kommunikation wird dieses Bewusstsein in den K\u00f6pfen der Menschen verankert und beeinflusst nachhaltig deren Entscheidungen.\"\r\n            }\r\n        },{\r\n        \"@type\": \"Question\",\r\n        \"name\": \"5 - Was wird bisher getan und welche Optionen des nachhaltigen Einkaufens gibt es?\",\r\n        \"acceptedAnswer\":{\r\n            \"@type\": \"Answer\",\r\n            \"text\": \"Das Thema Nachhaltigkeit gewinnt zunehmend an Bedeutung. Zahlreiche Unternehmen sind bereits dabei Prozesse, Produkte, Strukturen und Methoden anhand von Kriterien der Nachhaltigkeit neu auszurichten. Staatliche Ma\u00dfnahmen unterst\u00fctzen ebenfalls Ma\u00dfnahmen zur Steigerung der Nachhaltigkeit.\r\n\r\nIm Baugewerbe gibt es F\u00f6rdermittel zur Geb\u00e4udemodernisierung,\u00a0 Subventionen zur Installation von Solarpanels und Pr\u00e4mien beim Kauf von Elektroautos.\r\n\r\nVerarbeitende Unternehmen beziehen deren Rohstoffe aus nachhaltigem Anbau und bieten ihren Mitarbeitern faire L\u00f6hne, auch wenn dies gesetzlich nicht immer zwingend vorgeben wird. Au\u00dferdem werden neue Rohstoffe entwickelt um zuk\u00fcnftig auf nicht erneuerbare Ressourcen verzichten zu k\u00f6nnen.\r\n\r\nDen Konsumenten bieten G\u00fctesiegel Anhaltspunkte um die Umweltauswirkungen\u00a0 von Produkten bestimmen und bewerten zu k\u00f6nnen. Diese Siegel best\u00e4tigen die Einhaltung von bestimmten Produkteigenschaften oder Herstellungsstandards.\r\n\r\nWeitere Informationen und M\u00f6glichkeiten finden Sie in den anderen Rubriken dieser Seite.\"\r\n            }\r\n        }]\r\n}\r\n<\/script>    <script>\r\n        jQuery(document).ready(function($){\r\n            accordion_5504  = $(\"#accordions-5504 .items\").accordion({\r\n                event: \"click\",\r\n                collapsible:true,\r\n                heightStyle: \"content\",\r\n                animate: (\"swing\", 1000),\r\n                navigation: true,\r\n                active: 999,\r\n            });\r\n        })\r\n    <\/script>\r\n                <\/div><\/p>\n<p style=\"text-align: center;\"><strong>Noch nicht \u00fcberzeugt?<\/strong><br \/>\n<span style=\"font-size: 14px;\"><strong>Werfen Sie einen Blick auf unsere Galerie und lassen Sie sich von der Sch\u00f6nheit der Natur inspirieren.<br \/>\n<\/strong><\/span><span class=\"bk-button-wrapper\"><a href=\"impression.html\" target=\"_blank\" class=\"bk-button default center rounded small\">Zur Fotogalerie<\/a><\/span><\/p>\n<p style=\"text-align: center;\"><span style=\"font-size: 14px;\">F\u00fcr Anregungen, Kritik oder Lob sind wir offen und sehr dankbar. Wir freuen uns \u00fcber&nbsp;Ihre Weiterempfehlung unseres Webportals!<\/span><\/p>\n<p style=\"text-align: center;\"><span style=\"font-size: 14px;\"><img loading=\"lazy\" class=\"wp-image-3475 alignnone\" src=\"https:\/\/www.nachhaltiger-einkauf.de\/wordpress\/wp-content\/uploads\/2012\/11\/Hs-Aalen-Logo-300x56.png\" alt=\"Hs Aalen Logo\" data-id=\"3475\" width=\"157\" height=\"29\"><\/span><\/p>\n","protected":false},"excerpt":{"rendered":"<p>Herzlich Willkommen! Dieses Webportal ist ein studentisches Projekt des Studiengangs Betriebswirtschaftslehre f\u00fcr KMU an der Hochschule f\u00fcr Technik und Wirtschaft Aalen.&nbsp;Hier finden Sie s\u00e4mtliche Informationen rund um das Thema Nachhaltigkeit und erfahren wie Sie Ihren Einkauf umweltfreundlicher gestalten k\u00f6nnen. Haben&hellip; <\/p>\n","protected":false},"author":1,"featured_media":0,"parent":0,"menu_order":1,"comment_status":"closed","ping_status":"closed","template":"","meta":[],"_links":{"self":[{"href":"https:\/\/www.nachhaltiger-einkauf.de\/wordpress\/wp-json\/wp\/v2\/pages\/4"}],"collection":[{"href":"https:\/\/www.nachhaltiger-einkauf.de\/wordpress\/wp-json\/wp\/v2\/pages"}],"about":[{"href":"https:\/\/www.nachhaltiger-einkauf.de\/wordpress\/wp-json\/wp\/v2\/types\/page"}],"author":[{"embeddable":true,"href":"https:\/\/www.nachhaltiger-einkauf.de\/wordpress\/wp-json\/wp\/v2\/users\/1"}],"replies":[{"embeddable":true,"href":"https:\/\/www.nachhaltiger-einkauf.de\/wordpress\/wp-json\/wp\/v2\/comments?post=4"}],"version-history":[{"count":64,"href":"https:\/\/www.nachhaltiger-einkauf.de\/wordpress\/wp-json\/wp\/v2\/pages\/4\/revisions"}],"predecessor-version":[{"id":7054,"href":"https:\/\/www.nachhaltiger-einkauf.de\/wordpress\/wp-json\/wp\/v2\/pages\/4\/revisions\/7054"}],"wp:attachment":[{"href":"https:\/\/www.nachhaltiger-einkauf.de\/wordpress\/wp-json\/wp\/v2\/media?parent=4"}],"curies":[{"name":"wp","href":"https:\/\/api.w.org\/{rel}","templated":true}]}}