{"id":4012,"date":"2015-12-14T13:24:31","date_gmt":"2015-12-14T12:24:31","guid":{"rendered":"http:\/\/www.nachhaltiger-einkauf.de\/wordpress\/?page_id=4012"},"modified":"2021-02-24T23:17:20","modified_gmt":"2021-02-24T22:17:20","slug":"nachhaltige-energiegewinnung","status":"publish","type":"page","link":"https:\/\/www.nachhaltiger-einkauf.de\/wordpress\/nachhaltige-energiegewinnung","title":{"rendered":"Nachhaltige Energiegewinnung"},"content":{"rendered":"<p style=\"text-align: justify;\"><span style=\"font-family: verdana, geneva; font-size: 14px;\">Die Welt braucht durch die rasante Weiterentwicklung der Technologie und Wirtschaft immer mehr Energie. Ohne Strom w\u00fcrde unser heutiges Alltagsleben nicht funktionieren.<\/span><\/p>\n<p style=\"text-align: justify;\"><span style=\"font-family: verdana, geneva; font-size: 14px;\">\u00dcber Jahrzehnte hat sich die Welt dabei auf fossile Energietr\u00e4ger verlassen. Diese sind verh\u00e4ltnism\u00e4\u00dfig leicht zu f\u00f6rdern und haben oft einen hohen Brennwert bzw. Energiegehalt. Die wichtigsten fossilen Brennstoffe sind:<\/span><\/p>\n<ul style=\"text-align: justify;\">\n<li><span style=\"font-family: verdana, geneva; font-size: 14px;\">Braunkohle<\/span><\/li>\n<li><span style=\"font-family: verdana, geneva; font-size: 14px;\">Erd\u00f6l<\/span><\/li>\n<li><span style=\"font-family: verdana, geneva; font-size: 14px;\">Erdgas<\/span><\/li>\n<li><span style=\"font-family: verdana, geneva; font-size: 14px;\">Uran<\/span><\/li>\n<\/ul>\n<p style=\"text-align: justify;\"><span style=\"font-family: verdana, geneva; font-size: 14px;\">Heute verl\u00e4sst man sich haupts\u00e4chlich auf diese Energietr\u00e4ger. Sie bieten einige Vorteile. Braunkohle liegt beispielsweise dicht unter der Erdoberfl\u00e4che und l\u00e4sst sich daher leicht abbauen. \u00d6l ist wegen der vielf\u00e4ltigen Nutzungsm\u00f6glichkeiten und dem sehr hohen Wirkungsgrad am meisten genutzt. Erdgas ist das umweltfreundlichste der fossilen Energietr\u00e4ger, da es nahezu ohne R\u00fcckst\u00e4nde verbrennt. Uran hat einen extrem hohen Wirkungsgrad, ist jedoch insbesondere nach Katastrophen wie Hiroshima als Energietr\u00e4ger massiv unter Kritik.<\/span><\/p>\n<p style=\"text-align: justify;\"><span style=\"font-family: verdana, geneva; font-size: 14px;\"><img loading=\"lazy\" class=\"alignnone size-full wp-image-4078\" src=\"http:\/\/www.nachhaltiger-einkauf.de\/wordpress\/wp-content\/uploads\/2015\/12\/pump-jack-848300_640.jpg\" alt=\"pump-jack-848300_640\" data-id=\"4078\" width=\"640\" height=\"360\" srcset=\"https:\/\/www.nachhaltiger-einkauf.de\/wordpress\/wp-content\/uploads\/2015\/12\/pump-jack-848300_640.jpg 640w, https:\/\/www.nachhaltiger-einkauf.de\/wordpress\/wp-content\/uploads\/2015\/12\/pump-jack-848300_640-300x169.jpg 300w, https:\/\/www.nachhaltiger-einkauf.de\/wordpress\/wp-content\/uploads\/2015\/12\/pump-jack-848300_640-500x281.jpg 500w\" sizes=\"(max-width: 640px) 100vw, 640px\" \/><\/span><\/p>\n<p style=\"text-align: justify;\"><span style=\"font-family: verdana, geneva; font-size: 14px;\">Bildquelle: pixabay<\/span><\/p>\n<p style=\"text-align: justify;\"><span style=\"font-family: verdana, geneva; font-size: 14px;\">Die fossilen Brennstoffe sind momentan noch in ausreichender Form auf der Welt verf\u00fcgbar. Doch das wird sich noch in diesem Jahrhundert \u00e4ndern. Da der Verbrauch dieser Energietr\u00e4ger von Tag zu Tag steigt und die Ressourcen endlich sind st\u00f6\u00dft die Welt in relativ naher Zukunft auf ein Energieversorgungsproblem. Weitere Informationen und Diagramme hierzu finden Sie auf: <a href=\"http:\/\/www.muenchner-wissenschaftstage.de\/2010\/upload\/download\/Cramer_Fossile_Energietraeger.pdf\" target=\"_blank\" rel=\"noopener noreferrer\">http:\/\/www.muenchner-wissenschaftstage.de\/2010\/upload\/download\/Cramer_Fossile_Energietraeger.pdf<\/a><a name=\"_Toc436988949\"><\/a><\/span><\/p>\n<p style=\"text-align: justify;\"><span style=\"font-family: verdana, geneva; font-size: 14px;\">Es gibt zahlreiche M\u00f6glichkeiten erneuerbare Energie zu gewinnen. Die momentan wichtigsten Formen sind dabei:<\/span><\/p>\n<ul style=\"text-align: justify;\">\n<li><span style=\"font-family: verdana, geneva; font-size: 14px;\">Solarenergie<\/span><\/li>\n<li><span style=\"font-family: verdana, geneva; font-size: 14px;\">Bioenergie<\/span><\/li>\n<li><span style=\"font-family: verdana, geneva; font-size: 14px;\">Wasserkraft<\/span><\/li>\n<li><span style=\"font-family: verdana, geneva; font-size: 14px;\">Windenergie<\/span><\/li>\n<\/ul>\n<p style=\"text-align: justify;\"><span style=\"font-family: verdana, geneva; font-size: 14px;\">In Deutschland kommt heute etwa 11% der verbrauchten Energie aus erneuerbaren Energiequellen. Unter folgendem Link finden Sie weitere Informationen zu diesem Thema: <a href=\"https:\/\/www.bmwi.de\/BMWi\/Redaktion\/PDF\/E\/energiestatistiken-grafiken\" target=\"_blank\" rel=\"noopener noreferrer\">https:\/\/www.bmwi.de\/BMWi\/Redaktion\/PDF\/E\/energiestatistiken-grafiken<\/a><\/span><\/p>\n<p style=\"text-align: justify;\"><span style=\"font-family: verdana, geneva; font-size: 14px;\">Bioenergie in Form von Biomasse und Biokraftstoffe liefert hierbei mehr als die H\u00e4lfte der verbrauchten Energie. Die Windkraft mit nur 1,6 % Anteil an der Gesamtenergie macht nur einen sehr geringen Anteil an der Stromversorgung aus. Gerade in diesem Bereich \u00e4ndert sich jedoch viel. Im Ostalbkreis werden beispielsweise zahlreiche neue Windkraftanlagen gebaut. Diese haben jedoch den Nachteil, dass sie nur bei Wind Strom liefern k\u00f6nnen. Au\u00dferdem gibt es im Tagesverlauf Spitzen beim Stromverbrauch, die durch Windkraft nur schwer abgedeckt werden kann.<\/span><\/p>\n<p style=\"text-align: justify;\"><span style=\"font-family: verdana, geneva; font-size: 14px;\">Die restlichen erneuerbaren Energien machen mit insgesamt ca. 3 % auch nur einen sehr geringen Teil am Energieverbrauch aus. Hier besteht viel Verbesserungs- und Entwicklungspotential.<\/span><\/p>\n","protected":false},"excerpt":{"rendered":"<p>Die Welt braucht durch die rasante Weiterentwicklung der Technologie und Wirtschaft immer mehr Energie. Ohne Strom w\u00fcrde unser heutiges Alltagsleben nicht funktionieren. \u00dcber Jahrzehnte hat sich die Welt dabei auf fossile Energietr\u00e4ger verlassen. Diese sind verh\u00e4ltnism\u00e4\u00dfig leicht zu f\u00f6rdern und&hellip; <\/p>\n","protected":false},"author":1,"featured_media":0,"parent":0,"menu_order":0,"comment_status":"open","ping_status":"open","template":"","meta":[],"_links":{"self":[{"href":"https:\/\/www.nachhaltiger-einkauf.de\/wordpress\/wp-json\/wp\/v2\/pages\/4012"}],"collection":[{"href":"https:\/\/www.nachhaltiger-einkauf.de\/wordpress\/wp-json\/wp\/v2\/pages"}],"about":[{"href":"https:\/\/www.nachhaltiger-einkauf.de\/wordpress\/wp-json\/wp\/v2\/types\/page"}],"author":[{"embeddable":true,"href":"https:\/\/www.nachhaltiger-einkauf.de\/wordpress\/wp-json\/wp\/v2\/users\/1"}],"replies":[{"embeddable":true,"href":"https:\/\/www.nachhaltiger-einkauf.de\/wordpress\/wp-json\/wp\/v2\/comments?post=4012"}],"version-history":[{"count":12,"href":"https:\/\/www.nachhaltiger-einkauf.de\/wordpress\/wp-json\/wp\/v2\/pages\/4012\/revisions"}],"predecessor-version":[{"id":6625,"href":"https:\/\/www.nachhaltiger-einkauf.de\/wordpress\/wp-json\/wp\/v2\/pages\/4012\/revisions\/6625"}],"wp:attachment":[{"href":"https:\/\/www.nachhaltiger-einkauf.de\/wordpress\/wp-json\/wp\/v2\/media?parent=4012"}],"curies":[{"name":"wp","href":"https:\/\/api.w.org\/{rel}","templated":true}]}}