{"id":4042,"date":"2015-12-10T10:55:32","date_gmt":"2015-12-10T09:55:32","guid":{"rendered":"http:\/\/www.nachhaltiger-einkauf.de\/wordpress\/?page_id=4042"},"modified":"2021-04-16T20:09:43","modified_gmt":"2021-04-16T18:09:43","slug":"nachhaltiger-fischfang","status":"publish","type":"page","link":"https:\/\/www.nachhaltiger-einkauf.de\/wordpress\/nachhaltiger-fischfang","title":{"rendered":"Fischfang"},"content":{"rendered":"<p style=\"text-align: justify;\">Nachhaltiger Fischfang bedeutet, dass nur so viele Fische gefangen werden d\u00fcrfen, wie auf nat\u00fcrlichem Weg wieder nachwachsen k\u00f6nnen. Leider sieht die Realit\u00e4t ganz anders aus. Bereits ein Viertel aller Fischbest\u00e4nde sind heutzutage \u00fcberfischt. Weitere 53 Prozent der Best\u00e4nde werden maximal genutzt, und deshalb macht es sich der WWF zur Aufgabe, die nachhaltige Fischerei mit dem MSC-Siegel zu f\u00f6rdern. 1996 gr\u00fcndete der WWF mit dem damals gr\u00f6\u00dften Fischverarbeiter Unilever, den Marine Stewardship Council (MSC). Sinn und Zweck dieser Organisation ist, dass sich Fischereiunternehmen, welche sich zu einer nachhaltigen und Umweltvertr\u00e4glichen Fischerei verpflichten, das MSC-Logo erhalten. Damit wird garantiert, dass beim Fang eines Fisches, der Bestand nicht gef\u00e4hrdet, kein \u00fcberfl\u00fcssiger Beifang mitgefischt, und der Lebensraum nicht zerst\u00f6rt wurde. Das folgende Bild zeigt den klassischen Fischfang, ohne R\u00fccksicht auf die Best\u00e4nde.<\/p>\n<p style=\"text-align: justify;\"><a href=\"http:\/\/www.nachhaltiger-einkauf.de\/wordpress\/wp-content\/uploads\/2015\/12\/4_Fischfang.jpg\"><img loading=\"lazy\" class=\"alignnone wp-image-4377\" src=\"http:\/\/www.nachhaltiger-einkauf.de\/wordpress\/wp-content\/uploads\/2015\/12\/4_Fischfang.jpg\" alt=\"4_Fischfang\" data-id=\"4377\" width=\"400\" height=\"302\"><br \/>\n<\/a>Quelle:&nbsp;Uwe Wagschal \/ pixelio.de<br \/>\n<a href=\"http:\/\/www.pixelio.de\" target=\"_blank\" rel=\"noopener noreferrer\">www.pixelio.de<\/a><\/p>\n<p style=\"text-align: justify;\">Mittlerweile ist der MSC die gr\u00f6\u00dfte Zertifizierungs- Organisation f\u00fcr umweltvertr\u00e4gliche Fischerei weltweit. Rund 7 Prozent der weltweit gefangenen Wildfischmengen, dies entspricht in etwa sechs Millionen Tonnen Fisch stammen aus MSC-Fischereien. Mit einem Anteil von 47 Prozent hat Deutschland den gr\u00f6\u00dften Marktanteil an MSC-Produkten. Mehr als 12000 MSC-gekennzeichnete Fisch- und Seafood- Erzeugnisse gibt es bereits weltweit. Davon ungef\u00e4hr 3500 in Deutschland. Der Marktanteil der umgesetzten MSC-Produkte betr\u00e4gt im Jahre 2010\/11 2,5 Milliarden US-Dollar.<\/p>\n<p style=\"text-align: justify;\">Vor allem das Engagement des Unternehmens EDEKA f\u00fcr nachhaltige Fischprodukte, welches vom WWF unterst\u00fctzt wird hat seit dem Jahre 2009 dazu beigetragen, dass sich der Anteil von zertifiziert umweltschonenden Fischereien in Deutschland mehr als verdreifacht hat. Mittlerweile werden 76 Prozent der EDEKA-Fischeigenmarken aus nachhaltigen Quellen bezogen, w\u00e4hrend es im Wildfischbereich bereits 87 Prozent sind.<\/p>\n<p style=\"text-align: justify;\">Ein Ziel der Umweltstiftung ist es vor allem in den n\u00e4chsten Jahren, weitere Firmen zu \u00fcberzeugen, f\u00fcr eine nachhaltige Fischerei einzutreten. Zudem tr\u00e4gt der WWF dazu bei, dass Kritik am MSC angenommen, umgesetzt wird und dies so zu weiteren Verbesserungen des Zertifizierungssystems f\u00fchrt. Das Hauptziel des WWF besteht darin, dass Verbraucher m\u00f6glichst bald beim Einkauf nur noch nachhaltige Fischprodukte vorfinden. Bereits jetzt gibt es Ratgeber, die ein Zeichen f\u00fcr mehr Nachhaltigkeit im Einkaufswagen setzen. In dem Ratgeber \u201eEinkaufsratgebers f\u00fcr Fische und Meeresfr\u00fcchte\u201c, bewertet die Umweltstiftung rund 70 handels\u00fcbliche Arten nach \u00f6kologischen Kriterien wie Fangmethoden und Bestandsentwicklung. Das folgende Bild zeigt einen nachhaltig geplanten Fischbestand.<\/p>\n<p style=\"text-align: justify;\">Produkte&nbsp;aus bedrohten Fischarten oder umweltsch\u00e4dlichem Fischfang sollen auf schnellstem Weg aus allen Regalen genommen werden. Auf&nbsp;Thunfisch und Lachs sollte man verzichten, da diese besonders von \u00dcberfischung bedroht sind. Es ist jedoch keine L\u00f6sung auf Pangasius zur\u00fcckzugreifen, da diese Fische auf engstem Raum herangez\u00fcchtet werden. Bei Karpfen, Welse und Heringe kann man bedenkenlos zugreifen.<\/p>\n<p style=\"text-align: justify;\">Den dazugeh\u00f6rigen Artikel finden Sie <a href=\"http:\/\/www.spiegel.de\/wirtschaft\/service\/fisch-kann-man-lachs-hering-und-karpfen-noch-essen-a-1072838.html\" target=\"_blank\" rel=\"noopener noreferrer\">hier!<\/a><\/p>\n","protected":false},"excerpt":{"rendered":"<p>Nachhaltiger Fischfang bedeutet, dass nur so viele Fische gefangen werden d\u00fcrfen, wie auf nat\u00fcrlichem Weg wieder nachwachsen k\u00f6nnen. Leider sieht die Realit\u00e4t ganz anders aus. Bereits ein Viertel aller Fischbest\u00e4nde sind heutzutage \u00fcberfischt. Weitere 53 Prozent der Best\u00e4nde werden maximal&hellip; <\/p>\n","protected":false},"author":1,"featured_media":0,"parent":0,"menu_order":0,"comment_status":"open","ping_status":"open","template":"","meta":[],"_links":{"self":[{"href":"https:\/\/www.nachhaltiger-einkauf.de\/wordpress\/wp-json\/wp\/v2\/pages\/4042"}],"collection":[{"href":"https:\/\/www.nachhaltiger-einkauf.de\/wordpress\/wp-json\/wp\/v2\/pages"}],"about":[{"href":"https:\/\/www.nachhaltiger-einkauf.de\/wordpress\/wp-json\/wp\/v2\/types\/page"}],"author":[{"embeddable":true,"href":"https:\/\/www.nachhaltiger-einkauf.de\/wordpress\/wp-json\/wp\/v2\/users\/1"}],"replies":[{"embeddable":true,"href":"https:\/\/www.nachhaltiger-einkauf.de\/wordpress\/wp-json\/wp\/v2\/comments?post=4042"}],"version-history":[{"count":10,"href":"https:\/\/www.nachhaltiger-einkauf.de\/wordpress\/wp-json\/wp\/v2\/pages\/4042\/revisions"}],"predecessor-version":[{"id":7119,"href":"https:\/\/www.nachhaltiger-einkauf.de\/wordpress\/wp-json\/wp\/v2\/pages\/4042\/revisions\/7119"}],"wp:attachment":[{"href":"https:\/\/www.nachhaltiger-einkauf.de\/wordpress\/wp-json\/wp\/v2\/media?parent=4042"}],"curies":[{"name":"wp","href":"https:\/\/api.w.org\/{rel}","templated":true}]}}