{"id":4208,"date":"2016-01-14T11:35:50","date_gmt":"2016-01-14T10:35:50","guid":{"rendered":"http:\/\/www.nachhaltiger-einkauf.de\/wordpress\/?page_id=4208"},"modified":"2021-04-16T20:17:40","modified_gmt":"2021-04-16T18:17:40","slug":"der-handysafe","status":"publish","type":"page","link":"https:\/\/www.nachhaltiger-einkauf.de\/wordpress\/der-handysafe","title":{"rendered":"Der Handysafe"},"content":{"rendered":"<p style=\"text-align: justify;\">Viele Haushalte besitzen noch ein altes \u201eklobiges\u201c Handy, das in der Anfangszeit der Mobiltelefone auf den Markt gekommen ist. T\u00e4glich landen noch weltweit \u00fcber 100.000 dieser Handys im M\u00fcll und belasten so die Umwelt dadurch erheblich. Doch auch hier ist mit ein paar kleinen Tricks eine neue Verwendung der Ger\u00e4te m\u00f6glich.<\/p>\n<p style=\"text-align: justify;\"><strong>Schritt 1<\/strong>: \u00d6ffnet das Handy und entsorgt den kompletten Inhalt fachgerecht auf dem Werkstoffhof.<\/p>\n<p style=\"text-align: justify;\"><strong>Schritt 2<\/strong>: Besorgt euch im Baumarkt vier kleine, d\u00fcnne Magnete. In gut sortierten Baum\u00e4rkten erhaltet ihr auch schon sehr kleine und schmale Magnetstreifen die optimal f\u00fcr dieses Projekt geeignet sind.<\/p>\n<p style=\"text-align: justify;\"><strong>Schritt 3<\/strong>: Platziert die Magnete oder Magnetstreifen an beide H\u00fcllenh\u00e4lften. Das Handy kann nun jederzeit ge\u00f6ffnet und geschlossen werden. Der Handysafe ist nun das perfekte Versteck f\u00fcr eure Wertsachen. Ob Zuhause oder im Urlaub, kein Dieb wird den \u201eElektroschrott\u201c mitnehmen.<\/p>\n<p style=\"text-align: justify;\"><a href=\"http:\/\/www.nachhaltiger-einkauf.de\/wordpress\/wp-content\/uploads\/2016\/01\/handysafe.jpg\"><img loading=\"lazy\" class=\"alignnone wp-image-4209\" src=\"http:\/\/www.nachhaltiger-einkauf.de\/wordpress\/wp-content\/uploads\/2016\/01\/handysafe-300x200.jpg\" alt=\"handysafe\" data-id=\"4209\" width=\"330\" height=\"224\"><\/a><\/p>\n","protected":false},"excerpt":{"rendered":"<p>Viele Haushalte besitzen noch ein altes \u201eklobiges\u201c Handy, das in der Anfangszeit der Mobiltelefone auf den Markt gekommen ist. T\u00e4glich landen noch weltweit \u00fcber 100.000 dieser Handys im M\u00fcll und belasten so die Umwelt dadurch erheblich. Doch auch hier ist&hellip; <\/p>\n","protected":false},"author":1,"featured_media":0,"parent":0,"menu_order":0,"comment_status":"open","ping_status":"closed","template":"","meta":[],"_links":{"self":[{"href":"https:\/\/www.nachhaltiger-einkauf.de\/wordpress\/wp-json\/wp\/v2\/pages\/4208"}],"collection":[{"href":"https:\/\/www.nachhaltiger-einkauf.de\/wordpress\/wp-json\/wp\/v2\/pages"}],"about":[{"href":"https:\/\/www.nachhaltiger-einkauf.de\/wordpress\/wp-json\/wp\/v2\/types\/page"}],"author":[{"embeddable":true,"href":"https:\/\/www.nachhaltiger-einkauf.de\/wordpress\/wp-json\/wp\/v2\/users\/1"}],"replies":[{"embeddable":true,"href":"https:\/\/www.nachhaltiger-einkauf.de\/wordpress\/wp-json\/wp\/v2\/comments?post=4208"}],"version-history":[{"count":3,"href":"https:\/\/www.nachhaltiger-einkauf.de\/wordpress\/wp-json\/wp\/v2\/pages\/4208\/revisions"}],"predecessor-version":[{"id":7123,"href":"https:\/\/www.nachhaltiger-einkauf.de\/wordpress\/wp-json\/wp\/v2\/pages\/4208\/revisions\/7123"}],"wp:attachment":[{"href":"https:\/\/www.nachhaltiger-einkauf.de\/wordpress\/wp-json\/wp\/v2\/media?parent=4208"}],"curies":[{"name":"wp","href":"https:\/\/api.w.org\/{rel}","templated":true}]}}