{"id":4472,"date":"2016-04-21T20:19:17","date_gmt":"2016-04-21T18:19:17","guid":{"rendered":"http:\/\/www.nachhaltiger-einkauf.de\/wordpress\/?page_id=4472"},"modified":"2017-12-11T19:53:53","modified_gmt":"2017-12-11T18:53:53","slug":"nachhaltige-geldanlage","status":"publish","type":"page","link":"https:\/\/www.nachhaltiger-einkauf.de\/wordpress\/definitionen_nachhaltigkeit\/nachhaltige-geldanlage","title":{"rendered":"Nachhaltige Geldanlage"},"content":{"rendered":"<p>Nachhaltige Geldanlagen ist die allgemeine Bezeichnung f\u00fcr nachhaltiges, verantwortliches, ethisches,\u00a0soziales, \u00f6kologisches Investment und alle anderen Anlageprozesse, die in ihre Finanzanalyse den Einfluss von ESG (Umwelt, Soziales und Governance)-Kriterien einbeziehen. Wenn Sie mehr \u00fcber die Kriterien erfahren wollen, dann klicken Sie <a href=\"http:\/\/www.forum-ng.org\/de\/nachhaltige-geldanlagen\/nachhaltige-geldanlagen.html\" target=\"_blank\" rel=\"noopener noreferrer\">Hier<\/a><\/p>\n<p>Wenn man sein Geld in Nachhaltige Investments investiert, dann gelten die gleichen Bedingungen, wie bei \u00fcblichen Finanzangebote. Die Anlagen sind mit einer Risikoklasse und einem Synthetischer Risiko-Rendite-Indikator (SRRI) gekennzeichnet.<\/p>\n<p><a href=\"http:\/\/www.nachhaltiger-einkauf.de\/wordpress\/wp-content\/uploads\/2016\/04\/Schaubild.png\"><img loading=\"lazy\" class=\"alignnone wp-image-4970 size-full\" title=\"Schaubild\" src=\"http:\/\/www.nachhaltiger-einkauf.de\/wordpress\/wp-content\/uploads\/2016\/04\/Schaubild.png\" alt=\"Nachhaltige Geldanlage Beurteilung Risikoneigung\" width=\"1002\" height=\"267\" data-id=\"4967\" srcset=\"https:\/\/www.nachhaltiger-einkauf.de\/wordpress\/wp-content\/uploads\/2016\/04\/Schaubild.png 1002w, https:\/\/www.nachhaltiger-einkauf.de\/wordpress\/wp-content\/uploads\/2016\/04\/Schaubild-300x80.png 300w, https:\/\/www.nachhaltiger-einkauf.de\/wordpress\/wp-content\/uploads\/2016\/04\/Schaubild-1000x266.png 1000w, https:\/\/www.nachhaltiger-einkauf.de\/wordpress\/wp-content\/uploads\/2016\/04\/Schaubild-500x133.png 500w\" sizes=\"(max-width: 1002px) 100vw, 1002px\" \/><\/a>Auf Basis dieses Schaubildes kann man seine Risikoneigung bestimmen.<\/p>\n<p style=\"text-align: left;\">Die alternativen Anlagen fristen immer noch ein Nischendasein. Nachfolgend sind Institutionen benannt die sich auf Nachhaltige Finanzanlagen spezialisiert haben.<\/p>\n<p style=\"text-align: left;\">Das Forum Nachhaltige Geldanlagen auditiert regelm\u00e4\u00dfig Finanzprodukte und vergibt das FNG-Siegel.<\/p>\n<p><a href=\"http:\/\/www.nachhaltiger-einkauf.de\/wordpress\/wp-content\/uploads\/2016\/04\/FNG_Nachhaltigkeitssiegel_DE1.jpg\"><img loading=\"lazy\" class=\"aligncenter wp-image-4543\" src=\"http:\/\/www.nachhaltiger-einkauf.de\/wordpress\/wp-content\/uploads\/2016\/04\/FNG_Nachhaltigkeitssiegel_DE1.jpg\" alt=\"Nachhlatige Geldanlage Nachhaltigkeitssiegel FNG\" width=\"200\" height=\"200\" data-id=\"4543\" srcset=\"https:\/\/www.nachhaltiger-einkauf.de\/wordpress\/wp-content\/uploads\/2016\/04\/FNG_Nachhaltigkeitssiegel_DE1.jpg 756w, https:\/\/www.nachhaltiger-einkauf.de\/wordpress\/wp-content\/uploads\/2016\/04\/FNG_Nachhaltigkeitssiegel_DE1-150x150.jpg 150w, https:\/\/www.nachhaltiger-einkauf.de\/wordpress\/wp-content\/uploads\/2016\/04\/FNG_Nachhaltigkeitssiegel_DE1-300x300.jpg 300w, https:\/\/www.nachhaltiger-einkauf.de\/wordpress\/wp-content\/uploads\/2016\/04\/FNG_Nachhaltigkeitssiegel_DE1-120x120.jpg 120w\" sizes=\"(max-width: 200px) 100vw, 200px\" \/><\/a>Gelangen Sie \u00fcber diesen Link <a href=\"http:\/\/www.fng-siegel.org\/zertifizierte-fonds.html\" target=\"_blank\" rel=\"noopener noreferrer\">Hier<\/a> zu den zertifizierten Produkten.<\/p>\n<p style=\"text-align: left;\">Eine weitere M\u00f6glichkeit um Nachhaltige Investments zu finden ist die Plattform Nachhaltiges Investment.<\/p>\n<p><a href=\"http:\/\/www.nachhaltiger-einkauf.de\/wordpress\/wp-content\/uploads\/2016\/04\/logo-nachhaltiges-investment1.gif\"><img loading=\"lazy\" class=\"aligncenter wp-image-4545 size-full\" src=\"http:\/\/www.nachhaltiger-einkauf.de\/wordpress\/wp-content\/uploads\/2016\/04\/logo-nachhaltiges-investment1.gif\" alt=\"Nachhaltige Geldanlage nachhaltiges Investment\" width=\"185\" height=\"46\" data-id=\"4545\" \/><\/a>Diese Plattform bietet eine breites Angebot von Aktien \u00fcber Fonds und ETF f\u00fcr eine Anlage in Nachhaltige Themen, wie Ethik, Erneuerbare Energie und Wasser an. \u00dcber diesen Link <a href=\"http:\/\/www.nachhaltiges-investment.org\/Fonds\/Datenbank.aspx\">hier<\/a> gelangen sich auf den Investmentnavigator.<\/p>\n<p>Es gibt auch exotische Produkte auf dem Markt. Diese Anlagen sind meist Beteiligungen und haben in der Regel ein sehr hohes Chance-Risiko-Verh\u00e4ltnis (CRV). Hier wird man f\u00fcndig, wenn man in Wiederaufforstungsprojekte in Costa Rica investieren m\u00f6chte oder in Windparkanlagen.<\/p>\n<p><a href=\"http:\/\/www.die-klimaschutz-baustelle.de\" target=\"_blank\" rel=\"noopener noreferrer\">www.die-klimaschutz-baustelle.de<\/a>, <a href=\"http:\/\/www.energiekontor.de\" target=\"_blank\" rel=\"noopener noreferrer\">www.energiekontor.de<\/a>, <a href=\"http:\/\/www.greenvalue.de\" target=\"_blank\" rel=\"noopener noreferrer\">www.greenvalue.de<\/a>, <a href=\"http:\/\/www.gruenesgeld24.de\" target=\"_blank\" rel=\"noopener noreferrer\">www.gruenesgeld24.de<\/a>, <a href=\"http:\/\/www.puroverde.de\" target=\"_blank\" rel=\"noopener noreferrer\">www.puroverde.de<\/a>, <a href=\"http:\/\/www.bauminvest.de\" target=\"_blank\" rel=\"noopener noreferrer\">www.bauminvest.de<\/a><\/p>\n<p>&nbsp;<\/p>\n<div id=\"SL_balloon_obj\" style=\"display: block;\">\n<div id=\"SL_button\" class=\"mceItemVisualAid mceItemLayer\" style=\"background: transparent url('chrome:\/\/imtranslator\/content\/img\/util\/imtranslator-s.png') repeat scroll 0% 0%; display: block; width: 24px; height: 24px; position: absolute; cursor: pointer; visibility: hidden; opacity: 0; transition: visibility 3s ease 0s, opacity 3s linear 0s; left: 509.25px; top: 554.067px;\"><\/div>\n<div id=\"SL_shadow_translation_result2\" style=\"display: none; margin-top: 30px; margin-left: 1px; direction: ltr; text-align: left; min-height: 40px;\"><\/div>\n<div id=\"SL_shadow_translator\" style=\"display: none;\">\n<div id=\"SL_providers\">\n<div id=\"SL_P0\" class=\"SL_BL_LABLE_ON\" title=\"Google\">G<\/div>\n<div id=\"SL_P1\" class=\"SL_BL_LABLE_ON\" title=\"Microsoft\">M<\/div>\n<div id=\"SL_P2\" class=\"SL_BL_LABLE_ON\" title=\"Translator\">T<\/div>\n<\/div>\n<div id=\"SL_planshet\" style=\"background: #f4f5f5 url('chrome:\/\/imtranslator\/content\/img\/util\/bg2.png') repeat scroll 0% 0%;\">\n<div id=\"SL_TB\">\n<div id=\"bubblelogo\" class=\"mceItemVisualAid mceItemLayer\" style=\"background: transparent url('chrome:\/\/imtranslator\/content\/img\/util\/imtranslator-s.png') repeat scroll 0% 0%; display: block; width: 24px; height: 24px; cursor: pointer; position: absolute;\"><\/div>\n<table id=\"SL_tables\">\n<tbody>\n<tr>\n<td align=\"right\" width=\"10%\"><input id=\"SLloc\" title=\"Lock-in language\" type=\"checkbox\" \/><\/td>\n<td align=\"left\" width=\"20%\"><select id=\"SL_lng_from\"><option value=\"auto\">Detect language<\/option><option value=\"af\">Afrikaans<\/option><option value=\"sq\">Albanian<\/option><option value=\"ar\">Arabic<\/option><option value=\"hy\">Armenian<\/option><option value=\"az\">Azerbaijani<\/option><option value=\"eu\">Basque<\/option><option value=\"be\">Belarusian<\/option><option value=\"bn\">Bengali<\/option><option value=\"bs\">Bosnian<\/option><option value=\"bg\">Bulgarian<\/option><option value=\"ca\">Catalan<\/option><option value=\"ceb\">Cebuano<\/option><option value=\"ny\">Chichewa<\/option><option value=\"zh-CN\">Chinese (Simplified)<\/option><option value=\"zh-TW\">Chinese (Traditional)<\/option><option value=\"hr\">Croatian<\/option><option value=\"cs\">Czech<\/option><option value=\"da\">Danish<\/option><option value=\"nl\">Dutch<\/option><option value=\"en\">English<\/option><option value=\"eo\">Esperanto<\/option><option value=\"et\">Estonian<\/option><option value=\"tl\">Filipino<\/option><option value=\"fi\">Finnish<\/option><option value=\"fr\">French<\/option><option value=\"gl\">Galician<\/option><option value=\"ka\">Georgian<\/option><option value=\"de\">German<\/option><option value=\"el\">Greek<\/option><option value=\"gu\">Gujarati<\/option><option value=\"ht\">Haitian Creole<\/option><option value=\"ha\">Hausa<\/option><option value=\"iw\">Hebrew<\/option><option value=\"hi\">Hindi<\/option><option value=\"hmn\">Hmong<\/option><option value=\"hu\">Hungarian<\/option><option value=\"is\">Icelandic<\/option><option value=\"ig\">Igbo<\/option><option value=\"id\">Indonesian<\/option><option value=\"ga\">Irish<\/option><option value=\"it\">Italian<\/option><option value=\"ja\">Japanese<\/option><option value=\"jw\">Javanese<\/option><option value=\"kn\">Kannada<\/option><option value=\"kk\">Kazakh<\/option><option value=\"km\">Khmer<\/option><option value=\"ko\">Korean<\/option><option value=\"lo\">Lao<\/option><option value=\"la\">Latin<\/option><option value=\"lv\">Latvian<\/option><option value=\"lt\">Lithuanian<\/option><option value=\"mk\">Macedonian<\/option><option value=\"mg\">Malagasy<\/option><option value=\"ms\">Malay<\/option><option value=\"ml\">Malayalam<\/option><option value=\"mt\">Maltese<\/option><option value=\"mi\">Maori<\/option><option value=\"mr\">Marathi<\/option><option value=\"mn\">Mongolian<\/option><option value=\"my\">Myanmar (Burmese)<\/option><option value=\"ne\">Nepali<\/option><option value=\"no\">Norwegian<\/option><option value=\"fa\">Persian<\/option><option value=\"pl\">Polish<\/option><option value=\"pt\">Portuguese<\/option><option value=\"pa\">Punjabi<\/option><option value=\"ro\">Romanian<\/option><option value=\"ru\">Russian<\/option><option value=\"sr\">Serbian<\/option><option value=\"st\">Sesotho<\/option><option value=\"si\">Sinhala<\/option><option value=\"sk\">Slovak<\/option><option value=\"sl\">Slovenian<\/option><option value=\"so\">Somali<\/option><option value=\"es\">Spanish<\/option><option value=\"su\">Sundanese<\/option><option value=\"sw\">Swahili<\/option><option value=\"sv\">Swedish<\/option><option value=\"tg\">Tajik<\/option><option value=\"ta\">Tamil<\/option><option value=\"te\">Telugu<\/option><option value=\"th\">Thai<\/option><option value=\"tr\">Turkish<\/option><option value=\"uk\">Ukrainian<\/option><option value=\"ur\">Urdu<\/option><option value=\"uz\">Uzbek<\/option><option value=\"vi\">Vietnamese<\/option><option value=\"cy\">Welsh<\/option><option value=\"yi\">Yiddish<\/option><option value=\"yo\">Yoruba<\/option><option value=\"zu\">Zulu<\/option><\/select><\/td>\n<td align=\"center\" width=\"5%\"><\/td>\n<td align=\"left\" width=\"20%\"><select id=\"SL_lng_to\"><option value=\"af\">Afrikaans<\/option><option value=\"sq\">Albanian<\/option><option value=\"ar\">Arabic<\/option><option value=\"hy\">Armenian<\/option><option value=\"az\">Azerbaijani<\/option><option value=\"eu\">Basque<\/option><option value=\"be\">Belarusian<\/option><option value=\"bn\">Bengali<\/option><option value=\"bs\">Bosnian<\/option><option value=\"bg\">Bulgarian<\/option><option value=\"ca\">Catalan<\/option><option value=\"ceb\">Cebuano<\/option><option value=\"ny\">Chichewa<\/option><option value=\"zh-CN\">Chinese (Simplified)<\/option><option value=\"zh-TW\">Chinese (Traditional)<\/option><option value=\"hr\">Croatian<\/option><option value=\"cs\">Czech<\/option><option value=\"da\">Danish<\/option><option value=\"nl\">Dutch<\/option><option value=\"en\">English<\/option><option value=\"eo\">Esperanto<\/option><option value=\"et\">Estonian<\/option><option value=\"tl\">Filipino<\/option><option value=\"fi\">Finnish<\/option><option value=\"fr\">French<\/option><option value=\"gl\">Galician<\/option><option value=\"ka\">Georgian<\/option><option value=\"de\">German<\/option><option value=\"el\">Greek<\/option><option value=\"gu\">Gujarati<\/option><option value=\"ht\">Haitian Creole<\/option><option value=\"ha\">Hausa<\/option><option value=\"iw\">Hebrew<\/option><option value=\"hi\">Hindi<\/option><option value=\"hmn\">Hmong<\/option><option value=\"hu\">Hungarian<\/option><option value=\"is\">Icelandic<\/option><option value=\"ig\">Igbo<\/option><option value=\"id\">Indonesian<\/option><option value=\"ga\">Irish<\/option><option value=\"it\">Italian<\/option><option value=\"ja\">Japanese<\/option><option value=\"jw\">Javanese<\/option><option value=\"kn\">Kannada<\/option><option value=\"kk\">Kazakh<\/option><option value=\"km\">Khmer<\/option><option value=\"ko\">Korean<\/option><option value=\"lo\">Lao<\/option><option value=\"la\">Latin<\/option><option value=\"lv\">Latvian<\/option><option value=\"lt\">Lithuanian<\/option><option value=\"mk\">Macedonian<\/option><option value=\"mg\">Malagasy<\/option><option value=\"ms\">Malay<\/option><option value=\"ml\">Malayalam<\/option><option value=\"mt\">Maltese<\/option><option value=\"mi\">Maori<\/option><option value=\"mr\">Marathi<\/option><option value=\"mn\">Mongolian<\/option><option value=\"my\">Myanmar (Burmese)<\/option><option value=\"ne\">Nepali<\/option><option value=\"no\">Norwegian<\/option><option value=\"fa\">Persian<\/option><option value=\"pl\">Polish<\/option><option value=\"pt\">Portuguese<\/option><option value=\"pa\">Punjabi<\/option><option value=\"ro\">Romanian<\/option><option value=\"ru\">Russian<\/option><option value=\"sr\">Serbian<\/option><option value=\"st\">Sesotho<\/option><option value=\"si\">Sinhala<\/option><option value=\"sk\">Slovak<\/option><option value=\"sl\">Slovenian<\/option><option value=\"so\">Somali<\/option><option value=\"es\">Spanish<\/option><option value=\"su\">Sundanese<\/option><option value=\"sw\">Swahili<\/option><option value=\"sv\">Swedish<\/option><option value=\"tg\">Tajik<\/option><option value=\"ta\">Tamil<\/option><option value=\"te\">Telugu<\/option><option value=\"th\">Thai<\/option><option value=\"tr\">Turkish<\/option><option value=\"uk\">Ukrainian<\/option><option value=\"ur\">Urdu<\/option><option value=\"uz\">Uzbek<\/option><option value=\"vi\">Vietnamese<\/option><option value=\"cy\">Welsh<\/option><option value=\"yi\">Yiddish<\/option><option value=\"yo\">Yoruba<\/option><option value=\"zu\">Zulu<\/option><\/select><\/td>\n<td align=\"center\" width=\"5%\"><\/td>\n<td align=\"center\" width=\"6%\"><\/td>\n<td align=\"center\" width=\"6%\"><\/td>\n<td align=\"center\" width=\"6%\"><\/td>\n<td align=\"center\" width=\"6%\"><\/td>\n<td width=\"10%\"><\/td>\n<td align=\"right\" width=\"6%\"><\/td>\n<\/tr>\n<\/tbody>\n<\/table>\n<\/div>\n<\/div>\n<div id=\"SL_shadow_translation_result\" style=\"background: #ffffff url('chrome:\/\/imtranslator\/content\/img\/util\/bg.png') repeat scroll 0% 0%; visibility: visible; min-height: 40px;\"><\/div>\n<div id=\"SL_loading\" class=\"mceItemVisualAid mceItemLayer\" style=\"background: transparent url('chrome:\/\/imtranslator\/content\/img\/util\/indicator.gif') repeat scroll 0% 0%; display: block; position: absolute; width: 35px; margin-left: 180px; margin-top: -40px; height: 35px;\"><\/div>\n<div id=\"SL_player2\" style=\"display: none; height: 0px; width: 0px;\"><\/div>\n<div id=\"SL_alert100\" style=\"background: transparent url('chrome:\/\/imtranslator\/content\/img\/util\/bg2.png') repeat scroll 0% 0%; display: none;\">Text-to-speech function is limited to 100 characters<\/div>\n<div id=\"SL_bbl_donate\" style=\"background: transparent url('chrome:\/\/imtranslator\/content\/img\/util\/donate2.png') repeat scroll 0% 0%;\" title=\"Make a small conribution\"><\/div>\n<div id=\"SL_Balloon_options\" style=\"background: #ffffff url('chrome:\/\/imtranslator\/content\/img\/util\/bg3.png') repeat scroll 0% 0%;\"><a id=\"OPlnk\" title=\"Show options\" href=\"#\">Options<\/a> : <a id=\"HISTlnk\" title=\"Translation History\" href=\"#\">History<\/a> : <a id=\"HELPlnk\" title=\"Help\" href=\"http:\/\/about.imtranslator.net\/tutorials\/presentations\/imtranslator-translator-for-firefox\/popup-bubble-application\/\" target=\"_blank\" rel=\"noopener noreferrer\">Help<\/a> : <a id=\"FBlnk\" title=\"Feedback\" href=\"#\">Feedback<\/a><a id=\"SL_Balloon_Close\" title=\"Close\" href=\"#\">Close<\/a><\/div>\n<\/div>\n<\/div>\n","protected":false},"excerpt":{"rendered":"<p>Nachhaltige Geldanlagen ist die allgemeine Bezeichnung f\u00fcr nachhaltiges, verantwortliches, ethisches,\u00a0soziales, \u00f6kologisches Investment und alle anderen Anlageprozesse, die in ihre Finanzanalyse den Einfluss von ESG (Umwelt, Soziales und Governance)-Kriterien einbeziehen. Wenn Sie mehr \u00fcber die Kriterien erfahren wollen, dann klicken Sie&hellip; <\/p>\n","protected":false},"author":1,"featured_media":0,"parent":7,"menu_order":0,"comment_status":"open","ping_status":"open","template":"","meta":[],"_links":{"self":[{"href":"https:\/\/www.nachhaltiger-einkauf.de\/wordpress\/wp-json\/wp\/v2\/pages\/4472"}],"collection":[{"href":"https:\/\/www.nachhaltiger-einkauf.de\/wordpress\/wp-json\/wp\/v2\/pages"}],"about":[{"href":"https:\/\/www.nachhaltiger-einkauf.de\/wordpress\/wp-json\/wp\/v2\/types\/page"}],"author":[{"embeddable":true,"href":"https:\/\/www.nachhaltiger-einkauf.de\/wordpress\/wp-json\/wp\/v2\/users\/1"}],"replies":[{"embeddable":true,"href":"https:\/\/www.nachhaltiger-einkauf.de\/wordpress\/wp-json\/wp\/v2\/comments?post=4472"}],"version-history":[{"count":39,"href":"https:\/\/www.nachhaltiger-einkauf.de\/wordpress\/wp-json\/wp\/v2\/pages\/4472\/revisions"}],"predecessor-version":[{"id":5679,"href":"https:\/\/www.nachhaltiger-einkauf.de\/wordpress\/wp-json\/wp\/v2\/pages\/4472\/revisions\/5679"}],"up":[{"embeddable":true,"href":"https:\/\/www.nachhaltiger-einkauf.de\/wordpress\/wp-json\/wp\/v2\/pages\/7"}],"wp:attachment":[{"href":"https:\/\/www.nachhaltiger-einkauf.de\/wordpress\/wp-json\/wp\/v2\/media?parent=4472"}],"curies":[{"name":"wp","href":"https:\/\/api.w.org\/{rel}","templated":true}]}}