{"id":4474,"date":"2016-04-20T18:23:31","date_gmt":"2016-04-20T16:23:31","guid":{"rendered":"http:\/\/www.nachhaltiger-einkauf.de\/wordpress\/?page_id=4474"},"modified":"2021-02-25T00:18:37","modified_gmt":"2021-02-24T23:18:37","slug":"nachhaltige-finanzen","status":"publish","type":"page","link":"https:\/\/www.nachhaltiger-einkauf.de\/wordpress\/definitionen_nachhaltigkeit\/nachhaltige-finanzen","title":{"rendered":"Nachhaltige Finanzen"},"content":{"rendered":"<p>Heutzutage gibt es Gr\u00fcne Banken die Ihre Gesch\u00e4fte fair, ethisch und \u00f6kologisch abwickeln, Investmentanlagen die nicht auf Nahrungsmittel spekulieren oder in R\u00fcstungs- und Atomgesch\u00e4fte investieren.<\/p>\n<p><strong>Definition:<\/strong><\/p>\n<p>Eine Finanzanlage wird in der Regel aus drei Kernkriterien ausgew\u00e4hlt, &#8211; der Rendite, der Sicherheit und der Liquidit\u00e4t. Eine Nachhaltige Geldanlage erg\u00e4nzt diese drei Kriterien durch ein weiteres Kriterium- <span style=\"text-decoration: underline;\">die Nachhaltigkeit.<\/span><\/p>\n<p><a href=\"https:\/\/www.nachhaltiger-einkauf.de\/wordpress\/wp-content\/uploads\/2016\/04\/Dreieck.png\"><img loading=\"lazy\" class=\" wp-image-4977 aligncenter\" src=\"https:\/\/www.nachhaltiger-einkauf.de\/wordpress\/wp-content\/uploads\/2016\/04\/Dreieck.png\" alt=\"Dreieck\" data-id=\"4977\" width=\"516\" height=\"359\"><\/a>Mit dem Kriterium der Nachhaltigkeit verbindet man, dass die Anlage \u00f6kologische, soziale und ethische Bewertungspunkte ber\u00fccksichtigt.<\/p>\n<p>Das Forum Nachhaltige Geldanlagen (FNG) ist seit 2001 der Fachverband f\u00fcr Nachhaltige Geldanlagen in Deutschland, \u00d6sterreich, Liechtenstein und der Schweiz. Diese wurde gegr\u00fcndet um eine einheitliche Struktur zu den Kriterien der Nachhaltigkeit zu geben und um einen erleichterten Zugang zu Informationen und Investments zu erm\u00f6glichen.<\/p>\n<p><img loading=\"lazy\" class=\" size-medium wp-image-4544 aligncenter\" src=\"https:\/\/www.nachhaltiger-einkauf.de\/wordpress\/wp-content\/uploads\/2016\/04\/Logo_FNG_20x10_300dpi-300x150.jpg\" alt=\"Logo_Forum_NG_A5\" data-id=\"4544\" width=\"300\" height=\"150\" srcset=\"https:\/\/www.nachhaltiger-einkauf.de\/wordpress\/wp-content\/uploads\/2016\/04\/Logo_FNG_20x10_300dpi-300x150.jpg 300w, https:\/\/www.nachhaltiger-einkauf.de\/wordpress\/wp-content\/uploads\/2016\/04\/Logo_FNG_20x10_300dpi-1024x512.jpg 1024w, https:\/\/www.nachhaltiger-einkauf.de\/wordpress\/wp-content\/uploads\/2016\/04\/Logo_FNG_20x10_300dpi-500x250.jpg 500w, https:\/\/www.nachhaltiger-einkauf.de\/wordpress\/wp-content\/uploads\/2016\/04\/Logo_FNG_20x10_300dpi-1000x500.jpg 1000w\" sizes=\"(max-width: 300px) 100vw, 300px\" \/><\/p>\n<p>Weitere Informationen \u00fcber den Fachverband f\u00fcr Nachhaltige Geldanlagen und deren Arbeit finden Sie&nbsp;<a href=\"https:\/\/www.forum-ng.org\/de\/fng\/ueber-uns.html\" target=\"_blank\" rel=\"noopener noreferrer\">Hier<\/a><\/p>\n<p><strong><a href=\"https:\/\/www.nachhaltiger-einkauf.de\/wordpress\/definitionen_nachhaltigkeit\/banken\">Gr\u00fcne Banken<\/a>:<\/strong> Unter dieser Rubrik finden Sie die vier gr\u00f6\u00dften Banken in Deutschland, die als alternative Banken bekannt sind.<\/p>\n<p><strong><a href=\"https:\/\/www.nachhaltiger-einkauf.de\/wordpress\/definitionen_nachhaltigkeit\/nachhaltige-geldanlage\">Nachhaltige Geldanlage<\/a>:<\/strong> Unter dieser Rubrik finden Sie erste Informationen zu Investments und interessante Angebote. <strong><br \/>\n<\/strong><\/p>\n<div id=\"SL_balloon_obj\" style=\"display: block;\">\n<div id=\"SL_button\" class=\"mceItemVisualAid mceItemLayer\" style=\"background: transparent url('chrome:\/\/imtranslator\/content\/img\/util\/imtranslator-s.png') repeat scroll 0% 0%; display: block; width: 24px; height: 24px; position: absolute; cursor: pointer; visibility: hidden; opacity: 0; transition: visibility 3s ease 0s, opacity 3s linear 0s; left: 357.25px; top: 666.817px;\"><\/div>\n<div id=\"SL_shadow_translation_result2\" style=\"display: none; margin-top: 30px; margin-left: 1px; direction: ltr; text-align: left; min-height: 40px;\"><\/div>\n<div id=\"SL_shadow_translator\" style=\"display: none;\">\n<div id=\"SL_providers\">\n<div id=\"SL_P0\" class=\"SL_BL_LABLE_ON\" title=\"Google\">G<\/div>\n<div id=\"SL_P1\" class=\"SL_BL_LABLE_ON\" title=\"Microsoft\">M<\/div>\n<div id=\"SL_P2\" class=\"SL_BL_LABLE_ON\" title=\"Translator\">T<\/div>\n<\/div>\n<div id=\"SL_planshet\" style=\"background: #f4f5f5 url('chrome:\/\/imtranslator\/content\/img\/util\/bg2.png') repeat scroll 0% 0%;\">\n<div id=\"SL_TB\">\n<div id=\"bubblelogo\" class=\"mceItemVisualAid mceItemLayer\" style=\"background: transparent url('chrome:\/\/imtranslator\/content\/img\/util\/imtranslator-s.png') repeat scroll 0% 0%; display: block; width: 24px; height: 24px; cursor: pointer; position: absolute;\"><\/div>\n<table id=\"SL_tables\">\n<tbody>\n<tr>\n<td width=\"10%\" align=\"right\"><input id=\"SLloc\" title=\"Lock-in language\" type=\"checkbox\"><\/td>\n<td width=\"20%\" align=\"left\"><select id=\"SL_lng_from\"><option value=\"auto\">Detect language<\/option><option value=\"af\">Afrikaans<\/option><option value=\"sq\">Albanian<\/option><option value=\"ar\">Arabic<\/option><option value=\"hy\">Armenian<\/option><option value=\"az\">Azerbaijani<\/option><option value=\"eu\">Basque<\/option><option value=\"be\">Belarusian<\/option><option value=\"bn\">Bengali<\/option><option value=\"bs\">Bosnian<\/option><option value=\"bg\">Bulgarian<\/option><option value=\"ca\">Catalan<\/option><option value=\"ceb\">Cebuano<\/option><option value=\"ny\">Chichewa<\/option><option value=\"zh-CN\">Chinese (Simplified)<\/option><option value=\"zh-TW\">Chinese (Traditional)<\/option><option value=\"hr\">Croatian<\/option><option value=\"cs\">Czech<\/option><option value=\"da\">Danish<\/option><option value=\"nl\">Dutch<\/option><option value=\"en\">English<\/option><option value=\"eo\">Esperanto<\/option><option value=\"et\">Estonian<\/option><option value=\"tl\">Filipino<\/option><option value=\"fi\">Finnish<\/option><option value=\"fr\">French<\/option><option value=\"gl\">Galician<\/option><option value=\"ka\">Georgian<\/option><option value=\"de\">German<\/option><option value=\"el\">Greek<\/option><option value=\"gu\">Gujarati<\/option><option value=\"ht\">Haitian Creole<\/option><option value=\"ha\">Hausa<\/option><option value=\"iw\">Hebrew<\/option><option value=\"hi\">Hindi<\/option><option value=\"hmn\">Hmong<\/option><option value=\"hu\">Hungarian<\/option><option value=\"is\">Icelandic<\/option><option value=\"ig\">Igbo<\/option><option value=\"id\">Indonesian<\/option><option value=\"ga\">Irish<\/option><option value=\"it\">Italian<\/option><option value=\"ja\">Japanese<\/option><option value=\"jw\">Javanese<\/option><option value=\"kn\">Kannada<\/option><option value=\"kk\">Kazakh<\/option><option value=\"km\">Khmer<\/option><option value=\"ko\">Korean<\/option><option value=\"lo\">Lao<\/option><option value=\"la\">Latin<\/option><option value=\"lv\">Latvian<\/option><option value=\"lt\">Lithuanian<\/option><option value=\"mk\">Macedonian<\/option><option value=\"mg\">Malagasy<\/option><option value=\"ms\">Malay<\/option><option value=\"ml\">Malayalam<\/option><option value=\"mt\">Maltese<\/option><option value=\"mi\">Maori<\/option><option value=\"mr\">Marathi<\/option><option value=\"mn\">Mongolian<\/option><option value=\"my\">Myanmar (Burmese)<\/option><option value=\"ne\">Nepali<\/option><option value=\"no\">Norwegian<\/option><option value=\"fa\">Persian<\/option><option value=\"pl\">Polish<\/option><option value=\"pt\">Portuguese<\/option><option value=\"pa\">Punjabi<\/option><option value=\"ro\">Romanian<\/option><option value=\"ru\">Russian<\/option><option value=\"sr\">Serbian<\/option><option value=\"st\">Sesotho<\/option><option value=\"si\">Sinhala<\/option><option value=\"sk\">Slovak<\/option><option value=\"sl\">Slovenian<\/option><option value=\"so\">Somali<\/option><option value=\"es\">Spanish<\/option><option value=\"su\">Sundanese<\/option><option value=\"sw\">Swahili<\/option><option value=\"sv\">Swedish<\/option><option value=\"tg\">Tajik<\/option><option value=\"ta\">Tamil<\/option><option value=\"te\">Telugu<\/option><option value=\"th\">Thai<\/option><option value=\"tr\">Turkish<\/option><option value=\"uk\">Ukrainian<\/option><option value=\"ur\">Urdu<\/option><option value=\"uz\">Uzbek<\/option><option value=\"vi\">Vietnamese<\/option><option value=\"cy\">Welsh<\/option><option value=\"yi\">Yiddish<\/option><option value=\"yo\">Yoruba<\/option><option value=\"zu\">Zulu<\/option><\/select><\/td>\n<td width=\"5%\" align=\"center\"><\/td>\n<td width=\"20%\" align=\"left\"><select id=\"SL_lng_to\"><option value=\"af\">Afrikaans<\/option><option value=\"sq\">Albanian<\/option><option value=\"ar\">Arabic<\/option><option value=\"hy\">Armenian<\/option><option value=\"az\">Azerbaijani<\/option><option value=\"eu\">Basque<\/option><option value=\"be\">Belarusian<\/option><option value=\"bn\">Bengali<\/option><option value=\"bs\">Bosnian<\/option><option value=\"bg\">Bulgarian<\/option><option value=\"ca\">Catalan<\/option><option value=\"ceb\">Cebuano<\/option><option value=\"ny\">Chichewa<\/option><option value=\"zh-CN\">Chinese (Simplified)<\/option><option value=\"zh-TW\">Chinese (Traditional)<\/option><option value=\"hr\">Croatian<\/option><option value=\"cs\">Czech<\/option><option value=\"da\">Danish<\/option><option value=\"nl\">Dutch<\/option><option value=\"en\">English<\/option><option value=\"eo\">Esperanto<\/option><option value=\"et\">Estonian<\/option><option value=\"tl\">Filipino<\/option><option value=\"fi\">Finnish<\/option><option value=\"fr\">French<\/option><option value=\"gl\">Galician<\/option><option value=\"ka\">Georgian<\/option><option value=\"de\">German<\/option><option value=\"el\">Greek<\/option><option value=\"gu\">Gujarati<\/option><option value=\"ht\">Haitian Creole<\/option><option value=\"ha\">Hausa<\/option><option value=\"iw\">Hebrew<\/option><option value=\"hi\">Hindi<\/option><option value=\"hmn\">Hmong<\/option><option value=\"hu\">Hungarian<\/option><option value=\"is\">Icelandic<\/option><option value=\"ig\">Igbo<\/option><option value=\"id\">Indonesian<\/option><option value=\"ga\">Irish<\/option><option value=\"it\">Italian<\/option><option value=\"ja\">Japanese<\/option><option value=\"jw\">Javanese<\/option><option value=\"kn\">Kannada<\/option><option value=\"kk\">Kazakh<\/option><option value=\"km\">Khmer<\/option><option value=\"ko\">Korean<\/option><option value=\"lo\">Lao<\/option><option value=\"la\">Latin<\/option><option value=\"lv\">Latvian<\/option><option value=\"lt\">Lithuanian<\/option><option value=\"mk\">Macedonian<\/option><option value=\"mg\">Malagasy<\/option><option value=\"ms\">Malay<\/option><option value=\"ml\">Malayalam<\/option><option value=\"mt\">Maltese<\/option><option value=\"mi\">Maori<\/option><option value=\"mr\">Marathi<\/option><option value=\"mn\">Mongolian<\/option><option value=\"my\">Myanmar (Burmese)<\/option><option value=\"ne\">Nepali<\/option><option value=\"no\">Norwegian<\/option><option value=\"fa\">Persian<\/option><option value=\"pl\">Polish<\/option><option value=\"pt\">Portuguese<\/option><option value=\"pa\">Punjabi<\/option><option value=\"ro\">Romanian<\/option><option value=\"ru\">Russian<\/option><option value=\"sr\">Serbian<\/option><option value=\"st\">Sesotho<\/option><option value=\"si\">Sinhala<\/option><option value=\"sk\">Slovak<\/option><option value=\"sl\">Slovenian<\/option><option value=\"so\">Somali<\/option><option value=\"es\">Spanish<\/option><option value=\"su\">Sundanese<\/option><option value=\"sw\">Swahili<\/option><option value=\"sv\">Swedish<\/option><option value=\"tg\">Tajik<\/option><option value=\"ta\">Tamil<\/option><option value=\"te\">Telugu<\/option><option value=\"th\">Thai<\/option><option value=\"tr\">Turkish<\/option><option value=\"uk\">Ukrainian<\/option><option value=\"ur\">Urdu<\/option><option value=\"uz\">Uzbek<\/option><option value=\"vi\">Vietnamese<\/option><option value=\"cy\">Welsh<\/option><option value=\"yi\">Yiddish<\/option><option value=\"yo\">Yoruba<\/option><option value=\"zu\">Zulu<\/option><\/select><\/td>\n<td width=\"5%\" align=\"center\"><\/td>\n<td width=\"6%\" align=\"center\"><\/td>\n<td width=\"6%\" align=\"center\"><\/td>\n<td width=\"6%\" align=\"center\"><\/td>\n<td width=\"6%\" align=\"center\"><\/td>\n<td width=\"10%\"><\/td>\n<td width=\"6%\" align=\"right\"><\/td>\n<\/tr>\n<\/tbody>\n<\/table>\n<\/div>\n<\/div>\n<div id=\"SL_shadow_translation_result\" style=\"background: #ffffff url('chrome:\/\/imtranslator\/content\/img\/util\/bg.png') repeat scroll 0% 0%; visibility: visible; min-height: 40px;\"><\/div>\n<div id=\"SL_loading\" class=\"mceItemVisualAid mceItemLayer\" style=\"background: transparent url('chrome:\/\/imtranslator\/content\/img\/util\/indicator.gif') repeat scroll 0% 0%; display: block; position: absolute; width: 35px; margin-left: 180px; margin-top: -40px; height: 35px;\"><\/div>\n<div id=\"SL_player2\" style=\"display: none; height: 0px; width: 0px;\"><\/div>\n<div id=\"SL_alert100\" style=\"background: transparent url('chrome:\/\/imtranslator\/content\/img\/util\/bg2.png') repeat scroll 0% 0%; display: none;\">Text-to-speech function is limited to 100 characters<\/div>\n<div id=\"SL_bbl_donate\" style=\"background: transparent url('chrome:\/\/imtranslator\/content\/img\/util\/donate2.png') repeat scroll 0% 0%;\" title=\"Make a small conribution\"><\/div>\n<div id=\"SL_Balloon_options\" style=\"background: #ffffff url('chrome:\/\/imtranslator\/content\/img\/util\/bg3.png') repeat scroll 0% 0%;\"><a id=\"OPlnk\" title=\"Show options\" href=\"#\">Options<\/a> : <a id=\"HISTlnk\" title=\"Translation History\" href=\"#\">History<\/a> : <a id=\"HELPlnk\" title=\"Help\" href=\"http:\/\/about.imtranslator.net\/tutorials\/presentations\/imtranslator-translator-for-firefox\/popup-bubble-application\/\" target=\"_blank\" rel=\"noopener noreferrer\">Help<\/a> : <a id=\"FBlnk\" title=\"Feedback\" href=\"#\">Feedback<\/a><a id=\"SL_Balloon_Close\" title=\"Close\" href=\"#\">Close<\/a><\/div>\n<\/div>\n<\/div>\n","protected":false},"excerpt":{"rendered":"<p>Heutzutage gibt es Gr\u00fcne Banken die Ihre Gesch\u00e4fte fair, ethisch und \u00f6kologisch abwickeln, Investmentanlagen die nicht auf Nahrungsmittel spekulieren oder in R\u00fcstungs- und Atomgesch\u00e4fte investieren. Definition: Eine Finanzanlage wird in der Regel aus drei Kernkriterien ausgew\u00e4hlt, &#8211; der Rendite, der&hellip; <\/p>\n","protected":false},"author":1,"featured_media":0,"parent":7,"menu_order":0,"comment_status":"open","ping_status":"open","template":"","meta":[],"_links":{"self":[{"href":"https:\/\/www.nachhaltiger-einkauf.de\/wordpress\/wp-json\/wp\/v2\/pages\/4474"}],"collection":[{"href":"https:\/\/www.nachhaltiger-einkauf.de\/wordpress\/wp-json\/wp\/v2\/pages"}],"about":[{"href":"https:\/\/www.nachhaltiger-einkauf.de\/wordpress\/wp-json\/wp\/v2\/types\/page"}],"author":[{"embeddable":true,"href":"https:\/\/www.nachhaltiger-einkauf.de\/wordpress\/wp-json\/wp\/v2\/users\/1"}],"replies":[{"embeddable":true,"href":"https:\/\/www.nachhaltiger-einkauf.de\/wordpress\/wp-json\/wp\/v2\/comments?post=4474"}],"version-history":[{"count":36,"href":"https:\/\/www.nachhaltiger-einkauf.de\/wordpress\/wp-json\/wp\/v2\/pages\/4474\/revisions"}],"predecessor-version":[{"id":6663,"href":"https:\/\/www.nachhaltiger-einkauf.de\/wordpress\/wp-json\/wp\/v2\/pages\/4474\/revisions\/6663"}],"up":[{"embeddable":true,"href":"https:\/\/www.nachhaltiger-einkauf.de\/wordpress\/wp-json\/wp\/v2\/pages\/7"}],"wp:attachment":[{"href":"https:\/\/www.nachhaltiger-einkauf.de\/wordpress\/wp-json\/wp\/v2\/media?parent=4474"}],"curies":[{"name":"wp","href":"https:\/\/api.w.org\/{rel}","templated":true}]}}