{"id":4551,"date":"2016-04-18T20:28:15","date_gmt":"2016-04-18T18:28:15","guid":{"rendered":"http:\/\/www.nachhaltiger-einkauf.de\/wordpress\/?page_id=4551"},"modified":"2021-04-16T20:04:48","modified_gmt":"2021-04-16T18:04:48","slug":"region-stuttgart","status":"publish","type":"page","link":"https:\/\/www.nachhaltiger-einkauf.de\/wordpress\/region-stuttgart","title":{"rendered":"Nachhaltige Unternehmen in der Region Stuttgart"},"content":{"rendered":"<p style=\"font-style: inherit; font-weight: 300;\">F\u00fcr ausf\u00fchrliche Informationen der Handlungsweisen der Unternehmen, einfach auf das Logo klicken!<\/p>\n<hr>\n<p><strong>AfB &#8211; social and green IT<\/strong><\/p>\n<p style=\"text-align: justify;\"><a href=\"\/wordpress\/region-stuttgart\/afb-social-and-green-it\" target=\"_blank\" rel=\"noopener noreferrer\"><img loading=\"lazy\" class=\"alignnone wp-image-4795 size-medium\" src=\"https:\/\/www.nachhaltiger-einkauf.de\/wordpress\/wp-content\/uploads\/2016\/04\/logo_afb_sgit_2012_300dpi-300x163.jpg\" alt=\"Druck\" data-id=\"4795\" width=\"300\" height=\"163\" srcset=\"https:\/\/www.nachhaltiger-einkauf.de\/wordpress\/wp-content\/uploads\/2016\/04\/logo_afb_sgit_2012_300dpi-300x163.jpg 300w, https:\/\/www.nachhaltiger-einkauf.de\/wordpress\/wp-content\/uploads\/2016\/04\/logo_afb_sgit_2012_300dpi-1024x556.jpg 1024w, https:\/\/www.nachhaltiger-einkauf.de\/wordpress\/wp-content\/uploads\/2016\/04\/logo_afb_sgit_2012_300dpi-500x272.jpg 500w, https:\/\/www.nachhaltiger-einkauf.de\/wordpress\/wp-content\/uploads\/2016\/04\/logo_afb_sgit_2012_300dpi-1000x543.jpg 1000w\" sizes=\"(max-width: 300px) 100vw, 300px\" \/><\/a><\/p>\n<p style=\"text-align: justify;\">AfB ist Europas erstes gemeinn\u00fctziges IT-Systemhaus. Als Partner namhafter Firmen hat sich AfB darauf spezialisiert, ausgemusterte IT-Hardware von gro\u00dfen Konzernen und \u00f6ffentlichen Einrichtungen zu \u00fcbernehmen, sie aufzubereiten, eine zertifizierte L\u00f6schung vorhandener Daten vorzunehmen und die Ger\u00e4te anschlie\u00dfend in den AfB-Shops wieder zu verkaufen, um die Produkte in die H\u00e4nde neuer Nutzer zu bringen.<\/p>\n<hr>\n<p><strong>InteriorPark. <\/strong><\/p>\n<p style=\"text-align: justify;\"><a href=\"\/wordpress\/region-stuttgart\/interiorpark\" target=\"_blank\" rel=\"noopener noreferrer\"><img loading=\"lazy\" class=\"alignnone wp-image-4841 size-medium\" src=\"https:\/\/www.nachhaltiger-einkauf.de\/wordpress\/wp-content\/uploads\/2016\/04\/Bildschirmfoto-2016-04-20-um-09.44.09-300x90.png\" alt=\"Nachhaltige Unternehmen Stuttgart Interior Park\" data-id=\"4841\" width=\"300\" height=\"90\" srcset=\"https:\/\/www.nachhaltiger-einkauf.de\/wordpress\/wp-content\/uploads\/2016\/04\/Bildschirmfoto-2016-04-20-um-09.44.09-300x90.png 300w, https:\/\/www.nachhaltiger-einkauf.de\/wordpress\/wp-content\/uploads\/2016\/04\/Bildschirmfoto-2016-04-20-um-09.44.09-1024x307.png 1024w, https:\/\/www.nachhaltiger-einkauf.de\/wordpress\/wp-content\/uploads\/2016\/04\/Bildschirmfoto-2016-04-20-um-09.44.09-500x150.png 500w, https:\/\/www.nachhaltiger-einkauf.de\/wordpress\/wp-content\/uploads\/2016\/04\/Bildschirmfoto-2016-04-20-um-09.44.09-1000x299.png 1000w, https:\/\/www.nachhaltiger-einkauf.de\/wordpress\/wp-content\/uploads\/2016\/04\/Bildschirmfoto-2016-04-20-um-09.44.09.png 1069w\" sizes=\"(max-width: 300px) 100vw, 300px\" \/><\/a><\/p>\n<p style=\"text-align: justify;\">InteriorPark. ist Spezialist f\u00fcr nachhaltige und gesunde Innenr\u00e4ume und wurde 2010 von Tina Kammer und Andrea Herold gegr\u00fcndet. Auf der Online-Plattform www.interiorpark.com und in dem Store in Stuttgart wird &nbsp;ausgew\u00e4hlte nachhaltige M\u00f6bel und Wohnaccessoires pr\u00e4sentiert sowie seit 2015 auch innovative, nachhaltige und \u00f6kologische Innenausbauprodukte.<\/p>\n<hr>\n<p><strong>TourCert<\/strong><\/p>\n<p><a href=\"\/wordpress\/region-stuttgart\/tourcert\" target=\"_blank\" rel=\"noopener noreferrer\"><img loading=\"lazy\" class=\"alignnone wp-image-4834 size-medium\" src=\"https:\/\/www.nachhaltiger-einkauf.de\/wordpress\/wp-content\/uploads\/2016\/04\/TC-Logo-transparent-300x58.png\" alt=\"TC-Logo transparent\" data-id=\"4834\" width=\"300\" height=\"58\" srcset=\"https:\/\/www.nachhaltiger-einkauf.de\/wordpress\/wp-content\/uploads\/2016\/04\/TC-Logo-transparent-300x58.png 300w, https:\/\/www.nachhaltiger-einkauf.de\/wordpress\/wp-content\/uploads\/2016\/04\/TC-Logo-transparent-500x96.png 500w, https:\/\/www.nachhaltiger-einkauf.de\/wordpress\/wp-content\/uploads\/2016\/04\/TC-Logo-transparent.png 646w\" sizes=\"(max-width: 300px) 100vw, 300px\" \/><\/a><\/p>\n<p style=\"text-align: justify;\">Verantwortlicher Tourismus ist eine weltweite Herausforderung. TourCert, die gemeinn\u00fctzige Gesellschaft f\u00fcr Beratung und Zertfizierung, vergibt das TourCert Siegel f\u00fcr Nachhaltgkeit und Unternehmensverantwortung (CSR) im Tourismus.<\/p>\n<hr>\n","protected":false},"excerpt":{"rendered":"<p>F\u00fcr ausf\u00fchrliche Informationen der Handlungsweisen der Unternehmen, einfach auf das Logo klicken! AfB &#8211; social and green IT AfB ist Europas erstes gemeinn\u00fctziges IT-Systemhaus. Als Partner namhafter Firmen hat sich AfB darauf spezialisiert, ausgemusterte IT-Hardware von gro\u00dfen Konzernen und \u00f6ffentlichen&hellip; <\/p>\n","protected":false},"author":1,"featured_media":0,"parent":0,"menu_order":0,"comment_status":"open","ping_status":"open","template":"","meta":[],"_links":{"self":[{"href":"https:\/\/www.nachhaltiger-einkauf.de\/wordpress\/wp-json\/wp\/v2\/pages\/4551"}],"collection":[{"href":"https:\/\/www.nachhaltiger-einkauf.de\/wordpress\/wp-json\/wp\/v2\/pages"}],"about":[{"href":"https:\/\/www.nachhaltiger-einkauf.de\/wordpress\/wp-json\/wp\/v2\/types\/page"}],"author":[{"embeddable":true,"href":"https:\/\/www.nachhaltiger-einkauf.de\/wordpress\/wp-json\/wp\/v2\/users\/1"}],"replies":[{"embeddable":true,"href":"https:\/\/www.nachhaltiger-einkauf.de\/wordpress\/wp-json\/wp\/v2\/comments?post=4551"}],"version-history":[{"count":32,"href":"https:\/\/www.nachhaltiger-einkauf.de\/wordpress\/wp-json\/wp\/v2\/pages\/4551\/revisions"}],"predecessor-version":[{"id":7115,"href":"https:\/\/www.nachhaltiger-einkauf.de\/wordpress\/wp-json\/wp\/v2\/pages\/4551\/revisions\/7115"}],"wp:attachment":[{"href":"https:\/\/www.nachhaltiger-einkauf.de\/wordpress\/wp-json\/wp\/v2\/media?parent=4551"}],"curies":[{"name":"wp","href":"https:\/\/api.w.org\/{rel}","templated":true}]}}