{"id":4633,"date":"2016-04-19T13:24:09","date_gmt":"2016-04-19T11:24:09","guid":{"rendered":"http:\/\/www.nachhaltiger-einkauf.de\/wordpress\/?page_id=4633"},"modified":"2017-12-21T21:41:29","modified_gmt":"2017-12-21T20:41:29","slug":"sonnentor","status":"publish","type":"page","link":"https:\/\/www.nachhaltiger-einkauf.de\/wordpress\/uberregionale-nachhaltige-unternehmen\/sonnentor","title":{"rendered":"SONNENTOR"},"content":{"rendered":"<p style=\"text-align: justify;\"><img loading=\"lazy\" class=\"alignright wp-image-4634 size-medium\" src=\"https:\/\/www.nachhaltiger-einkauf.de\/wordpress\/wp-content\/uploads\/2016\/04\/SONNENTOR_Gr\u00fcnder-Johannes-Gutmann-200x300.jpg\" alt=\"SONNENTOR_Gr\u00fcnder Johannes Gutmann\" width=\"200\" height=\"300\" data-id=\"4634\" srcset=\"https:\/\/www.nachhaltiger-einkauf.de\/wordpress\/wp-content\/uploads\/2016\/04\/SONNENTOR_Gr\u00fcnder-Johannes-Gutmann-200x300.jpg 200w, https:\/\/www.nachhaltiger-einkauf.de\/wordpress\/wp-content\/uploads\/2016\/04\/SONNENTOR_Gr\u00fcnder-Johannes-Gutmann-683x1024.jpg 683w, https:\/\/www.nachhaltiger-einkauf.de\/wordpress\/wp-content\/uploads\/2016\/04\/SONNENTOR_Gr\u00fcnder-Johannes-Gutmann-1000x1500.jpg 1000w\" sizes=\"(max-width: 200px) 100vw, 200px\" \/>SONNENTOR begeistert seit 1988 mit Kr\u00e4utern und Gew\u00fcrzen aus biologischer Landwirtschaft, die mit viel Liebe zum Detail und nach innovativen Rezepturen kombiniert werden. Die Gesch\u00e4ftsidee von Gr\u00fcnder und Gesch\u00e4ftsf\u00fchrer Johannes Gutmann basiert auf dem Bekenntnis zum nachhaltigen Wirtschaften und setzt auf die Unterst\u00fctzung kleinster landwirtschaftlicher Strukturen, deren hochwertige Bio-Produkte unter dem Logo der lachenden Sonne \u00fcberregional und international vermarktet werden.<\/p>\n<p style=\"text-align: justify;\">Als Pionier der Gemeinwohl-\u00d6konomie wird der Erfolg von SONNENTOR auf Basis der Gemeinwohl-Bilanz beurteilt. Diese analysiert das Unternehmen in seiner Gesamtheit, wie Beschaffungswesen, Arbeitsplatzqualit\u00e4t und soziale Gestaltung der Produkte. So wird die Wertsch\u00f6pfung so weit wie m\u00f6glich bei den \u00f6sterreichischen 180 Bio-Bauern belassen, die den Bio-Profi mit hochwertigen Rohstoffen versorgen. Handarbeit st\u00e4rkt die regionale Wertsch\u00f6pfung und stellt sicher, dass die gesamte Produktion keine direkten Emissionen erzeugt. Das Verpackungsmaterial besteht zu mehr als 80 % aus nachwachsenden Rohstoffen wie Papier, Karton sowie Folien aus Cellulose und zu 16% aus recyclebaren Materialien. In \u00d6sterreich sind zurzeit 280 Mitarbeiter f\u00fcr SONNENTOR t\u00e4tig, weitere 100 Mitarbeiter arbeiten im 1992 gegr\u00fcndeten tschechischen Tochterunternehmen. Mit seinen weltweiten Anbauprojekten leistet der Bio-Pionier aus dem Waldviertel einen wichtigen Beitrag, um die Idee der biologischen Produktion auch in andere L\u00e4nder weiterzutragen.<\/p>\n<p style=\"text-align: justify;\"><strong>Sie wollen mehr wissen?<\/strong><\/p>\n<p style=\"text-align: justify;\">Gerne freut sich Frau P\u00f6lz \u00fcber Ihren Anruf unter 02875 7256 \u2013 oder besuchen Sie die Homepage www.sonnentor.com. Alle Gesch\u00e4fte und Verkaufsstellen finden Sie unter\u00a0www.sonnentor.com\/Geschaefte-Verkaufsstellen\/Verkaufsstellen.<\/p>\n<p><img loading=\"lazy\" class=\"alignnone wp-image-4635 size-large\" src=\"https:\/\/www.nachhaltiger-einkauf.de\/wordpress\/wp-content\/uploads\/2016\/04\/SONNENTOR_Ringelblumenernte-1024x683.jpg\" alt=\"SONNENTOR_Ringelblumenernte\" width=\"584\" height=\"390\" data-id=\"4635\" srcset=\"https:\/\/www.nachhaltiger-einkauf.de\/wordpress\/wp-content\/uploads\/2016\/04\/SONNENTOR_Ringelblumenernte-1024x683.jpg 1024w, https:\/\/www.nachhaltiger-einkauf.de\/wordpress\/wp-content\/uploads\/2016\/04\/SONNENTOR_Ringelblumenernte-300x200.jpg 300w, https:\/\/www.nachhaltiger-einkauf.de\/wordpress\/wp-content\/uploads\/2016\/04\/SONNENTOR_Ringelblumenernte-450x300.jpg 450w, https:\/\/www.nachhaltiger-einkauf.de\/wordpress\/wp-content\/uploads\/2016\/04\/SONNENTOR_Ringelblumenernte-1000x667.jpg 1000w\" sizes=\"(max-width: 584px) 100vw, 584px\" \/><\/p>\n","protected":false},"excerpt":{"rendered":"<p>SONNENTOR begeistert seit 1988 mit Kr\u00e4utern und Gew\u00fcrzen aus biologischer Landwirtschaft, die mit viel Liebe zum Detail und nach innovativen Rezepturen kombiniert werden. Die Gesch\u00e4ftsidee von Gr\u00fcnder und Gesch\u00e4ftsf\u00fchrer Johannes Gutmann basiert auf dem Bekenntnis zum nachhaltigen Wirtschaften und setzt&hellip; <\/p>\n","protected":false},"author":1,"featured_media":0,"parent":2395,"menu_order":0,"comment_status":"open","ping_status":"closed","template":"","meta":[],"_links":{"self":[{"href":"https:\/\/www.nachhaltiger-einkauf.de\/wordpress\/wp-json\/wp\/v2\/pages\/4633"}],"collection":[{"href":"https:\/\/www.nachhaltiger-einkauf.de\/wordpress\/wp-json\/wp\/v2\/pages"}],"about":[{"href":"https:\/\/www.nachhaltiger-einkauf.de\/wordpress\/wp-json\/wp\/v2\/types\/page"}],"author":[{"embeddable":true,"href":"https:\/\/www.nachhaltiger-einkauf.de\/wordpress\/wp-json\/wp\/v2\/users\/1"}],"replies":[{"embeddable":true,"href":"https:\/\/www.nachhaltiger-einkauf.de\/wordpress\/wp-json\/wp\/v2\/comments?post=4633"}],"version-history":[{"count":7,"href":"https:\/\/www.nachhaltiger-einkauf.de\/wordpress\/wp-json\/wp\/v2\/pages\/4633\/revisions"}],"predecessor-version":[{"id":5878,"href":"https:\/\/www.nachhaltiger-einkauf.de\/wordpress\/wp-json\/wp\/v2\/pages\/4633\/revisions\/5878"}],"up":[{"embeddable":true,"href":"https:\/\/www.nachhaltiger-einkauf.de\/wordpress\/wp-json\/wp\/v2\/pages\/2395"}],"wp:attachment":[{"href":"https:\/\/www.nachhaltiger-einkauf.de\/wordpress\/wp-json\/wp\/v2\/media?parent=4633"}],"curies":[{"name":"wp","href":"https:\/\/api.w.org\/{rel}","templated":true}]}}