{"id":467,"date":"2013-05-11T15:52:14","date_gmt":"2013-05-11T13:52:14","guid":{"rendered":"http:\/\/www.nachhaltiger-einkauf.de\/wordpress\/?page_id=467"},"modified":"2021-02-24T23:47:36","modified_gmt":"2021-02-24T22:47:36","slug":"mode","status":"publish","type":"page","link":"https:\/\/www.nachhaltiger-einkauf.de\/wordpress\/mode","title":{"rendered":"Mode"},"content":{"rendered":"<p style=\"text-align: justify;\"><span style=\"font-size: 14pt;\"><em><span style=\"font-family: verdana,geneva;\"><strong>Nachhaltige Mode<\/strong><\/span><\/em><\/span><\/p>\n<p style=\"text-align: justify;\">Bei dem Begriff nachhaltige Mode kommt bei vielen Menschen sofort der Gedanke an langweilige und unmoderne Kleidung auf, doch dabei t\u00e4uscht man sich. Der Trend geht heutzutage hin zu nachhaltiger Mode und so gibt es eine gro\u00dfe Anzahl an Anbietern die hochmoderne und gleichzeitig umweltvertr\u00e4gliche Mode herstellen. Auf den folgenden Seiten m\u00f6chten wir einige dieser Anbieter pr\u00e4sentieren.<\/p>\n<p style=\"text-align: justify;\"><strong><span style=\"font-family: verdana, geneva; font-size: 14px;\">Probleme in der Modebranche<\/span><\/strong><\/p>\n<p style=\"text-align: justify;\">Die Modebranche wurde in den letzten Jahren gepr\u00e4gt durch immer schnellere Entwicklungszyklen und zahlreiche Kollektionen pro Jahr. Es dauert nur wenige Wochen vom Entwerfen der Mode bis zur Ankunft in den L\u00e4den und ebenso kurz ist der Lebenszyklus der Mode im Kleiderschrank. Hinzu kommt, dass durch die Massenproduktion der gro\u00dfen Modeketten die Preise auf ein derart niedriges Niveau fallen, was zu st\u00e4ndigem Neukauf von Mode verleitet.<\/p>\n<p style=\"text-align: justify;\">Mit dieser Massenproduktion ist die Modebranche in den letzten Jahren immer wieder in die Schlagzeilen geraten. Diese Strategie schadet nicht nur den Menschen und der Umwelt am Ort der Produktion, sondern auch der Gesundheit derjenigen, die die Kleidung in den L\u00e4den kaufen. Durch die Medien ist bekannt, dass in der Produktion von Mode zahlreiche Chemikalien wie Farbstoffe oder Bleichmittel verwendet werden. In den L\u00e4ndern China, Bangladesch und Indien, in denen der Gro\u00dfteil der Mode produziert wird, werden diese Probleme deutlich. Es wurde bekannt, dass das Abwasser der Textilfabriken in Fl\u00fcsse und Seen geleitet wird, welche dadurch gro\u00dfe Mengen an giftigen Chemikalien enthalten. Studien haben gezeigt, dass Menschen, die dieses Wasser verwenden, deutlich h\u00e4ufiger an Krankheiten leiden als in anderen Regionen. Durch Vorf\u00e4lle in den letzten Jahren wurden auch die katastrophalen Arbeitsbedingungen der Menschen in den Fabriken und die gravierenden Sicherheitsm\u00e4ngel bekannt.<\/p>\n<p style=\"text-align: justify;\">Auch hierzulande ergeben sich durch den Massenkonsum von Mode Probleme durch das Wegwerfen von Kleidung. Die Menge an Textilien, die ein Mensch in Deutschland durchschnittlich verbraucht, ist in den letzten Jahren stark gestiegen. Die bei der Herstellung der Textilien verwendeten Chemikalien l\u00f6sen au\u00dferdem h\u00e4ufig Allergien und andere Erkrankungen bei den Menschen aus, die sie tragen. In Europa sind viele dieser Chemikalien in der Textilproduktion verboten, aber in Drittl\u00e4ndern werden diese dennoch verwendet.<\/p>\n<p style=\"text-align: justify;\"><strong><span style=\"font-family: verdana, geneva; font-size: 14px;\">Der Weg zur nachhaltigen Mode<\/span><\/strong><\/p>\n<p style=\"text-align: justify;\">Um diese Probleme zu umgehen und einen Beitrag zum Umweltschutz zu leisten, sollte man auf nachhaltige Mode zur\u00fcckgreifen. Dazu z\u00e4hlt Kleidung, die aus recycelten oder nat\u00fcrlichen Materialien hergestellt wurde und aus biologischem Anbau stammt. Ein weiteres Merkmal von nachhaltiger Mode ist deren Langlebigkeit. Auch durch den Kauf von gebrauchter Mode oder bei Unternehmen, die lokal produzieren, leistet man einen Beitrag zum Umweltschutz. Durch die Produktion in Deutschland ist sichergestellt, dass die Arbeitsbedingungen gesetzlich eingehalten werden und dass die Textilien frei von Schadstoffen sind. Beim Kauf von zertifizierten Biomaterialien kann man au\u00dferdem sicher sein, dass nur nat\u00fcrliche Stoffe eingesetzt wurden.<\/p>\n<p style=\"text-align: justify;\">Einer Studie des WWF zufolge ist das Prinzip von nachhaltiger Mode generell sehr gefragt, allerdings h\u00e4ufig durch den h\u00f6heren Preis nicht erschwinglich. Dieser Preis kommt durch die aufwendigere Produktion und die Verwendung von hochwertigeren Materialien zustande. Wenn die Bereitschaft der Menschen w\u00e4chst, nachhaltige Mode zu erwerben, k\u00f6nnte diese zu g\u00fcnstigeren Preisen angeboten werden. Da der Trend in der Modebranche sich in Richtung nachhaltige Mode entwickelt, kann man in Zukunft auf erschwinglichere Preise hoffen.<\/p>\n<p style=\"text-align: justify;\">Quelle: <a href=\"http:\/\/www.nachhaltigkeit.info\" target=\"_blank\" rel=\"noopener noreferrer\">www.nachhaltigkeit.info<\/a><\/p>\n","protected":false},"excerpt":{"rendered":"<p>Nachhaltige Mode Bei dem Begriff nachhaltige Mode kommt bei vielen Menschen sofort der Gedanke an langweilige und unmoderne Kleidung auf, doch dabei t\u00e4uscht man sich. Der Trend geht heutzutage hin zu nachhaltiger Mode und so gibt es eine gro\u00dfe Anzahl&hellip; <\/p>\n","protected":false},"author":1,"featured_media":0,"parent":0,"menu_order":26,"comment_status":"open","ping_status":"closed","template":"","meta":[],"_links":{"self":[{"href":"https:\/\/www.nachhaltiger-einkauf.de\/wordpress\/wp-json\/wp\/v2\/pages\/467"}],"collection":[{"href":"https:\/\/www.nachhaltiger-einkauf.de\/wordpress\/wp-json\/wp\/v2\/pages"}],"about":[{"href":"https:\/\/www.nachhaltiger-einkauf.de\/wordpress\/wp-json\/wp\/v2\/types\/page"}],"author":[{"embeddable":true,"href":"https:\/\/www.nachhaltiger-einkauf.de\/wordpress\/wp-json\/wp\/v2\/users\/1"}],"replies":[{"embeddable":true,"href":"https:\/\/www.nachhaltiger-einkauf.de\/wordpress\/wp-json\/wp\/v2\/comments?post=467"}],"version-history":[{"count":25,"href":"https:\/\/www.nachhaltiger-einkauf.de\/wordpress\/wp-json\/wp\/v2\/pages\/467\/revisions"}],"predecessor-version":[{"id":5765,"href":"https:\/\/www.nachhaltiger-einkauf.de\/wordpress\/wp-json\/wp\/v2\/pages\/467\/revisions\/5765"}],"wp:attachment":[{"href":"https:\/\/www.nachhaltiger-einkauf.de\/wordpress\/wp-json\/wp\/v2\/media?parent=467"}],"curies":[{"name":"wp","href":"https:\/\/api.w.org\/{rel}","templated":true}]}}