{"id":4687,"date":"2016-04-19T17:07:11","date_gmt":"2016-04-19T15:07:11","guid":{"rendered":"http:\/\/www.nachhaltiger-einkauf.de\/wordpress\/?page_id=4687"},"modified":"2017-12-21T21:38:05","modified_gmt":"2017-12-21T20:38:05","slug":"eversnack-de","status":"publish","type":"page","link":"https:\/\/www.nachhaltiger-einkauf.de\/wordpress\/uberregionale-nachhaltige-unternehmen\/eversnack-de","title":{"rendered":"Eversnack.de"},"content":{"rendered":"<p style=\"text-align: justify;\"><img loading=\"lazy\" class=\"alignright wp-image-4690 size-medium\" src=\"http:\/\/www.nachhaltiger-einkauf.de\/wordpress\/wp-content\/uploads\/2016\/04\/Bildschirmfoto-2016-04-19-um-17.03.46-300x144.png\" alt=\"Bildschirmfoto 2016-04-19 um 17.03.46\" width=\"300\" height=\"144\" data-id=\"4690\" srcset=\"https:\/\/www.nachhaltiger-einkauf.de\/wordpress\/wp-content\/uploads\/2016\/04\/Bildschirmfoto-2016-04-19-um-17.03.46-300x144.png 300w, https:\/\/www.nachhaltiger-einkauf.de\/wordpress\/wp-content\/uploads\/2016\/04\/Bildschirmfoto-2016-04-19-um-17.03.46.png 401w\" sizes=\"(max-width: 300px) 100vw, 300px\" \/>Eversnack ist ein junges Berliner Unternehmen, dass sich auf wiederverwendbaren Brot- und Snackverpackungen aus Stoff f\u00fcr Endkonsumenten und Unternehmen spezialisiert hat. Das Eversnack Sortiment umfasst zur Zeit Brott\u00fccher und Snackbeutel. Alle Eversnack Produkte bestehen entweder aus 100% Baumwolle, oder Leinen und sind innen mit einem fettabweisenden und recycelbaren Kunststoff gef\u00fcttert, der sich leicht abwischen l\u00e4sst und die eingewickelten Lebensmittel l\u00e4nger frisch h\u00e4lt.<\/p>\n<p style=\"text-align: justify;\"><strong>Die Eversnack Vorteile auf einem Blick:<\/strong><\/p>\n<p style=\"text-align: left;\"><img loading=\"lazy\" class=\"alignright wp-image-4688 size-medium\" src=\"http:\/\/www.nachhaltiger-einkauf.de\/wordpress\/wp-content\/uploads\/2016\/04\/Bildschirmfoto-2016-04-19-um-17.02.05-300x255.png\" alt=\"Bildschirmfoto 2016-04-19 um 17.02.05\" width=\"300\" height=\"255\" data-id=\"4688\" srcset=\"https:\/\/www.nachhaltiger-einkauf.de\/wordpress\/wp-content\/uploads\/2016\/04\/Bildschirmfoto-2016-04-19-um-17.02.05-300x255.png 300w, https:\/\/www.nachhaltiger-einkauf.de\/wordpress\/wp-content\/uploads\/2016\/04\/Bildschirmfoto-2016-04-19-um-17.02.05-353x300.png 353w, https:\/\/www.nachhaltiger-einkauf.de\/wordpress\/wp-content\/uploads\/2016\/04\/Bildschirmfoto-2016-04-19-um-17.02.05.png 496w\" sizes=\"(max-width: 300px) 100vw, 300px\" \/>&#8211; Wiederverwendbar, da sich alle Produkte in der Waschmaschine waschen lassen und dadurch<\/p>\n<p style=\"text-align: left;\">&#8211; Ressourcenschonend, da der Verbrauch von Aluminumfolie, Brotpapier und Klarsichtfolie stark reduziert wird<\/p>\n<p style=\"text-align: left;\">&#8211; Praktisch, da platzsparender als herk\u00f6mmliche Brotdosen<\/p>\n<p style=\"text-align: left;\">&#8211; Stylisch, da in vielen bunten Designs erh\u00e4ltlich<\/p>\n<p style=\"text-align: justify;\">Alle Eversnack Produkte werden von einem kleinen Familienbetrieb handgefertigt, mit dem unser Unternehmen eng zusammen arbeitet.\u00a0Die Eversnack Brot- und Snackverpackungen lassen sich alle in der Waschmaschine waschen und so immer wieder benutzen, wodurch sich der Verbrauch von Wegwerfprodukten wie Aluminiumfolie, Brotpapier und Klarsichtfolie im Haushalt deutlich reduzieren l\u00e4sst.<\/p>\n<p style=\"text-align: justify;\"><strong>Sie wollen mehr wissen?<\/strong><\/p>\n<p style=\"text-align: justify;\">Dann besuchen Sie den Online Shop von Eversnack unter www.eversnack.de.<\/p>\n<p style=\"text-align: justify;\"><img loading=\"lazy\" class=\"alignnone wp-image-4889 size-full\" src=\"http:\/\/www.nachhaltiger-einkauf.de\/wordpress\/wp-content\/uploads\/2016\/04\/Brottuch_Anleitung.jpg\" alt=\"Brottuch_Anleitung\" width=\"1000\" height=\"258\" data-id=\"4889\" srcset=\"https:\/\/www.nachhaltiger-einkauf.de\/wordpress\/wp-content\/uploads\/2016\/04\/Brottuch_Anleitung.jpg 1000w, https:\/\/www.nachhaltiger-einkauf.de\/wordpress\/wp-content\/uploads\/2016\/04\/Brottuch_Anleitung-300x77.jpg 300w, https:\/\/www.nachhaltiger-einkauf.de\/wordpress\/wp-content\/uploads\/2016\/04\/Brottuch_Anleitung-500x129.jpg 500w\" sizes=\"(max-width: 1000px) 100vw, 1000px\" \/><\/p>\n<p><iframe style=\"border: 0;\" src=\"https:\/\/www.google.com\/maps\/embed?pb=!1m18!1m12!1m3!1d2428.134533232578!2d13.44868201535008!3d52.512904344508215!2m3!1f0!2f0!3f0!3m2!1i1024!2i768!4f13.1!3m3!1m2!1s0x47a84e5cdc475e39%3A0x61631be0ac6860b9!2sGr%C3%BCnberger+Str.+17%2C+10243+Berlin!5e0!3m2!1sde!2sde!4v1461237202250\" width=\"600\" height=\"450\" frameborder=\"0\" allowfullscreen=\"allowfullscreen\"><\/iframe><\/p>\n","protected":false},"excerpt":{"rendered":"<p>Eversnack ist ein junges Berliner Unternehmen, dass sich auf wiederverwendbaren Brot- und Snackverpackungen aus Stoff f\u00fcr Endkonsumenten und Unternehmen spezialisiert hat. Das Eversnack Sortiment umfasst zur Zeit Brott\u00fccher und Snackbeutel. Alle Eversnack Produkte bestehen entweder aus 100% Baumwolle, oder Leinen&hellip; <\/p>\n","protected":false},"author":1,"featured_media":0,"parent":2395,"menu_order":0,"comment_status":"open","ping_status":"open","template":"","meta":[],"_links":{"self":[{"href":"https:\/\/www.nachhaltiger-einkauf.de\/wordpress\/wp-json\/wp\/v2\/pages\/4687"}],"collection":[{"href":"https:\/\/www.nachhaltiger-einkauf.de\/wordpress\/wp-json\/wp\/v2\/pages"}],"about":[{"href":"https:\/\/www.nachhaltiger-einkauf.de\/wordpress\/wp-json\/wp\/v2\/types\/page"}],"author":[{"embeddable":true,"href":"https:\/\/www.nachhaltiger-einkauf.de\/wordpress\/wp-json\/wp\/v2\/users\/1"}],"replies":[{"embeddable":true,"href":"https:\/\/www.nachhaltiger-einkauf.de\/wordpress\/wp-json\/wp\/v2\/comments?post=4687"}],"version-history":[{"count":7,"href":"https:\/\/www.nachhaltiger-einkauf.de\/wordpress\/wp-json\/wp\/v2\/pages\/4687\/revisions"}],"predecessor-version":[{"id":5568,"href":"https:\/\/www.nachhaltiger-einkauf.de\/wordpress\/wp-json\/wp\/v2\/pages\/4687\/revisions\/5568"}],"up":[{"embeddable":true,"href":"https:\/\/www.nachhaltiger-einkauf.de\/wordpress\/wp-json\/wp\/v2\/pages\/2395"}],"wp:attachment":[{"href":"https:\/\/www.nachhaltiger-einkauf.de\/wordpress\/wp-json\/wp\/v2\/media?parent=4687"}],"curies":[{"name":"wp","href":"https:\/\/api.w.org\/{rel}","templated":true}]}}