{"id":4762,"date":"2016-04-19T21:36:46","date_gmt":"2016-04-19T19:36:46","guid":{"rendered":"http:\/\/www.nachhaltiger-einkauf.de\/wordpress\/?page_id=4762"},"modified":"2017-12-21T21:39:46","modified_gmt":"2017-12-21T20:39:46","slug":"frucha-fruit-for-life","status":"publish","type":"page","link":"https:\/\/www.nachhaltiger-einkauf.de\/wordpress\/uberregionale-nachhaltige-unternehmen\/frucha-fruit-for-life","title":{"rendered":"Fru&#8217;Cha &#8211; Fruit for Life"},"content":{"rendered":"<p style=\"text-align: justify;\"><img loading=\"lazy\" class=\"alignright wp-image-4758 size-medium\" src=\"https:\/\/www.nachhaltiger-einkauf.de\/wordpress\/wp-content\/uploads\/2015\/01\/Bildschirmfoto-2016-04-19-um-21.22.00-300x218.png\" alt=\"Bildschirmfoto 2016-04-19 um 21.22.00\" width=\"300\" height=\"218\" data-id=\"4758\" srcset=\"https:\/\/www.nachhaltiger-einkauf.de\/wordpress\/wp-content\/uploads\/2015\/01\/Bildschirmfoto-2016-04-19-um-21.22.00-300x218.png 300w, https:\/\/www.nachhaltiger-einkauf.de\/wordpress\/wp-content\/uploads\/2015\/01\/Bildschirmfoto-2016-04-19-um-21.22.00.png 350w\" sizes=\"(max-width: 300px) 100vw, 300px\" \/>Das Unternehmen Fru&#8217;Cha bietet Ihnen Trockenfr\u00fcchte, N\u00fcsse und N\u00e4hrmittel aus kontrolliert \u00f6kologischem Anbau. Dabei wird sehr gro\u00dfer Wert auf hohe Qualit\u00e4t der Rohwaren und Fertigungsprozesse innerhalb seiner Wertsch\u00f6pfungskette gelegt. Das Fertigungsniveau wird mehrmals j\u00e4hrlich von unabh\u00e4ngigen Unternehmen \u00fcberpr\u00fcft. Das Unternehmen achtet nicht nur auf kontrollierten biologischen Anbau sondern unterst\u00fctzt auch Fairtrade.<\/p>\n<p style=\"text-align: justify;\"><img loading=\"lazy\" class=\"alignleft wp-image-4764 \" src=\"https:\/\/www.nachhaltiger-einkauf.de\/wordpress\/wp-content\/uploads\/2016\/04\/Bildschirmfoto-2016-04-19-um-21.22.27-156x300.png\" alt=\"Bildschirmfoto 2016-04-19 um 21.22.27\" width=\"150\" height=\"279\" data-id=\"4764\" \/>Besondere Schwerpunkte bei der Sortimentsgestaltung sind die \u00f6kologischen Vertr\u00e4glichkeit der Erzeugung der Fr\u00fcchte und N\u00e4hrmittel, die kulturelle Herkunft, als auch die hervorragende Qualit\u00e4t der Produkte.<\/p>\n<p style=\"text-align: justify;\">Zus\u00e4tzlich leistet die gezielte Aufnahme von FairTrade-Produkten einen wichtigen Beitrag zur Selbsthilfe in den Erzeugerl\u00e4ndern. Dieser Ansatz wird kontinuierlich ausgebaut, wobei wir sehr hohen Wert auf ein faires Miteinander f\u00fcr gemeinsamen Erfolg bauen.<\/p>\n<p style=\"text-align: justify;\">In 2010 wurde Fru&#8217;Cha! f\u00fcr sein Engagement mit dem FairTrade Award &#8220;Newcomer 2010&#8221; ausgezeichnet.<\/p>\n<p><strong>Sie wollen mehr wissen?<\/strong><\/p>\n<p>Dann besuchen Sie die Homepage von Fru\u2019Cha unter www.frucha.de oder gleich den Online Shop www.gesundefruechte-shop.de.<\/p>\n<p><iframe style=\"border: 0;\" src=\"https:\/\/www.google.com\/maps\/embed?pb=!1m18!1m12!1m3!1d2371.0885472257614!2d10.02640131539329!3d53.538333168015036!2m3!1f0!2f0!3f0!3m2!1i1024!2i768!4f13.1!3m3!1m2!1s0x47b18e8b7a7ce62d%3A0x5d7c87d7265a2efe!2sFru'Cha*21+GmbH!5e0!3m2!1sde!2sde!4v1461182209022\" width=\"600\" height=\"450\" frameborder=\"0\" allowfullscreen=\"allowfullscreen\"><\/iframe><\/p>\n","protected":false},"excerpt":{"rendered":"<p>Das Unternehmen Fru&#8217;Cha bietet Ihnen Trockenfr\u00fcchte, N\u00fcsse und N\u00e4hrmittel aus kontrolliert \u00f6kologischem Anbau. Dabei wird sehr gro\u00dfer Wert auf hohe Qualit\u00e4t der Rohwaren und Fertigungsprozesse innerhalb seiner Wertsch\u00f6pfungskette gelegt. Das Fertigungsniveau wird mehrmals j\u00e4hrlich von unabh\u00e4ngigen Unternehmen \u00fcberpr\u00fcft. Das Unternehmen&hellip; <\/p>\n","protected":false},"author":1,"featured_media":0,"parent":2395,"menu_order":0,"comment_status":"open","ping_status":"open","template":"","meta":[],"_links":{"self":[{"href":"https:\/\/www.nachhaltiger-einkauf.de\/wordpress\/wp-json\/wp\/v2\/pages\/4762"}],"collection":[{"href":"https:\/\/www.nachhaltiger-einkauf.de\/wordpress\/wp-json\/wp\/v2\/pages"}],"about":[{"href":"https:\/\/www.nachhaltiger-einkauf.de\/wordpress\/wp-json\/wp\/v2\/types\/page"}],"author":[{"embeddable":true,"href":"https:\/\/www.nachhaltiger-einkauf.de\/wordpress\/wp-json\/wp\/v2\/users\/1"}],"replies":[{"embeddable":true,"href":"https:\/\/www.nachhaltiger-einkauf.de\/wordpress\/wp-json\/wp\/v2\/comments?post=4762"}],"version-history":[{"count":16,"href":"https:\/\/www.nachhaltiger-einkauf.de\/wordpress\/wp-json\/wp\/v2\/pages\/4762\/revisions"}],"predecessor-version":[{"id":5874,"href":"https:\/\/www.nachhaltiger-einkauf.de\/wordpress\/wp-json\/wp\/v2\/pages\/4762\/revisions\/5874"}],"up":[{"embeddable":true,"href":"https:\/\/www.nachhaltiger-einkauf.de\/wordpress\/wp-json\/wp\/v2\/pages\/2395"}],"wp:attachment":[{"href":"https:\/\/www.nachhaltiger-einkauf.de\/wordpress\/wp-json\/wp\/v2\/media?parent=4762"}],"curies":[{"name":"wp","href":"https:\/\/api.w.org\/{rel}","templated":true}]}}