{"id":4849,"date":"2016-04-20T13:23:54","date_gmt":"2016-04-20T11:23:54","guid":{"rendered":"http:\/\/www.nachhaltiger-einkauf.de\/wordpress\/?page_id=4849"},"modified":"2017-12-21T20:57:00","modified_gmt":"2017-12-21T19:57:00","slug":"allnatura","status":"publish","type":"page","link":"https:\/\/www.nachhaltiger-einkauf.de\/wordpress\/regionale-unternehmen-die-nachhaltig-agieren\/allnatura","title":{"rendered":"allnatura"},"content":{"rendered":"<p style=\"text-align: justify;\"><img loading=\"lazy\" class=\"alignright wp-image-4874 size-medium\" src=\"https:\/\/www.nachhaltiger-einkauf.de\/wordpress\/wp-content\/uploads\/2015\/01\/logo_rgb-300x104.jpg\" alt=\"Druck\" width=\"300\" height=\"104\" data-id=\"4874\" srcset=\"https:\/\/www.nachhaltiger-einkauf.de\/wordpress\/wp-content\/uploads\/2015\/01\/logo_rgb-300x104.jpg 300w, https:\/\/www.nachhaltiger-einkauf.de\/wordpress\/wp-content\/uploads\/2015\/01\/logo_rgb-500x174.jpg 500w, https:\/\/www.nachhaltiger-einkauf.de\/wordpress\/wp-content\/uploads\/2015\/01\/logo_rgb.jpg 679w\" sizes=\"(max-width: 300px) 100vw, 300px\" \/>allnatura ist der Experte mit \u00fcber 30 Jahren Erfahrung und Marktf\u00fchrer im Bereich \u201enat\u00fcrlich und \u00f6kologisch schlafen&#8221;. Als einer der damals ersten \u00f6kologischen Online-Shops (www.allnatura.de) entwickelt allnatura eigene umweltfreundliche Produkte wie sonst kein anderer. Mit dem Hintergedanken, dass jeder Mensch in der heutigen Zeit vielen Umweltreizen ausgesetzt wird, auf welche er leider keinen Einfluss haben kann, und es daher umso wichtiger ist, sich in seinen eigenen vier W\u00e4nden einen R\u00fcckzugsraum zu schaffen, der m\u00f6glichst schadstoffarm gestaltet ist.<\/p>\n<div id=\"attachment_4857\" style=\"width: 310px\" class=\"wp-caption alignleft\"><img aria-describedby=\"caption-attachment-4857\" loading=\"lazy\" class=\"wp-image-4857 size-medium\" src=\"https:\/\/www.nachhaltiger-einkauf.de\/wordpress\/wp-content\/uploads\/2016\/04\/viga-300x211.jpg\" alt=\"viga\" width=\"300\" height=\"211\" data-id=\"4857\" srcset=\"https:\/\/www.nachhaltiger-einkauf.de\/wordpress\/wp-content\/uploads\/2016\/04\/viga-300x211.jpg 300w, https:\/\/www.nachhaltiger-einkauf.de\/wordpress\/wp-content\/uploads\/2016\/04\/viga-1024x721.jpg 1024w, https:\/\/www.nachhaltiger-einkauf.de\/wordpress\/wp-content\/uploads\/2016\/04\/viga-426x300.jpg 426w, https:\/\/www.nachhaltiger-einkauf.de\/wordpress\/wp-content\/uploads\/2016\/04\/viga-1000x704.jpg 1000w, https:\/\/www.nachhaltiger-einkauf.de\/wordpress\/wp-content\/uploads\/2016\/04\/viga.jpg 1500w\" sizes=\"(max-width: 300px) 100vw, 300px\" \/><p id=\"caption-attachment-4857\" class=\"wp-caption-text\">Massivholzbett \u201eViga\u201c<\/p><\/div>\n<p style=\"text-align: justify;\">So bietet allnatura seinen Kunden die strengste und konsequenteste Schadstoffpr\u00fcfung und -darstellung in der gesamten Branche. Alle Pr\u00fcfergebnisse sind online einsehbar. Das Ziel war und ist es, eine dauerhafte Harmonie zwischen Mensch und Natur zu schaffen. Die Produkte bestehen haupts\u00e4chlich aus reinen und nachwachsenden Rohstoffen, die bevorzugt aus kontrolliertem Anbau und artgerechter Tierhaltung kommen. Sie werden durch umweltgerechten und sparsamen Einsatz moderner Technik produziert und bieten so die optimale Kombination von \u00d6konomie und \u00d6kologie.<\/p>\n<p style=\"text-align: justify;\">Neben Nachhaltigkeit zeichnet allnatura auch sein soziales Engagement aus. Fairness gegen\u00fcber Kunden, Mitarbeitern und Lieferanten steht f\u00fcr allnatura immer an oberster Stelle. Deshalb werden die Produkte unter gerechten Bedingungen und zum Gro\u00dfteil in Deutschland gefertigt. Die Kunden werden von zertifizierten Bettenfachberatern pers\u00f6nlich und kompetent auf ihre ganz individuellen Anspr\u00fcche hin beraten. So wird die Arbeit der Firma allnatura bereits mit verschiedensten Auszeichnungen, wie beispielsweise durch Stiftung Warentest und \u00d6ko-Test belohnt.<\/p>\n<p style=\"text-align: justify;\">allnatura will nun seinen \u00f6kologischen Anspr\u00fcchen komplett gen\u00fcgen und eine echte Besonderheit schaffen \u2013 ein neues Firmengeb\u00e4ude. Damit setzt allnatura \u00f6ffentlich ein innovatives Zeichen f\u00fcr mehr Nachhaltigkeit und Umweltbewusstsein. Der Neubau besticht durch die \u00f6kologischen Baumaterialien sowie eine streng \u00f6kologische Inneneinrichtung. Mit dem eigenen Firmengeb\u00e4ude geht allnatura nun den n\u00e4chsten Schritt in der konsequenten Arbeit. Ein Geb\u00e4ude, das die Firmenphilosophie und -vision ganzheitlich aufgreift und deshalb \u00f6kologisch und \u00e4u\u00dferst zukunftsweisend sein wird.<\/p>\n<p style=\"text-align: justify;\"><strong>Sie wollen mehr wissen?<\/strong><\/p>\n<p style=\"text-align: justify;\">Dann besuchen Sie direkt den Online Shop unter www.allnatura.de.<\/p>\n<p style=\"text-align: justify;\"><img loading=\"lazy\" class=\"alignnone wp-image-4846 size-full\" src=\"https:\/\/www.nachhaltiger-einkauf.de\/wordpress\/wp-content\/uploads\/2015\/01\/So-soll-der-zuk\u00fcnftige-Neubau-von-allnatura-aussehen.jpg\" alt=\"So soll der zuk\u00fcnftige Neubau von allnatura aussehen\" width=\"2000\" height=\"889\" data-id=\"4846\" srcset=\"https:\/\/www.nachhaltiger-einkauf.de\/wordpress\/wp-content\/uploads\/2015\/01\/So-soll-der-zuk\u00fcnftige-Neubau-von-allnatura-aussehen.jpg 2000w, https:\/\/www.nachhaltiger-einkauf.de\/wordpress\/wp-content\/uploads\/2015\/01\/So-soll-der-zuk\u00fcnftige-Neubau-von-allnatura-aussehen-300x133.jpg 300w, https:\/\/www.nachhaltiger-einkauf.de\/wordpress\/wp-content\/uploads\/2015\/01\/So-soll-der-zuk\u00fcnftige-Neubau-von-allnatura-aussehen-1024x455.jpg 1024w, https:\/\/www.nachhaltiger-einkauf.de\/wordpress\/wp-content\/uploads\/2015\/01\/So-soll-der-zuk\u00fcnftige-Neubau-von-allnatura-aussehen-500x222.jpg 500w, https:\/\/www.nachhaltiger-einkauf.de\/wordpress\/wp-content\/uploads\/2015\/01\/So-soll-der-zuk\u00fcnftige-Neubau-von-allnatura-aussehen-1000x445.jpg 1000w\" sizes=\"(max-width: 2000px) 100vw, 2000px\" \/><\/p>\n<p><iframe style=\"border: 0;\" src=\"https:\/\/www.google.com\/maps\/embed?pb=!1m18!1m12!1m3!1d2627.9552075925094!2d9.92985131519942!3d48.80183351264208!2m3!1f0!2f0!3f0!3m2!1i1024!2i768!4f13.1!3m3!1m2!1s0x479905c4585b1c9d%3A0x469b18e3a2136066!2sallnatura+Vertriebs+GmbH+%26+Co.+KG!5e0!3m2!1sde!2sde!4v1461181103600\" width=\"600\" height=\"450\" frameborder=\"0\" allowfullscreen=\"allowfullscreen\"><\/iframe><\/p>\n","protected":false},"excerpt":{"rendered":"<p>allnatura ist der Experte mit \u00fcber 30 Jahren Erfahrung und Marktf\u00fchrer im Bereich \u201enat\u00fcrlich und \u00f6kologisch schlafen&#8221;. Als einer der damals ersten \u00f6kologischen Online-Shops (www.allnatura.de) entwickelt allnatura eigene umweltfreundliche Produkte wie sonst kein anderer. Mit dem Hintergedanken, dass jeder Mensch&hellip; <\/p>\n","protected":false},"author":1,"featured_media":0,"parent":2374,"menu_order":0,"comment_status":"open","ping_status":"open","template":"","meta":[],"_links":{"self":[{"href":"https:\/\/www.nachhaltiger-einkauf.de\/wordpress\/wp-json\/wp\/v2\/pages\/4849"}],"collection":[{"href":"https:\/\/www.nachhaltiger-einkauf.de\/wordpress\/wp-json\/wp\/v2\/pages"}],"about":[{"href":"https:\/\/www.nachhaltiger-einkauf.de\/wordpress\/wp-json\/wp\/v2\/types\/page"}],"author":[{"embeddable":true,"href":"https:\/\/www.nachhaltiger-einkauf.de\/wordpress\/wp-json\/wp\/v2\/users\/1"}],"replies":[{"embeddable":true,"href":"https:\/\/www.nachhaltiger-einkauf.de\/wordpress\/wp-json\/wp\/v2\/comments?post=4849"}],"version-history":[{"count":14,"href":"https:\/\/www.nachhaltiger-einkauf.de\/wordpress\/wp-json\/wp\/v2\/pages\/4849\/revisions"}],"predecessor-version":[{"id":5859,"href":"https:\/\/www.nachhaltiger-einkauf.de\/wordpress\/wp-json\/wp\/v2\/pages\/4849\/revisions\/5859"}],"up":[{"embeddable":true,"href":"https:\/\/www.nachhaltiger-einkauf.de\/wordpress\/wp-json\/wp\/v2\/pages\/2374"}],"wp:attachment":[{"href":"https:\/\/www.nachhaltiger-einkauf.de\/wordpress\/wp-json\/wp\/v2\/media?parent=4849"}],"curies":[{"name":"wp","href":"https:\/\/api.w.org\/{rel}","templated":true}]}}