{"id":5716,"date":"2017-12-11T12:52:40","date_gmt":"2017-12-11T11:52:40","guid":{"rendered":"http:\/\/www.nachhaltiger-einkauf.de\/wordpress\/?page_id=5716"},"modified":"2021-02-24T21:45:36","modified_gmt":"2021-02-24T20:45:36","slug":"nachhaltige-sportbekleidung","status":"publish","type":"page","link":"https:\/\/www.nachhaltiger-einkauf.de\/wordpress\/nachhaltige-sportbekleidung","title":{"rendered":"Nachhaltige Sportbekleidung"},"content":{"rendered":"<p>Bei der Auswahl von Bekleidung f\u00fcr sportliche Aktivit\u00e4ten sind die Vorlieben der Menschen oft verschieden. Bei vielen stehen die Bequemlichkeit und der Komfort der Kleidung im Vordergrund. F\u00fcr andere wiederum ist der Preis der Hauptentscheidungsfaktor. Auch die Farbe oder die Funktionalit\u00e4t spielen bei der Kaufentscheidung eine wichtige Rolle. Doch beim Thema Nachhaltigkeit von Sportbekleidung sind sich alle einig. Niemand m\u00f6chte gerne Sportbekleidung auf der Haut tragen, welche in \u00fcberf\u00fcllten Produktionshallen in Schwellenl\u00e4ndern produziert wurde. Im Folgenden werden Sportartikelhersteller vorgestellt, bei denen Nachhaltigkeit gro\u00df geschrieben wird. Des Weiteren werden Siegel beschrieben, welche Nachhaltigkeit garantieren.<\/p>\n","protected":false},"excerpt":{"rendered":"<p>Bei der Auswahl von Bekleidung f\u00fcr sportliche Aktivit\u00e4ten sind die Vorlieben der Menschen oft verschieden. Bei vielen stehen die Bequemlichkeit und der Komfort der Kleidung im Vordergrund. F\u00fcr andere wiederum ist der Preis der Hauptentscheidungsfaktor. Auch die Farbe oder die&hellip; <\/p>\n","protected":false},"author":1,"featured_media":0,"parent":0,"menu_order":0,"comment_status":"closed","ping_status":"closed","template":"","meta":[],"_links":{"self":[{"href":"https:\/\/www.nachhaltiger-einkauf.de\/wordpress\/wp-json\/wp\/v2\/pages\/5716"}],"collection":[{"href":"https:\/\/www.nachhaltiger-einkauf.de\/wordpress\/wp-json\/wp\/v2\/pages"}],"about":[{"href":"https:\/\/www.nachhaltiger-einkauf.de\/wordpress\/wp-json\/wp\/v2\/types\/page"}],"author":[{"embeddable":true,"href":"https:\/\/www.nachhaltiger-einkauf.de\/wordpress\/wp-json\/wp\/v2\/users\/1"}],"replies":[{"embeddable":true,"href":"https:\/\/www.nachhaltiger-einkauf.de\/wordpress\/wp-json\/wp\/v2\/comments?post=5716"}],"version-history":[{"count":5,"href":"https:\/\/www.nachhaltiger-einkauf.de\/wordpress\/wp-json\/wp\/v2\/pages\/5716\/revisions"}],"predecessor-version":[{"id":5960,"href":"https:\/\/www.nachhaltiger-einkauf.de\/wordpress\/wp-json\/wp\/v2\/pages\/5716\/revisions\/5960"}],"wp:attachment":[{"href":"https:\/\/www.nachhaltiger-einkauf.de\/wordpress\/wp-json\/wp\/v2\/media?parent=5716"}],"curies":[{"name":"wp","href":"https:\/\/api.w.org\/{rel}","templated":true}]}}