{"id":5721,"date":"2017-12-11T12:49:03","date_gmt":"2017-12-11T11:49:03","guid":{"rendered":"http:\/\/www.nachhaltiger-einkauf.de\/wordpress\/?page_id=5721"},"modified":"2021-02-24T21:48:32","modified_gmt":"2021-02-24T20:48:32","slug":"sportartikelhersteller","status":"publish","type":"page","link":"https:\/\/www.nachhaltiger-einkauf.de\/wordpress\/sportartikelhersteller","title":{"rendered":"Sportartikelhersteller"},"content":{"rendered":"<p>Wir alle m\u00f6chten am liebsten Sportbekleidung, die vielseitige Funktionen wie z.B. ein wasserabweisendes und atmungsaktives Material haben oder besonders robust und komfortabel sind. Gleichzeitig sollen diese Produkte am besten nachhaltig produziert worden sein. Die folgenden Hersteller und Marken produzieren ihre Sportbekleidung nachhaltig.<\/p>\n<p>Der deutsche Hersteller <strong>Kossmann<\/strong> ist in Sachen Laufbekleidung der richtige Ansprechpartner. Die verwendeten Stoffe f\u00fcr ihre Artikel kommen ausschlie\u00dflich aus Italien, \u00d6sterreich und Deutschland. Zudem werden alle der vertriebenen Artikel im Gro\u00dfraum Chemnitz gen\u00e4ht. Dies bedeutet, dass die gesamte Produktpalette in Europa produziert wird. Die Laufbekleidung von Kossmann ist zudem \u00d6ko-Zertifiziert.<\/p>\n<p>Auch das \u00f6sterreichische Label <strong>L\u00f6ffler <\/strong>produziert fast ausschlie\u00dflich in Europa. 70% der Textilien stammen aus der eigenen Stickerei in \u00d6sterreich. Die zugekauften Garne, Stoffe und Rei\u00dfverschl\u00fcsse sind alle \u00d6ko-Tex-Standard 100 zertifiziert und dadurch sehr schadstoffarm. Was der \u00d6ko-Tex-Standard 100 genau ist, k\u00f6nnen sie unter dem Reiter Bekleidungssiegel nachlesen.<\/p>\n<p><strong>Trigema <\/strong>ist ein schw\u00e4bisches Unternehmen, welches eine gro\u00dfe Auswahl an Sportbekleidung f\u00fcr verschiedene Sportarten anbietet. Sie produzieren zu 100% in der eigenen Fabrik in Deutschland. Die Behandlungsprozesse und Textilien entsprechen alle dem \u00d6ko-Tex-Standard 100. Die &#8220;Trigema Change&#8221;-Linie besteht einzig aus Bio-Baumwolle und ist zudem Cradle to Cradle zertifiziert.<\/p>\n<p>Viele Produkte von <strong>Patagonia <\/strong>sind bluesign-zertifiziert. Sie bieten eine gro\u00dfe Auswahl an Sport- und Outdoorbekleidung sowie Zubeh\u00f6r f\u00fcr verschiedene Sportarten. Au\u00dferdem setzt Patagonia auf Recycling-Polyester und Bio-Baumwolle. Besonders bei Tops, T-Shirts, Longsleeves, Funktionsw\u00e4sche und Leggings.<\/p>\n<p>Rund 80% der Bekleidung des Sport- und outdoorartikelherstellers <strong>Vaude <\/strong>sind bluesign-zertifiziert. Die meisten Teile bestehen aus Recycling-Kunststoff (PET-Flaschen), Altkleidern und sogar aus alten Fischernetzen. Au\u00dferdem verfolgt Vaude mit seiner &#8220;Green Shape&#8221;- Linie einen eigenen Standard im Bereich Chemikalienmanagement, der noch strenger ist als bluesign. Zudem legen sie Wert auf faire Produktionsbedingungen und sorgen mit ihren Standards f\u00fcr einen hohen Sozialstandard.<\/p>\n<p>Wenn Sie also nachhaltige Sportbekleidung suchen, sind sie bei den oben genannten Herstellern und Marken genau richtig.<\/p>\n<p>Quelle: utopia.de (2017): https:\/\/utopia.de\/ratgeber\/nachhaltige-sportkleidung\/ (Abgerufen am 01.12.2017)<\/p>\n","protected":false},"excerpt":{"rendered":"<p>Wir alle m\u00f6chten am liebsten Sportbekleidung, die vielseitige Funktionen wie z.B. ein wasserabweisendes und atmungsaktives Material haben oder besonders robust und komfortabel sind. Gleichzeitig sollen diese Produkte am besten nachhaltig produziert worden sein. Die folgenden Hersteller und Marken produzieren ihre&hellip; <\/p>\n","protected":false},"author":1,"featured_media":0,"parent":0,"menu_order":0,"comment_status":"closed","ping_status":"closed","template":"","meta":[],"_links":{"self":[{"href":"https:\/\/www.nachhaltiger-einkauf.de\/wordpress\/wp-json\/wp\/v2\/pages\/5721"}],"collection":[{"href":"https:\/\/www.nachhaltiger-einkauf.de\/wordpress\/wp-json\/wp\/v2\/pages"}],"about":[{"href":"https:\/\/www.nachhaltiger-einkauf.de\/wordpress\/wp-json\/wp\/v2\/types\/page"}],"author":[{"embeddable":true,"href":"https:\/\/www.nachhaltiger-einkauf.de\/wordpress\/wp-json\/wp\/v2\/users\/1"}],"replies":[{"embeddable":true,"href":"https:\/\/www.nachhaltiger-einkauf.de\/wordpress\/wp-json\/wp\/v2\/comments?post=5721"}],"version-history":[{"count":5,"href":"https:\/\/www.nachhaltiger-einkauf.de\/wordpress\/wp-json\/wp\/v2\/pages\/5721\/revisions"}],"predecessor-version":[{"id":5958,"href":"https:\/\/www.nachhaltiger-einkauf.de\/wordpress\/wp-json\/wp\/v2\/pages\/5721\/revisions\/5958"}],"wp:attachment":[{"href":"https:\/\/www.nachhaltiger-einkauf.de\/wordpress\/wp-json\/wp\/v2\/media?parent=5721"}],"curies":[{"name":"wp","href":"https:\/\/api.w.org\/{rel}","templated":true}]}}