{"id":5804,"date":"2017-12-14T15:20:07","date_gmt":"2017-12-14T14:20:07","guid":{"rendered":"https:\/\/www.nachhaltiger-einkauf.de\/wordpress\/?page_id=5804"},"modified":"2021-02-24T21:50:39","modified_gmt":"2021-02-24T20:50:39","slug":"common-goal","status":"publish","type":"page","link":"https:\/\/www.nachhaltiger-einkauf.de\/wordpress\/common-goal","title":{"rendered":"Common Goal"},"content":{"rendered":"<p>Bei Common Goal handelt es sich um eine Initiative, bei der Fu\u00dfballer ein Prozent ihres Gehaltes f\u00fcr soziale Projekte spenden. Mitgr\u00fcnder ist Manchester Uniteds Spieler Juan Mata.<\/p>\n<p>Die Initiative wurde 2017 gegr\u00fcndet und ihre Erl\u00f6se gehen an die streetworldfootball Organisation. Diese unterst\u00fctzt weltweit soziale Projekte mit Fu\u00dfballbezug und entstand 2002. Der Gr\u00fcnder von streetworldfootball ist J\u00fcrgen Griesbeck, der in den vergangenen 15 Jahren 120 lokale wohlt\u00e4tige Einrichtungen aufgebaut hat. Er ist der Meinung, dass ein Teil des Kapitals aus dem Fu\u00dfballsektor zur sozialen Ver\u00e4nderung beitragen soll.<\/p>\n<p>Um die ein Prozent des Gesamtumsatzes im Fu\u00dfballgesch\u00e4ft zu investieren, sind nicht nur die Spieler gefragt. Als gutes Vorbild gilt der Mitgr\u00fcnder und Manchester Uniteds Mittelfeldspieler Juan Mata, der bereits ein Prozent seines Gehaltes spendet. Die Zahl der Unterst\u00fctzer steigt stetig. Aus der Bunderliga sind mittlerweile sieben Akteure vertreten, unter anderem auch Hoffenheim-Trainer Julian Nagelsmann. Ebenso spendet Stuttgarts Dennis Aogo, aufgrund seines Migrationshintergrundes, sogar zwei Prozent seines Gehaltes. Shinji Kagawa von Borussia Dortmund hofft darauf, dass das Projekt \u00fcber die Grenzen Europas hinaus Nachahmer findet.<\/p>\n<p style=\"text-align: right;\"><a href=\"https:\/\/www.nachhaltiger-einkauf.de\/wordpress\/wp-content\/uploads\/2017\/12\/Bild_2.jpeg\"><img loading=\"lazy\" class=\"aligncenter wp-image-5818 size-medium\" src=\"https:\/\/www.nachhaltiger-einkauf.de\/wordpress\/wp-content\/uploads\/2017\/12\/Bild_2-300x225.jpeg\" alt=\"Wiese voller Gerste\" data-id=\"5818\" width=\"300\" height=\"225\" srcset=\"https:\/\/www.nachhaltiger-einkauf.de\/wordpress\/wp-content\/uploads\/2017\/12\/Bild_2-300x225.jpeg 300w, https:\/\/www.nachhaltiger-einkauf.de\/wordpress\/wp-content\/uploads\/2017\/12\/Bild_2-768x576.jpeg 768w, https:\/\/www.nachhaltiger-einkauf.de\/wordpress\/wp-content\/uploads\/2017\/12\/Bild_2-1024x768.jpeg 1024w, https:\/\/www.nachhaltiger-einkauf.de\/wordpress\/wp-content\/uploads\/2017\/12\/Bild_2.jpeg 1280w\" sizes=\"(max-width: 300px) 100vw, 300px\" \/><\/a><\/p>\n","protected":false},"excerpt":{"rendered":"<p>Bei Common Goal handelt es sich um eine Initiative, bei der Fu\u00dfballer ein Prozent ihres Gehaltes f\u00fcr soziale Projekte spenden. Mitgr\u00fcnder ist Manchester Uniteds Spieler Juan Mata. Die Initiative wurde 2017 gegr\u00fcndet und ihre Erl\u00f6se gehen an die streetworldfootball Organisation.&hellip; <\/p>\n","protected":false},"author":1,"featured_media":0,"parent":0,"menu_order":0,"comment_status":"closed","ping_status":"closed","template":"","meta":[],"_links":{"self":[{"href":"https:\/\/www.nachhaltiger-einkauf.de\/wordpress\/wp-json\/wp\/v2\/pages\/5804"}],"collection":[{"href":"https:\/\/www.nachhaltiger-einkauf.de\/wordpress\/wp-json\/wp\/v2\/pages"}],"about":[{"href":"https:\/\/www.nachhaltiger-einkauf.de\/wordpress\/wp-json\/wp\/v2\/types\/page"}],"author":[{"embeddable":true,"href":"https:\/\/www.nachhaltiger-einkauf.de\/wordpress\/wp-json\/wp\/v2\/users\/1"}],"replies":[{"embeddable":true,"href":"https:\/\/www.nachhaltiger-einkauf.de\/wordpress\/wp-json\/wp\/v2\/comments?post=5804"}],"version-history":[{"count":5,"href":"https:\/\/www.nachhaltiger-einkauf.de\/wordpress\/wp-json\/wp\/v2\/pages\/5804\/revisions"}],"predecessor-version":[{"id":6586,"href":"https:\/\/www.nachhaltiger-einkauf.de\/wordpress\/wp-json\/wp\/v2\/pages\/5804\/revisions\/6586"}],"wp:attachment":[{"href":"https:\/\/www.nachhaltiger-einkauf.de\/wordpress\/wp-json\/wp\/v2\/media?parent=5804"}],"curies":[{"name":"wp","href":"https:\/\/api.w.org\/{rel}","templated":true}]}}