{"id":5892,"date":"2018-01-14T15:21:36","date_gmt":"2018-01-14T14:21:36","guid":{"rendered":"https:\/\/www.nachhaltiger-einkauf.de\/wordpress\/?page_id=5892"},"modified":"2021-02-24T23:42:32","modified_gmt":"2021-02-24T22:42:32","slug":"papier-aus-gras","status":"publish","type":"page","link":"https:\/\/www.nachhaltiger-einkauf.de\/wordpress\/papier-aus-gras","title":{"rendered":"Papier aus Gras"},"content":{"rendered":"<p><span style=\"font-family: verdana, geneva, sans-serif;\">Die Herstellung von Papier verbraucht viel Energie, Holz und Wasser. Um bei der Herstellung weniger Ressourcen zu verbrauchen, hat sich ein Unternehmen auf die Suche einer nachhaltigen Alternative gemacht. Hierbei ist das Unternehmen Creapaper f\u00fcndig geworden.<\/span><\/p>\n<p><span style=\"font-family: verdana, geneva, sans-serif;\">So entstand die Idee Papier aus Gras herzustellen. In Zusammenarbeit mit einem Papiermacher aus Rheinbach wurde dies dann umgesetzt und es entstand das erste St\u00fcck Graspapier. Ziel ist es nun, das Graspapier neben dem herk\u00f6mmlich produzierten Papier aus Holz zu etablieren, denn der Pro-Kopf-Verbrauch an Papier steigt stetig an. Daf\u00fcr werden ganze W\u00e4lder an B\u00e4umen abgeholzt. So soll die Idee des Graspapiers ein wichtiger Schritt gegen die Abholzung sein.<\/span><\/p>\n<p><span style=\"font-family: verdana, geneva, sans-serif;\">Damit aus Heu tats\u00e4chlich Papier entstehen kann, muss es zuerst getrocknet und gemahlen werden. Anschlie\u00dfend wird es zu Pallets verarbeitet. In Wasser aufgel\u00f6st k\u00f6nnen sie dann weiterverarbeitet werden. Aber was macht das Papier aus Gras eigentlich besser?<\/span><\/p>\n<p><span style=\"font-family: verdana, geneva, sans-serif;\">Es werden im Vergleich zum normalen Papier 75 Prozent der CO2-Emission eingespart. Die \u00d6kobilanz ist ebenso um ein vielfaches besser und Wasser wird kaum ben\u00f6tigt. Au\u00dferdem wird bei der Herstellung von Graspapier um ein Vielfaches weniger Strom verbraucht. Auf chemische Stoffe kann ebenso verzichtet werden. Entsorgt werden kann das Graspapier entweder \u00fcber den Bio-Kompost oder als Altpapier. Es kann sogar behauptet werden, dass das Gras schneller nachw\u00e4chst als dass das Papier verbraucht wird.<\/span><\/p>\n<p>Quelle: KFW &#8211; https:\/\/www.kfw.de\/stories\/wirtschaft\/gruenden\/creapaper-produziert-graspapier\/<\/p>\n","protected":false},"excerpt":{"rendered":"<p>Die Herstellung von Papier verbraucht viel Energie, Holz und Wasser. Um bei der Herstellung weniger Ressourcen zu verbrauchen, hat sich ein Unternehmen auf die Suche einer nachhaltigen Alternative gemacht. Hierbei ist das Unternehmen Creapaper f\u00fcndig geworden. So entstand die Idee&hellip; <\/p>\n","protected":false},"author":1,"featured_media":0,"parent":0,"menu_order":0,"comment_status":"closed","ping_status":"closed","template":"","meta":[],"_links":{"self":[{"href":"https:\/\/www.nachhaltiger-einkauf.de\/wordpress\/wp-json\/wp\/v2\/pages\/5892"}],"collection":[{"href":"https:\/\/www.nachhaltiger-einkauf.de\/wordpress\/wp-json\/wp\/v2\/pages"}],"about":[{"href":"https:\/\/www.nachhaltiger-einkauf.de\/wordpress\/wp-json\/wp\/v2\/types\/page"}],"author":[{"embeddable":true,"href":"https:\/\/www.nachhaltiger-einkauf.de\/wordpress\/wp-json\/wp\/v2\/users\/1"}],"replies":[{"embeddable":true,"href":"https:\/\/www.nachhaltiger-einkauf.de\/wordpress\/wp-json\/wp\/v2\/comments?post=5892"}],"version-history":[{"count":2,"href":"https:\/\/www.nachhaltiger-einkauf.de\/wordpress\/wp-json\/wp\/v2\/pages\/5892\/revisions"}],"predecessor-version":[{"id":5895,"href":"https:\/\/www.nachhaltiger-einkauf.de\/wordpress\/wp-json\/wp\/v2\/pages\/5892\/revisions\/5895"}],"wp:attachment":[{"href":"https:\/\/www.nachhaltiger-einkauf.de\/wordpress\/wp-json\/wp\/v2\/media?parent=5892"}],"curies":[{"name":"wp","href":"https:\/\/api.w.org\/{rel}","templated":true}]}}