{"id":5901,"date":"2018-01-15T11:37:21","date_gmt":"2018-01-15T10:37:21","guid":{"rendered":"https:\/\/www.nachhaltiger-einkauf.de\/wordpress\/?page_id=5901"},"modified":"2021-02-24T21:51:29","modified_gmt":"2021-02-24T20:51:29","slug":"transfersummen-im-fussball","status":"publish","type":"page","link":"https:\/\/www.nachhaltiger-einkauf.de\/wordpress\/transfersummen-im-fussball","title":{"rendered":"Transfersummen im Fu\u00dfball"},"content":{"rendered":"<p>Die Bev\u00f6lkerung w\u00fcrde die Fu\u00dfballwelt gerne nachhaltiger sehen. Das ist nicht erst durch die Initiative \u201eCommon Goal\u201c bekannt geworden. Jedoch wird dieser Wunsch aktuell wieder auf eine harte Probe gestellt. Die Transfersummen, die f\u00fcr Fu\u00dfballspieler wie Neymar (220 Millionen \u20ac) oder Coutinho (bis zu 160 Millionen \u20ac) bezahlt worden sind, werden in einem Kommentar von der Berliner Zeitung schlicht \u201ePervers\u201c genannt. \u201eFernab von jeder Lebenswirklichkeit\u201c werden die Transfersummen in einem Kommentar in der \u201eWAZ\u201c ausgedr\u00fcckt. Zudem hat die Zeitung mehrere Beispiele daf\u00fcr, wof\u00fcr die 220 Millionen \u20ac Abl\u00f6se von Neymar auch benutzt h\u00e4tte k\u00f6nnen:<\/p>\n<ul>\n<li>12 437 Neuwagen der untersten Preisklasse eines VW Golf<\/li>\n<li>888 Einfamilienh\u00e4user in der Preisklasse von 250 000 Euro<\/li>\n<li>79 655 Monatsl\u00f6hne eines deutschen Durchschnittsverdieners auszahlen<\/li>\n<li>370 Mal den Frauenhandball-Bundesligisten HC Leipzig vor der Insolvenz retten (gescheitert an 600 000 Euro, die fehlten)<\/li>\n<\/ul>\n<p>Eine seitenlange Auflistung solcher Kommentare von den gr\u00f6\u00dften Zeitungen in Deutschland w\u00e4re m\u00f6glich. Doch dieser Trend zu immer gr\u00f6\u00dferen Ausgaben scheint kein Ende zu nehmen. Da die Vereine, die an der Weltspitze dran bleiben wollen, fr\u00fcher oder sp\u00e4ter mit \u00e4hnlich hohen Transfersummen antworten m\u00fcssen. Ein richtiger Schleudergang im Fu\u00dfballgesch\u00e4ft wird von der Frankfurter Allgemeinen Zeitung daraufhin erwartet. Dies scheint nicht abwegig, da Traditionsvereine wie der FC Barcelona, die sich in den letzten Jahren f\u00fcr ihre Jugendausbildung ger\u00fchmt haben, nun \u00fcber 300 Millionen Euro ausgeben um sich Spieler von anderen Vereinen zu kaufen.<\/p>\n<p>Der Bayerische Rundfunk warnt davor, dass der Fu\u00dfball aktuell vor dem Scheideweg steht. Entweder man entscheidet sich f\u00fcr das Entertainment, welches durch den aktuellen Transferwahnsinn allgegenwertig ist oder man n\u00e4hert sich dem traditionellen Sport an. Diese Entscheidung kann wohl nur jeder f\u00fcr sich entscheiden. Jedoch sieht der Bayerische Rundfunk hier auch die Fans in der Pflicht sich zu positionieren und die Weichen f\u00fcr die Zukunft zu stellen. Wenn sich eine Familie einen Stadionbesuch in der Zukunft nicht mehr leisten kann, dann tragen die Fans die Kosten f\u00fcr diese Entwicklung.<\/p>\n<p>&nbsp;<\/p>\n<p>Quelle: WAZ, FAZ, Berliner-Zeitung, Bayerischer Rundfunk, Handelsblatt<\/p>\n","protected":false},"excerpt":{"rendered":"<p>Die Bev\u00f6lkerung w\u00fcrde die Fu\u00dfballwelt gerne nachhaltiger sehen. Das ist nicht erst durch die Initiative \u201eCommon Goal\u201c bekannt geworden. Jedoch wird dieser Wunsch aktuell wieder auf eine harte Probe gestellt. Die Transfersummen, die f\u00fcr Fu\u00dfballspieler wie Neymar (220 Millionen \u20ac)&hellip; <\/p>\n","protected":false},"author":1,"featured_media":0,"parent":0,"menu_order":0,"comment_status":"closed","ping_status":"closed","template":"","meta":[],"_links":{"self":[{"href":"https:\/\/www.nachhaltiger-einkauf.de\/wordpress\/wp-json\/wp\/v2\/pages\/5901"}],"collection":[{"href":"https:\/\/www.nachhaltiger-einkauf.de\/wordpress\/wp-json\/wp\/v2\/pages"}],"about":[{"href":"https:\/\/www.nachhaltiger-einkauf.de\/wordpress\/wp-json\/wp\/v2\/types\/page"}],"author":[{"embeddable":true,"href":"https:\/\/www.nachhaltiger-einkauf.de\/wordpress\/wp-json\/wp\/v2\/users\/1"}],"replies":[{"embeddable":true,"href":"https:\/\/www.nachhaltiger-einkauf.de\/wordpress\/wp-json\/wp\/v2\/comments?post=5901"}],"version-history":[{"count":3,"href":"https:\/\/www.nachhaltiger-einkauf.de\/wordpress\/wp-json\/wp\/v2\/pages\/5901\/revisions"}],"predecessor-version":[{"id":5966,"href":"https:\/\/www.nachhaltiger-einkauf.de\/wordpress\/wp-json\/wp\/v2\/pages\/5901\/revisions\/5966"}],"wp:attachment":[{"href":"https:\/\/www.nachhaltiger-einkauf.de\/wordpress\/wp-json\/wp\/v2\/media?parent=5901"}],"curies":[{"name":"wp","href":"https:\/\/api.w.org\/{rel}","templated":true}]}}