{"id":5940,"date":"2018-01-20T12:38:15","date_gmt":"2018-01-20T11:38:15","guid":{"rendered":"https:\/\/www.nachhaltiger-einkauf.de\/wordpress\/?page_id=5940"},"modified":"2021-02-24T21:54:36","modified_gmt":"2021-02-24T20:54:36","slug":"green-goal","status":"publish","type":"page","link":"https:\/\/www.nachhaltiger-einkauf.de\/wordpress\/green-goal","title":{"rendered":"Green Goal"},"content":{"rendered":"<p>Mit dem Projekt <strong>Green Goal<\/strong> (Gr\u00fcnes Tor) wollte die FIFA erstmals zur Fu\u00dfball Weltmeisterschaft 2006 in Deutschland ein Vorreiter in Sachen Umweltschonung bei Sportgro\u00dfveranstaltungen sein. Das Projekt wird vom Bundesumweltministerium unterst\u00fctzt.<br \/>\nDer Fokus liegt auf der Reduzierung von Umweltbelastungen und dem \u00fcbergeordneten Ziel die Fu\u00dfball WM klimaneutral zu gestalten. Daher war das Projekt auch 5 Jahre sp\u00e4ter bei der Fu\u00dfball Weltmeisterschaft der Frauen 2011 ein wichtiger Bestandteil.<\/p>\n<p>Im Rahmen der Green Goal Fu\u00dfball WM 2006 wurden unter anderem folgende Ma\u00dfnahmen umgesetzt:<\/p>\n<ul>\n<li>Die Getr\u00e4nke in allen WM-Stadien wurden in Pfandbechern ausgegeben<\/li>\n<li>Es gab im und um das Stadion ein M\u00fclltrennungssystem f\u00fcr Abf\u00e4lle<\/li>\n<li>Die Verkehrsanbindung f\u00fcr die Besucher sowie die Reduzierung des Energieverbrauchs der Stadien und der sparsame Umgang mit Wasser waren weitere wesentliche Bestandteile des Green-Goal-Projektes<\/li>\n<\/ul>\n<p>Green Goal richtet sich nicht nur an die Veranstalter, auch die Fans werden in das Projekt miteinbezogen. Auf den Trib\u00fcnen und vor den Fernsehern zuhause kann die Wichtigkeit des Themas Umweltschutz und Nachhaltigkeit aufgenommen und nach au\u00dfen getragen werden, um sich in den K\u00f6pfen der Zuschauer zu verankern.<\/p>\n<p>Das Projekt ist langfristig ausgerichtet, der Umweltgedanke ist mittlerweile wesentlicher Bestandteil der Unternehmenspolitik der Stadien und soll zuk\u00fcnftig auch in den einzelnen Vereinen eine gro\u00dfe Rolle spielen. Die Einsparungen sind jedenfalls enorm. Insgesamt wurden knapp 710.000 Euro in das Projekt investiert, welches j\u00e4hrliche Einsparungen von rund 300.000 Euro einbringen kann.<\/p>\n<p><span style=\"font-size: 8pt;\">Quelle: http:\/\/de.fifa.com\/womensworldcup\/news\/y=2011\/m=6\/news=fifa-frauen-2011-wird-durch-green-goal-klimafair-1456874.html<\/span><\/p>\n","protected":false},"excerpt":{"rendered":"<p>Mit dem Projekt Green Goal (Gr\u00fcnes Tor) wollte die FIFA erstmals zur Fu\u00dfball Weltmeisterschaft 2006 in Deutschland ein Vorreiter in Sachen Umweltschonung bei Sportgro\u00dfveranstaltungen sein. Das Projekt wird vom Bundesumweltministerium unterst\u00fctzt. Der Fokus liegt auf der Reduzierung von Umweltbelastungen und&hellip; <\/p>\n","protected":false},"author":1,"featured_media":0,"parent":0,"menu_order":0,"comment_status":"closed","ping_status":"closed","template":"","meta":[],"_links":{"self":[{"href":"https:\/\/www.nachhaltiger-einkauf.de\/wordpress\/wp-json\/wp\/v2\/pages\/5940"}],"collection":[{"href":"https:\/\/www.nachhaltiger-einkauf.de\/wordpress\/wp-json\/wp\/v2\/pages"}],"about":[{"href":"https:\/\/www.nachhaltiger-einkauf.de\/wordpress\/wp-json\/wp\/v2\/types\/page"}],"author":[{"embeddable":true,"href":"https:\/\/www.nachhaltiger-einkauf.de\/wordpress\/wp-json\/wp\/v2\/users\/1"}],"replies":[{"embeddable":true,"href":"https:\/\/www.nachhaltiger-einkauf.de\/wordpress\/wp-json\/wp\/v2\/comments?post=5940"}],"version-history":[{"count":3,"href":"https:\/\/www.nachhaltiger-einkauf.de\/wordpress\/wp-json\/wp\/v2\/pages\/5940\/revisions"}],"predecessor-version":[{"id":5950,"href":"https:\/\/www.nachhaltiger-einkauf.de\/wordpress\/wp-json\/wp\/v2\/pages\/5940\/revisions\/5950"}],"wp:attachment":[{"href":"https:\/\/www.nachhaltiger-einkauf.de\/wordpress\/wp-json\/wp\/v2\/media?parent=5940"}],"curies":[{"name":"wp","href":"https:\/\/api.w.org\/{rel}","templated":true}]}}