{"id":5943,"date":"2018-01-20T12:43:28","date_gmt":"2018-01-20T11:43:28","guid":{"rendered":"https:\/\/www.nachhaltiger-einkauf.de\/wordpress\/?page_id=5943"},"modified":"2021-02-24T21:55:16","modified_gmt":"2021-02-24T20:55:16","slug":"olympische-und-paralympische-winterspiele-2018","status":"publish","type":"page","link":"https:\/\/www.nachhaltiger-einkauf.de\/wordpress\/olympische-und-paralympische-winterspiele-2018","title":{"rendered":"Olympische und Paralympische Winterspiele 2018"},"content":{"rendered":"<p>Ein weiteres aktuelles Konzept zur nachhaltigen Durchf\u00fchrung von Sportveranstaltungen bezieht sich auf die <strong>Olympischen und Paralympischen Winterspiele<\/strong> <strong>2018<\/strong>. M\u00fcnchen bewarb sich hierf\u00fcr mit einem Konzept f\u00fcr Umweltvertr\u00e4glichkeit und Nachhaltigkeit. Nach Vorgaben des IOC (Internationale Olympische Komitee), welches die f\u00fcr die Organisation und Betreuung der Olympischen Spiele zust\u00e4ndig ist, m\u00fcssen die Bewerberst\u00e4dte negative Auswirkungen auf die Umwelt vermieden werden. Zus\u00e4tzlich sollen aber auch Ma\u00dfnahmen getroffen werden, welche ein positives gr\u00fcnes Erbe hinterlassen.<\/p>\n<p>M\u00fcnchen wollte nicht nur die Mindestanforderungen des IOC umsetzen, sondern gestaltete ein vielseitiges klimaneutrales Umweltkonzept mit den folgenden vier Leitthemen:<\/p>\n<ul>\n<li>Schutz des Klimas<\/li>\n<li>Schutz der nat\u00fcrlichen Lebensgrundlagen<\/li>\n<li>Sport- und Regionalentwicklung<\/li>\n<li>Bildung f\u00fcr nachhaltige Entwicklung<\/li>\n<\/ul>\n<p>Die einzelnen Leitthemen beinhalteten wiederum unterschiedliche Projekte, wie beispielsweise dem \u201eGreen building materials 2018\u201c, welches den Einsatz von \u00f6kologischen Baumaterialien wie Holz oder CO2 armen Zement f\u00fcr alle geplanten Neubauten bez\u00fcglich der Olympischen Spiele vorsah. Aber auch das Projekt \u201eGesunde Ern\u00e4hrung\u201c spielte f\u00fcr die Bewerbung M\u00fcnchens eine gro\u00dfe Rolle. Die Lebensmittel f\u00fcr die Sportler sollten dabei ausschlie\u00dflich aus kontrolliertem biologischem Anbau kommen, um die Bedeutung dieser Produkte aus \u00f6kologischer Sicht vor und nach den Spielen zu verbessern.<\/p>\n<p>Obwohl M\u00fcnchen letztendlich nicht als Austragungsort f\u00fcr die Spiele ausgew\u00e4hlt wurde, dient ihr Konzept allerdings trotzdem als bedeutendes Beispiel, wie Gro\u00dfveranstaltungen in der Zukunft umwelt- und ressourcenschonender gestaltet werden k\u00f6nnen.<\/p>\n<p><span style=\"font-size: 8pt;\">Quelle: https:\/\/www.dosb.de\/de\/sportentwicklung\/umwelt\/nachhaltige-sportveranstaltungen\/<\/span><\/p>\n","protected":false},"excerpt":{"rendered":"<p>Ein weiteres aktuelles Konzept zur nachhaltigen Durchf\u00fchrung von Sportveranstaltungen bezieht sich auf die Olympischen und Paralympischen Winterspiele 2018. M\u00fcnchen bewarb sich hierf\u00fcr mit einem Konzept f\u00fcr Umweltvertr\u00e4glichkeit und Nachhaltigkeit. Nach Vorgaben des IOC (Internationale Olympische Komitee), welches die f\u00fcr die&hellip; <\/p>\n","protected":false},"author":1,"featured_media":0,"parent":0,"menu_order":0,"comment_status":"closed","ping_status":"closed","template":"","meta":[],"_links":{"self":[{"href":"https:\/\/www.nachhaltiger-einkauf.de\/wordpress\/wp-json\/wp\/v2\/pages\/5943"}],"collection":[{"href":"https:\/\/www.nachhaltiger-einkauf.de\/wordpress\/wp-json\/wp\/v2\/pages"}],"about":[{"href":"https:\/\/www.nachhaltiger-einkauf.de\/wordpress\/wp-json\/wp\/v2\/types\/page"}],"author":[{"embeddable":true,"href":"https:\/\/www.nachhaltiger-einkauf.de\/wordpress\/wp-json\/wp\/v2\/users\/1"}],"replies":[{"embeddable":true,"href":"https:\/\/www.nachhaltiger-einkauf.de\/wordpress\/wp-json\/wp\/v2\/comments?post=5943"}],"version-history":[{"count":3,"href":"https:\/\/www.nachhaltiger-einkauf.de\/wordpress\/wp-json\/wp\/v2\/pages\/5943\/revisions"}],"predecessor-version":[{"id":5955,"href":"https:\/\/www.nachhaltiger-einkauf.de\/wordpress\/wp-json\/wp\/v2\/pages\/5943\/revisions\/5955"}],"wp:attachment":[{"href":"https:\/\/www.nachhaltiger-einkauf.de\/wordpress\/wp-json\/wp\/v2\/media?parent=5943"}],"curies":[{"name":"wp","href":"https:\/\/api.w.org\/{rel}","templated":true}]}}