{"id":6127,"date":"2021-01-29T15:45:30","date_gmt":"2021-01-29T14:45:30","guid":{"rendered":"https:\/\/www.nachhaltiger-einkauf.de\/wordpress\/?page_id=6127"},"modified":"2021-07-01T19:48:05","modified_gmt":"2021-07-01T17:48:05","slug":"ostalbheu","status":"publish","type":"page","link":"https:\/\/www.nachhaltiger-einkauf.de\/wordpress\/einkauf\/ostalbheu","title":{"rendered":"Scholz Futtermittel"},"content":{"rendered":"<p><\/p>\n<h2><strong>Was ist Scholz Futtermittel? <\/strong><\/h2>\n<p><\/p>\n<p><\/p>\n<div class=\"wp-block-group\">\n<div class=\"wp-block-group__inner-container\"><\/p>\n<p>Scholz Futtermittel &#8211; das sind Manuel und Philipp Scholz, zwei Br\u00fcder, denen Nachhaltigkeit bereits fr\u00fch sehr wichtig war. Aufgewachsen sind sie in Ellwangen, einer Stadt im Ostalbkreis, umringt von bl\u00fchender Natur, gr\u00fcnen Wiesen und vielen industriellen Landwirtschaften?!<\/p>\n<p><\/div>\n<\/div>\n<p><\/p>\n<p><\/p>\n<p>Bauern, die die Wiesen und \u00c4cker ausbeuten, um m\u00f6glichst viel Ertrag aus den Pflanzen zu erhalten?<\/p>\n<p><\/p>\n<p><\/p>\n<p>Landwirte, die Felder d\u00fcngen, ohne dass dies zwingend notwendig ist?<\/p>\n<p><\/p>\n<p><\/p>\n<p>Ackerm\u00e4nner, die durch den Einsatz von Pestiziden f\u00fcr Insektensterben und Ausbeutung der Natur verantwortlich sind?<\/p>\n<p><\/p>\n<p><\/p>\n<p>In unseren Augen kann das keine L\u00f6sung f\u00fcr die Zukunft sein. Schlie\u00dflich ist Nachhaltigkeit nicht nur ein Thema, das unsere Kinder und nachfolgenden Generationen betreffen, da Sie durch uns in einer besseren Welt leben k\u00f6nnen, sondern die Auswirkungen betreffen auch uns.<\/p>\n<p><\/p>\n<p><\/p>\n<h2><strong>WER SIND WIR?<\/strong><\/h2>\n<p><\/p>\n<p><\/p>\n<p>OstalbHeu wurde <strong>2019 <\/strong>von Philipp und Manuel Scholz gegr\u00fcndet. Bereits w\u00e4hrend seinem Bachelorstudium im Fach Landwirtschaft an der Landwirtschaftlichen Lehranstalt in Triesdorf hat Manuel gemerkt, dass nachhaltige Landwirtschaft die Zukunft sein wird. Durch die Ausbildung auf einem kleinen, l\u00e4ndlich gelegenen Familienbetrieb war ihm schnell klar, dass er mit eigenen H\u00fchnern und dem Verkauf von deren Eiern einen ersten Schritt in diese Richtung gehen will.<\/p>\n<p><\/p>\n<p><\/p>\n<p>Auch bei Philipp kommt die Begeisterung f\u00fcr nachhaltiges Anbauen von Pflanzen und Tierhaltung nicht von irgendwo \u2013 bereits w\u00e4hrend seinem Abitur hat er zusammen mit seinem Nachbar Kleintiere gehalten. Vom eigenen Hasen \u00fcber Wachteln bis hin zu mehreren H\u00fchnern (auf einem kleinen Bauernhof au\u00dferhalb der Stadt) wurde der Bestand und das Wissen \u00fcber Landwirtschaft und Tierhaltung immer gr\u00f6\u00dfer.<\/p>\n<p><\/p>\n<p><\/p>\n<p>Doch ein Problem hatten beide \u2013 vor allem in den Wintermonaten war das Futter immer knapp. Also mussten beide los, in den n\u00e4chsten Kleintiermarkt und Nahrung f\u00fcr die Tiere kaufen. N\u00e4hrstoffreiches Heu zu erhalten war kein Problem, allerdings st\u00f6rte die beiden immer das gleiche: Der Anbau des Heus war oft industriell gekennzeichnet, zudem entsprach die Verpackung aus Plastik nicht den Vorstellungen von Nachhaltigkeit der beiden Br\u00fcder.<\/p>\n<p><\/p>\n<p><\/p>\n<p>Kurzerhand entschlossen sich die Br\u00fcder dazu, das eigene Unternehmen zu Gr\u00fcnden: nachhaltig angebautes Heu f\u00fcr Kleintiere, verpackt und vertrieben mit nachhaltigen Mitteln.<\/p>\n<p><\/p>\n<p><\/p>\n<h2>UNSERE VORTEILE F\u00dcR DICH!<\/h2>\n<p><\/p>\n<p><div tabindex=\"0\" class=\"cycloneslider cycloneslider-template-standard cycloneslider-width-responsive\" id=\"cycloneslider-0815-sf-1\" style=\"max-width:960px\" > <div class=\"cycloneslider-slides cycle-slideshow\" data-cycle-allow-wrap=\"true\" data-cycle-dynamic-height=\"off\" data-cycle-auto-height=\"960:600\" data-cycle-auto-height-easing=\"null\" data-cycle-auto-height-speed=\"250\" data-cycle-delay=\"0\" data-cycle-easing=\"\" data-cycle-fx=\"fade\" data-cycle-hide-non-active=\"true\" data-cycle-log=\"false\" data-cycle-next=\"#cycloneslider-0815-sf-1 .cycloneslider-next\" data-cycle-pager=\"#cycloneslider-0815-sf-1 .cycloneslider-pager\" data-cycle-pause-on-hover=\"true\" data-cycle-prev=\"#cycloneslider-0815-sf-1 .cycloneslider-prev\" data-cycle-slides=\"&gt; div\" data-cycle-speed=\"1000\" data-cycle-swipe=\"1\" data-cycle-tile-count=\"7\" data-cycle-tile-delay=\"100\" data-cycle-tile-vertical=\"true\" data-cycle-timeout=\"4000\" > <div class=\"cycloneslider-slide cycloneslider-slide-image\" > <img src=\"https:\/\/www.nachhaltiger-einkauf.de\/wordpress\/wp-content\/uploads\/2021\/02\/WhatsApp-Image-2021-02-08-at-20.37.31-960x600.jpeg\" alt=\"\" title=\"\" \/> <div class=\"cycloneslider-caption\"> <div class=\"cycloneslider-caption-title\">Frisches Heu<\/div> <div class=\"cycloneslider-caption-description\">direkt vom Bauernhof<\/div> <\/div> <\/div> <div class=\"cycloneslider-slide cycloneslider-slide-image\" > <a class=\"cycloneslider-caption-more\" target=\"_blank\" href=\"https:\/\/www.tuetle.de\/\"> <img src=\"https:\/\/www.nachhaltiger-einkauf.de\/wordpress\/wp-content\/uploads\/2021\/01\/Bild-OstalbHeu-2-960x600.jpg\" alt=\"\" title=\"\" \/> <\/a> <div class=\"cycloneslider-caption\"> <div class=\"cycloneslider-caption-title\">Nachhaltig verpackt<\/div> <div class=\"cycloneslider-caption-description\">von Apomore - auf\u00b4s Bild tippen<\/div> <\/div> <\/div> <div class=\"cycloneslider-slide cycloneslider-slide-image\" > <img src=\"https:\/\/www.nachhaltiger-einkauf.de\/wordpress\/wp-content\/uploads\/2021\/02\/WhatsApp-Image-2021-02-08-at-20.37.18-960x600.jpeg\" alt=\"\" title=\"\" \/> <div class=\"cycloneslider-caption\"> <div class=\"cycloneslider-caption-title\">Sonnengetrocknet<\/div> <div class=\"cycloneslider-caption-description\">ohne Chemie<\/div> <\/div> <\/div> <\/div> <div class=\"cycloneslider-pager\"><\/div> <a href=\"#\" class=\"cycloneslider-prev\"> <span class=\"arrow\"><\/span> <\/a> <a href=\"#\" class=\"cycloneslider-next\"> <span class=\"arrow\"><\/span> <\/a> <\/div>\n<\/p>\n<p><\/p>\n<h2><strong>WARUM HEU?<\/strong><\/h2>\n<p><\/p>\n<p><\/p>\n<p>Die Wahl des ersten Produkts fiel sehr schnell. Viele Haushalte halten Kleintiere: von Hamster \u00fcber Kaninchen, Meerschweinchen oder M\u00e4use. Egal wie gro\u00df die Wohnung ist oder welcher Job ausge\u00fcbt wird, mehr als jeder dritte Haushalt hat Haustiere.<a href=\"https:\/\/de.statista.com\/statistik\/daten\/studie\/156836\/umfrage\/anzahl-der-haushalte-mit-haustieren-in-deutschland-2010\/\" target=\"_blank\" rel=\"noreferrer noopener\"> https:\/\/de.statista.com\/statistik\/daten\/studie\/156836\/umfrage\/anzahl-der-haushalte-mit-haustieren-in-deutschland-2010\/<\/a> (19.01.2021)<\/p>\n<p><\/p>\n<p><\/p>\n<p>Und eines habe all diese Tiere gemeinsam: Sie ben\u00f6tigen Nahrung, und zwar Heu. Dies soll am besten <strong>m\u00f6glichst gesund<\/strong>, <strong>umweltschonend <\/strong>und <strong>ohne k\u00fcnstliche Zusatzstoffe <\/strong>angebaut werden.<\/p>\n<p><\/p>\n<p><\/p>\n<p>Genau diese Idee griffen die Br\u00fcder auf und entwarfen ein Konzept, wie Sie das Heu m\u00f6glichst schonend und gesund anbauen und verkaufen k\u00f6nnen.<\/p>\n<p><\/p>\n<p><\/p>\n<p>Der Anbau des Heus erfolgt am Besten von extensiv bewirtschafteten Fl\u00e4chen, wie beispielsweise Streuobstwiesen. Zudem erfolgt der der Schnitt nur einmal je Jahr und dieser Schnitt wird per Handarbeit mit einem Messerbalken erledigt. Es wird darauf geachtet, dass der Anbau auf artenreichem Dauergr\u00fcnland erfolgt.<\/p>\n<p><\/p>\n<p><\/p>\n<p>Doch nicht nur der Inhalt, sondern auch das \u201eDrumherum\u201c soll nachhaltig werden. Schlie\u00dflich macht es keinen Sinn, Heu umweltschonend anzubauen und dies im selben Moment verpackt in Plastik zu verkaufen. Sowohl das, als auch den Fakt, dass Futtermittel in LKWs unn\u00f6tig durch das Land gefahren wird, soll laut den Br\u00fcdern nicht erfolgen. Schnell war klar: die Firma OstalbHeu soll regional produzieren, die Verpackung soll ebenfalls nachhaltig sein. Letzteres wird durch die Firma Apormore umgesetzt.<\/p>\n<p><\/p>\n<p><\/p>\n<p>Der Vertrieb des Produktes erfolgt lediglich in regionalen, station\u00e4ren L\u00e4den. Der Gartentreff in Ellwangen und Fressnapf in Aalen, Schorndorf und Schw\u00e4bisch-Gm\u00fcnd waren schnell bereit, die Ware in Ihren L\u00e4den auszustellen und zu verkaufen.<\/p>\n<p><\/p>\n<p><\/p>\n<h2><strong>WARUM UNS NACHHALTIGKEIT WICHTIG IST?!<\/strong><\/h2>\n<p><\/p>\n<p><\/p>\n<blockquote class=\"wp-block-quote is-style-large\">\n<p>Kleidung aus dem fernen Osten, Gem\u00fcse aus Spanien, Obst aus S\u00fcdamerika; unsere Produkte des t\u00e4glichen Lebens haben oft eine weite Reise hinter sich, bevor sie in unseren Einkaufstaschen landen\u2026aber ist das der richtige Weg? Kleine regionale Unternehmen die nachhaltig wirtschaften sind unsere Zukunft!<\/p>\n<p><cite>Philipp Scholz, Gr\u00fcnder von Scholz Futtermittel<\/cite><\/p><\/blockquote>\n<p><\/p>\n<p><\/p>\n<h2><strong>WARUM JETZT AUCH ONLINE?<\/strong><\/h2>\n<p><\/p>\n<p><\/p>\n<p>Am Anfang haben wir unser Heu nur privat verkauft. Nachdem wir gemerkt haben, dass dies immer besser l\u00e4uft und unsere Kunden sehr begeistert waren, haben wir uns erste station\u00e4re Vertriebspartner gesucht. Auch hier waren die Kunden begeistert und wir haben immer mehr Produkte verkauft.<\/p>\n<p><\/p>\n<p><\/p>\n<p>Als n\u00e4chsten Schritt haben wir die M\u00f6glichkeit gesucht, mit kleinen Schritten unsere Online-Pr\u00e4senz zu erweitern. Als ersten Step haben wir dies auf Instagram gemacht &#8211;  hier kannst findest du uns unter:<\/p>\n<p><\/p>\n<p><\/p>\n<p><strong><a href=\"https:\/\/www.instagram.com\/scholz_futtermittel\/\" target=\"_blank\" rel=\"noreferrer noopener\">scholz_futtermittel<\/a> (Gerne abbonieren und die Bilder Liken \ud83d\ude42 ). <\/strong><\/p>\n<p><\/p>\n<p><\/p>\n<p>Covid-19, auch als kleines Unternehmen Kontakte reduzieren und gemeinsam gegen die Pandemie.<\/p>\n<p><\/p>\n<p><\/p>\n<p>Auch junge Kunden ansprechen<\/p>\n<p><\/p>\n<p><\/p>\n<h2><strong>UNSERE PRODUKTE:<\/strong><\/h2>\n<p><\/p>\n<p><\/p>\n<p>Aktuell bieten wir unseren Kunden lediglich ein Produkt an.<\/p>\n<p><\/p>\n<p><\/p>\n<h5>750 Gramm: Kleintier-Heu<\/h5>\n<p><\/p>\n<p><\/p>\n<p>Das erste und bislang einzige Produkt von uns ist das praktisch verpackte Kleintier-Heu. 750 Gramm voller Vitamine, Kr\u00e4uter und das zu 100 % nat\u00fcrlich!<\/p>\n<p><\/p>\n<p><\/p>\n<figure class=\"wp-block-image size-large is-resized\"><a href=\"https:\/\/www.nachhaltiger-einkauf.de\/wordpress\/wp-content\/uploads\/2021\/01\/Bild-OstalbHeu-2.jpg\"><img loading=\"lazy\" src=\"https:\/\/www.nachhaltiger-einkauf.de\/wordpress\/wp-content\/uploads\/2021\/01\/Bild-OstalbHeu-2-1024x768.jpg\" alt=\"\" class=\"wp-image-6094\" width=\"579\" height=\"434\" srcset=\"https:\/\/www.nachhaltiger-einkauf.de\/wordpress\/wp-content\/uploads\/2021\/01\/Bild-OstalbHeu-2-1024x768.jpg 1024w, https:\/\/www.nachhaltiger-einkauf.de\/wordpress\/wp-content\/uploads\/2021\/01\/Bild-OstalbHeu-2-300x225.jpg 300w, https:\/\/www.nachhaltiger-einkauf.de\/wordpress\/wp-content\/uploads\/2021\/01\/Bild-OstalbHeu-2-768x576.jpg 768w, https:\/\/www.nachhaltiger-einkauf.de\/wordpress\/wp-content\/uploads\/2021\/01\/Bild-OstalbHeu-2-1536x1152.jpg 1536w, https:\/\/www.nachhaltiger-einkauf.de\/wordpress\/wp-content\/uploads\/2021\/01\/Bild-OstalbHeu-2.jpg 1600w\" sizes=\"(max-width: 579px) 100vw, 579px\" \/><\/a><figcaption>Kleintier-Heu, 750 Gramm<\/figcaption><\/figure>\n<p><\/p>\n<p><\/p>\n<p>\u2026weitere Produkte folgen in K\u00fcrze &#8211; STAY TUNED!<\/p>\n<p><\/p>\n<p><\/p>\n<figure class=\"wp-block-image size-large is-style-default\"><a href=\"https:\/\/www.nachhaltiger-einkauf.de\/wordpress\/wp-content\/uploads\/2021\/02\/Emma-1.jpg\"><img loading=\"lazy\" width=\"1024\" height=\"1024\" src=\"https:\/\/www.nachhaltiger-einkauf.de\/wordpress\/wp-content\/uploads\/2021\/02\/Emma-1-1024x1024.jpg\" alt=\"\" class=\"wp-image-6201\" srcset=\"https:\/\/www.nachhaltiger-einkauf.de\/wordpress\/wp-content\/uploads\/2021\/02\/Emma-1.jpg 1024w, https:\/\/www.nachhaltiger-einkauf.de\/wordpress\/wp-content\/uploads\/2021\/02\/Emma-1-300x300.jpg 300w, https:\/\/www.nachhaltiger-einkauf.de\/wordpress\/wp-content\/uploads\/2021\/02\/Emma-1-150x150.jpg 150w, https:\/\/www.nachhaltiger-einkauf.de\/wordpress\/wp-content\/uploads\/2021\/02\/Emma-1-768x768.jpg 768w, https:\/\/www.nachhaltiger-einkauf.de\/wordpress\/wp-content\/uploads\/2021\/02\/Emma-1-230x230.jpg 230w\" sizes=\"(max-width: 1024px) 100vw, 1024px\" \/><\/a><\/figure>\n<p><\/p>\n<p><\/p>\n<h2><strong>NEUGIERIG?<\/strong><\/h2>\n<p><\/p>\n<p><\/p>\n<p>Hast du noch weitere Fragen? Ben\u00f6tigst du Informationen zu unseren Produkten oder willst du f\u00fcr dein Tier nachhaltiges Futter kaufen?<\/p>\n<p><\/p>\n<p><\/p>\n<div class=\"wp-block-contact-form-7-contact-form-selector\"><div role=\"form\" class=\"wpcf7\" id=\"wpcf7-f6166-o1\" lang=\"de-DE\" dir=\"ltr\">\n<div class=\"screen-reader-response\"><p role=\"status\" aria-live=\"polite\" aria-atomic=\"true\"><\/p> <ul><\/ul><\/div>\n<form action=\"\/wordpress\/wp-json\/wp\/v2\/pages\/6127#wpcf7-f6166-o1\" method=\"post\" class=\"wpcf7-form init\" novalidate=\"novalidate\" data-status=\"init\">\n<div style=\"display: none;\">\n<input type=\"hidden\" name=\"_wpcf7\" value=\"6166\" \/>\n<input type=\"hidden\" name=\"_wpcf7_version\" value=\"5.3.2\" \/>\n<input type=\"hidden\" name=\"_wpcf7_locale\" value=\"de_DE\" \/>\n<input type=\"hidden\" name=\"_wpcf7_unit_tag\" value=\"wpcf7-f6166-o1\" \/>\n<input type=\"hidden\" name=\"_wpcf7_container_post\" value=\"0\" \/>\n<input type=\"hidden\" name=\"_wpcf7_posted_data_hash\" value=\"\" \/>\n<\/div>\n<p><label> Dein Name<br \/>\n    <span class=\"wpcf7-form-control-wrap your-name\"><input type=\"text\" name=\"your-name\" value=\"\" size=\"40\" class=\"wpcf7-form-control wpcf7-text wpcf7-validates-as-required\" aria-required=\"true\" aria-invalid=\"false\" \/><\/span> <\/label><\/p>\n<p><label> Deine E-Mail-Adresse<br \/>\n    <span class=\"wpcf7-form-control-wrap your-email\"><input type=\"email\" name=\"your-email\" value=\"\" size=\"40\" class=\"wpcf7-form-control wpcf7-text wpcf7-email wpcf7-validates-as-required wpcf7-validates-as-email\" aria-required=\"true\" aria-invalid=\"false\" \/><\/span> <\/label><\/p>\n<p><label> Betreff<br \/>\n    <span class=\"wpcf7-form-control-wrap your-subject\"><input type=\"text\" name=\"your-subject\" value=\"\" size=\"40\" class=\"wpcf7-form-control wpcf7-text wpcf7-validates-as-required\" aria-required=\"true\" aria-invalid=\"false\" \/><\/span> <\/label><\/p>\n<p><label> Deine Nachricht (optional)<br \/>\n    <span class=\"wpcf7-form-control-wrap your-message\"><textarea name=\"your-message\" cols=\"40\" rows=\"10\" class=\"wpcf7-form-control wpcf7-textarea\" aria-invalid=\"false\"><\/textarea><\/span> <\/label><\/p>\n<p><input type=\"submit\" value=\"Senden\" class=\"wpcf7-form-control wpcf7-submit\" \/><\/p>\n<div class=\"wpcf7-response-output\" aria-hidden=\"true\"><\/div><\/form><\/div><\/div>\n<p><\/p>\n<p><\/p>\n<p>Wir melden uns innerhalb der n\u00e4chsten 2 Arbeitstage bei dir!<\/p>\n<p><\/p>\n<p><\/p>\n<p><img src=\"http:\/\/api.qrserver.com\/v1\/create-qr-code\/?color=000000&amp;bgcolor=FFFFFF&amp;data=https%3A%2F%2Fwww.nachhaltiger-einkauf.de%2Fwordpress%2Feinkauf%2Fostalbheu&amp;qzone=1&amp;margin=0&amp;size=400x400&amp;ecc=L\" alt=\"qr code\"><\/p>\n<p><\/p>\n","protected":false},"excerpt":{"rendered":"<p>Was ist Scholz Futtermittel? Bauern, die die Wiesen und \u00c4cker ausbeuten, um m\u00f6glichst viel Ertrag aus den Pflanzen zu erhalten? Landwirte, die Felder d\u00fcngen, ohne dass dies zwingend notwendig ist? Ackerm\u00e4nner, die durch den Einsatz von Pestiziden f\u00fcr Insektensterben und&hellip; <\/p>\n","protected":false},"author":1,"featured_media":0,"parent":1483,"menu_order":0,"comment_status":"closed","ping_status":"closed","template":"","meta":[],"_links":{"self":[{"href":"https:\/\/www.nachhaltiger-einkauf.de\/wordpress\/wp-json\/wp\/v2\/pages\/6127"}],"collection":[{"href":"https:\/\/www.nachhaltiger-einkauf.de\/wordpress\/wp-json\/wp\/v2\/pages"}],"about":[{"href":"https:\/\/www.nachhaltiger-einkauf.de\/wordpress\/wp-json\/wp\/v2\/types\/page"}],"author":[{"embeddable":true,"href":"https:\/\/www.nachhaltiger-einkauf.de\/wordpress\/wp-json\/wp\/v2\/users\/1"}],"replies":[{"embeddable":true,"href":"https:\/\/www.nachhaltiger-einkauf.de\/wordpress\/wp-json\/wp\/v2\/comments?post=6127"}],"version-history":[{"count":31,"href":"https:\/\/www.nachhaltiger-einkauf.de\/wordpress\/wp-json\/wp\/v2\/pages\/6127\/revisions"}],"predecessor-version":[{"id":7149,"href":"https:\/\/www.nachhaltiger-einkauf.de\/wordpress\/wp-json\/wp\/v2\/pages\/6127\/revisions\/7149"}],"up":[{"embeddable":true,"href":"https:\/\/www.nachhaltiger-einkauf.de\/wordpress\/wp-json\/wp\/v2\/pages\/1483"}],"wp:attachment":[{"href":"https:\/\/www.nachhaltiger-einkauf.de\/wordpress\/wp-json\/wp\/v2\/media?parent=6127"}],"curies":[{"name":"wp","href":"https:\/\/api.w.org\/{rel}","templated":true}]}}