{"id":6923,"date":"2021-03-14T21:08:30","date_gmt":"2021-03-14T20:08:30","guid":{"rendered":"https:\/\/www.nachhaltiger-einkauf.de\/wordpress\/?page_id=6923"},"modified":"2021-04-18T10:00:46","modified_gmt":"2021-04-18T08:00:46","slug":"wie-verhalte-ich-mich-vor-ort-nachhaltig","status":"publish","type":"page","link":"https:\/\/www.nachhaltiger-einkauf.de\/wordpress\/wie-verhalte-ich-mich-vor-ort-nachhaltig","title":{"rendered":"Wie verhalte ich mich vor Ort nachhaltig?"},"content":{"rendered":"<p><\/p>\n<p>Nachhaltiges Reisen beginnt bereits beim Kofferpacken, reicht \u00fcber die Auswahl der geeigneten Unterk\u00fcnfte und betrifft nicht zuletzt das&nbsp;<strong><span class=\"has-inline-color has-vivid-green-cyan-color\">Verhalten vor Ort<\/span><\/strong>, die&nbsp;<strong><span class=\"has-inline-color has-vivid-green-cyan-color\">Unterst\u00fctzung der Einheimischen<\/span><\/strong>&nbsp;und die<strong>&nbsp;<\/strong><span class=\"has-inline-color has-vivid-green-cyan-color\"><strong>lokale Wertsch\u00f6pfung<\/strong>.<\/span><\/p>\n<p><\/p>\n<p><\/p>\n<p class=\"has-text-align-left\">Durch die folgenden einfachen Tipps kannst du erfolgreich dazu beitragen:<\/p>\n<p><\/p>\n<p><\/p>\n<p class=\"has-text-align-left\">Tipp Nummer 1: <strong>Esse und Kaufe lokal<\/strong>, um so nicht nur neue kulinarische Eindr\u00fccke zu bekommen, sondern auch die Einheimischen zu unterst\u00fctzen.<\/p>\n<p><\/p>\n<p><\/p>\n<p class=\"has-text-align-left\">Tipp Nummer 2: <strong>Spare Ressourcen in der Unterkunft und vermeide M\u00fcll,<\/strong>&nbsp;zum Beispiel durch den Einsatz von Edelstahlflaschen von Zuhause, statt t\u00e4glich f\u00fcnf Plastikflaschen zu verbrauchen.<\/p>\n<p><\/p>\n<p><\/p>\n<p class=\"has-text-align-left\">Tipp Nummer 3: <strong>Hinterlasse die Natur so, wie du sie vorgefunden hast<\/strong>. Noch besser: Nimm an sogenannten Clean-Up-Kampagnen vor Ort teil und trage so zur M\u00fcllbeseitigung bei.<\/p>\n<p><\/p>\n<p><\/p>\n<p class=\"has-text-align-left\">Tipp Nummer 4: Sag&nbsp;<strong>Nein zu Tierqu\u00e4lerei!<\/strong>&nbsp;In anderen L\u00e4ndern fehlen h\u00e4ufig strenge Gesetze gegen Tierqu\u00e4lerei. Beim nachhaltigen Reisen m\u00fcssen Shows, in denen Tiere vorgef\u00fchrt und offensichtlich nicht artgerecht behandelt werden, strengstens untersagt werden.<\/p>\n<p><\/p>\n<p><\/p>\n<p class=\"has-text-align-left\">Tipp Nummer 5: Der&nbsp;<strong>Austausch mit Einheimischen<\/strong>&nbsp;ist sehr wichtig. Du erh\u00e4ltst dadurch einen authentischen Blick in das Leben vor Ort, w\u00e4hrend die Einheimischen lernen k\u00f6nnen, wie sie den Tourismus positiv f\u00fcr sich nutzen k\u00f6nnen.<\/p>\n<p><\/p>\n<p><\/p>\n<figure class=\"wp-block-image size-large is-resized\"><a href=\"https:\/\/www.nachhaltiger-einkauf.de\/wordpress\/wp-content\/uploads\/2021\/03\/apples-1841132_1920.jpg\"><img loading=\"lazy\" src=\"https:\/\/www.nachhaltiger-einkauf.de\/wordpress\/wp-content\/uploads\/2021\/03\/apples-1841132_1920-1024x683.jpg\" alt=\"\" class=\"wp-image-6974\" width=\"286\" height=\"190\" srcset=\"https:\/\/www.nachhaltiger-einkauf.de\/wordpress\/wp-content\/uploads\/2021\/03\/apples-1841132_1920-1024x683.jpg 1024w, https:\/\/www.nachhaltiger-einkauf.de\/wordpress\/wp-content\/uploads\/2021\/03\/apples-1841132_1920-300x200.jpg 300w, https:\/\/www.nachhaltiger-einkauf.de\/wordpress\/wp-content\/uploads\/2021\/03\/apples-1841132_1920-768x512.jpg 768w, https:\/\/www.nachhaltiger-einkauf.de\/wordpress\/wp-content\/uploads\/2021\/03\/apples-1841132_1920-1536x1024.jpg 1536w, https:\/\/www.nachhaltiger-einkauf.de\/wordpress\/wp-content\/uploads\/2021\/03\/apples-1841132_1920.jpg 1920w\" sizes=\"(max-width: 286px) 100vw, 286px\" \/><\/a><\/figure>\n<p><\/p>\n<p><\/p>\n<figure class=\"wp-block-image size-large is-resized\"><a href=\"https:\/\/www.nachhaltiger-einkauf.de\/wordpress\/wp-content\/uploads\/2021\/03\/garbage-1713776_1920.jpg\"><img loading=\"lazy\" src=\"https:\/\/www.nachhaltiger-einkauf.de\/wordpress\/wp-content\/uploads\/2021\/03\/garbage-1713776_1920-1024x683.jpg\" alt=\"\" class=\"wp-image-6975\" width=\"288\" height=\"191\" srcset=\"https:\/\/www.nachhaltiger-einkauf.de\/wordpress\/wp-content\/uploads\/2021\/03\/garbage-1713776_1920-1024x683.jpg 1024w, https:\/\/www.nachhaltiger-einkauf.de\/wordpress\/wp-content\/uploads\/2021\/03\/garbage-1713776_1920-300x200.jpg 300w, https:\/\/www.nachhaltiger-einkauf.de\/wordpress\/wp-content\/uploads\/2021\/03\/garbage-1713776_1920-768x512.jpg 768w, https:\/\/www.nachhaltiger-einkauf.de\/wordpress\/wp-content\/uploads\/2021\/03\/garbage-1713776_1920-1536x1024.jpg 1536w, https:\/\/www.nachhaltiger-einkauf.de\/wordpress\/wp-content\/uploads\/2021\/03\/garbage-1713776_1920.jpg 1920w\" sizes=\"(max-width: 288px) 100vw, 288px\" \/><\/a><\/figure>\n<p><\/p>\n<p><\/p>\n<p>Quelle: <\/p>\n<p><\/p>\n<p><\/p>\n<p class=\"has-cyan-bluish-gray-color has-text-color\" style=\"font-size:10px\">https:\/\/www.planet-wissen.de\/gesellschaft\/tourismus\/nachhaltiges_reisen\/index.html<\/p>\n<p><\/p>\n<p><\/p>\n<p class=\"has-cyan-bluish-gray-color has-text-color\" style=\"font-size:10px\"><a href=\"https:\/\/pixabay.com\/de\/\">https:\/\/pixabay.com\/de\/<\/a><\/p>\n<p><\/p>\n","protected":false},"excerpt":{"rendered":"<p>Nachhaltiges Reisen beginnt bereits beim Kofferpacken, reicht \u00fcber die Auswahl der geeigneten Unterk\u00fcnfte und betrifft nicht zuletzt das&nbsp;Verhalten vor Ort, die&nbsp;Unterst\u00fctzung der Einheimischen&nbsp;und die&nbsp;lokale Wertsch\u00f6pfung. Durch die folgenden einfachen Tipps kannst du erfolgreich dazu beitragen: Tipp Nummer 1: Esse und&hellip; <\/p>\n","protected":false},"author":1,"featured_media":0,"parent":0,"menu_order":0,"comment_status":"closed","ping_status":"closed","template":"","meta":[],"_links":{"self":[{"href":"https:\/\/www.nachhaltiger-einkauf.de\/wordpress\/wp-json\/wp\/v2\/pages\/6923"}],"collection":[{"href":"https:\/\/www.nachhaltiger-einkauf.de\/wordpress\/wp-json\/wp\/v2\/pages"}],"about":[{"href":"https:\/\/www.nachhaltiger-einkauf.de\/wordpress\/wp-json\/wp\/v2\/types\/page"}],"author":[{"embeddable":true,"href":"https:\/\/www.nachhaltiger-einkauf.de\/wordpress\/wp-json\/wp\/v2\/users\/1"}],"replies":[{"embeddable":true,"href":"https:\/\/www.nachhaltiger-einkauf.de\/wordpress\/wp-json\/wp\/v2\/comments?post=6923"}],"version-history":[{"count":7,"href":"https:\/\/www.nachhaltiger-einkauf.de\/wordpress\/wp-json\/wp\/v2\/pages\/6923\/revisions"}],"predecessor-version":[{"id":7143,"href":"https:\/\/www.nachhaltiger-einkauf.de\/wordpress\/wp-json\/wp\/v2\/pages\/6923\/revisions\/7143"}],"wp:attachment":[{"href":"https:\/\/www.nachhaltiger-einkauf.de\/wordpress\/wp-json\/wp\/v2\/media?parent=6923"}],"curies":[{"name":"wp","href":"https:\/\/api.w.org\/{rel}","templated":true}]}}